{"id":484,"date":"2023-01-31T09:57:21","date_gmt":"2023-01-31T08:57:21","guid":{"rendered":"https:\/\/wordpress.nibis.de\/schadewe\/?page_id=484"},"modified":"2024-11-14T18:41:28","modified_gmt":"2024-11-14T17:41:28","slug":"eichhoernchen-auffangstation","status":"publish","type":"page","link":"https:\/\/wordpress.nibis.de\/schadewe\/eichhoernchen-auffangstation\/","title":{"rendered":"Eichh\u00f6rnchen Auffangstation"},"content":{"rendered":"\n<p id=\"block-3037d8bd-5fe8-4e89-b141-5994663570a1\">Am 14.7.21 sammelte die Klasse 6-8 frische Haseln\u00fcsse, um sie der Eichh\u00f6rnchen Auffangstation in Heinade-Hellenthal zu spenden. Hier werden von Frau C\u00f6ster verwaiste Eichh\u00f6rnchen aufgep\u00e4ppelt und medizinisch versorgt, damit sie wieder gesund und gest\u00e4rkt in die Weiten des Sollings entlassen werden k\u00f6nnen.<\/p>\n\n\n\n<figure class=\"wp-block-gallery has-nested-images columns-default is-cropped wp-block-gallery-1 is-layout-flex wp-block-gallery-is-layout-flex\">\n<figure class=\"wp-block-image size-full\"><img loading=\"lazy\" decoding=\"async\" width=\"2048\" height=\"1181\" data-id=\"381\" src=\"https:\/\/wordpress.nibis.de\/schadewe\/files\/2021\/09\/Homepage3-edited.jpg\" alt=\"\" class=\"wp-image-381\" srcset=\"https:\/\/wordpress.nibis.de\/schadewe\/files\/2021\/09\/Homepage3-edited.jpg 2048w, https:\/\/wordpress.nibis.de\/schadewe\/files\/2021\/09\/Homepage3-edited-768x443.jpg 768w, https:\/\/wordpress.nibis.de\/schadewe\/files\/2021\/09\/Homepage3-edited-1536x886.jpg 1536w, https:\/\/wordpress.nibis.de\/schadewe\/files\/2021\/09\/Homepage3-edited-468x270.jpg 468w\" sizes=\"auto, (max-width: 2048px) 100vw, 2048px\" \/><\/figure>\n\n\n\n<figure class=\"wp-block-image size-large\"><img loading=\"lazy\" decoding=\"async\" width=\"1080\" height=\"1080\" data-id=\"754\" src=\"https:\/\/wordpress.nibis.de\/schadewe\/files\/2024\/11\/Screenshot_20210906_180648_com.android.gallery3d-edited.jpg\" alt=\"\" class=\"wp-image-754\" srcset=\"https:\/\/wordpress.nibis.de\/schadewe\/files\/2024\/11\/Screenshot_20210906_180648_com.android.gallery3d-edited.jpg 1080w, https:\/\/wordpress.nibis.de\/schadewe\/files\/2024\/11\/Screenshot_20210906_180648_com.android.gallery3d-edited-768x768.jpg 768w, https:\/\/wordpress.nibis.de\/schadewe\/files\/2024\/11\/Screenshot_20210906_180648_com.android.gallery3d-edited-270x270.jpg 270w\" sizes=\"auto, (max-width: 1080px) 100vw, 1080px\" \/><\/figure>\n\n\n\n<figure class=\"wp-block-image size-full\"><img loading=\"lazy\" decoding=\"async\" width=\"2560\" height=\"1920\" data-id=\"387\" src=\"https:\/\/wordpress.nibis.de\/schadewe\/files\/2021\/09\/20210715_073355-scaled.jpg\" alt=\"\" class=\"wp-image-387\" srcset=\"https:\/\/wordpress.nibis.de\/schadewe\/files\/2021\/09\/20210715_073355-scaled.jpg 2560w, https:\/\/wordpress.nibis.de\/schadewe\/files\/2021\/09\/20210715_073355-768x576.jpg 768w, https:\/\/wordpress.nibis.de\/schadewe\/files\/2021\/09\/20210715_073355-1536x1152.jpg 1536w, https:\/\/wordpress.nibis.de\/schadewe\/files\/2021\/09\/20210715_073355-2048x1536.jpg 2048w, https:\/\/wordpress.nibis.de\/schadewe\/files\/2021\/09\/20210715_073355-360x270.jpg 360w\" sizes=\"auto, (max-width: 2560px) 100vw, 2560px\" \/><\/figure>\n\n\n\n<figure class=\"wp-block-image size-large\"><img loading=\"lazy\" decoding=\"async\" width=\"776\" height=\"1367\" data-id=\"383\" src=\"https:\/\/wordpress.nibis.de\/schadewe\/files\/2021\/09\/Homepage2.jpg\" alt=\"\" class=\"wp-image-383\" srcset=\"https:\/\/wordpress.nibis.de\/schadewe\/files\/2021\/09\/Homepage2.jpg 776w, https:\/\/wordpress.nibis.de\/schadewe\/files\/2021\/09\/Homepage2-768x1353.jpg 768w, https:\/\/wordpress.nibis.de\/schadewe\/files\/2021\/09\/Homepage2-153x270.jpg 153w\" sizes=\"auto, (max-width: 776px) 100vw, 776px\" \/><\/figure>\n<\/figure>\n\n\n\n<p><\/p>\n","protected":false},"excerpt":{"rendered":"<p>Am 14.7.21 sammelte die Klasse 6-8 frische Haseln\u00fcsse, um sie der Eichh\u00f6rnchen Auffangstation in Heinade-Hellenthal zu spenden. Hier werden von Frau C\u00f6ster verwaiste Eichh\u00f6rnchen aufgep\u00e4ppelt und medizinisch versorgt, damit sie wieder gesund und gest\u00e4rkt in die Weiten des Sollings entlassen werden k\u00f6nnen.<\/p>\n","protected":false},"author":9193575,"featured_media":0,"parent":0,"menu_order":0,"comment_status":"closed","ping_status":"closed","template":"","meta":{"footnotes":""},"class_list":["post-484","page","type-page","status-publish","hentry"],"_links":{"self":[{"href":"https:\/\/wordpress.nibis.de\/schadewe\/wp-json\/wp\/v2\/pages\/484","targetHints":{"allow":["GET"]}}],"collection":[{"href":"https:\/\/wordpress.nibis.de\/schadewe\/wp-json\/wp\/v2\/pages"}],"about":[{"href":"https:\/\/wordpress.nibis.de\/schadewe\/wp-json\/wp\/v2\/types\/page"}],"author":[{"embeddable":true,"href":"https:\/\/wordpress.nibis.de\/schadewe\/wp-json\/wp\/v2\/users\/9193575"}],"replies":[{"embeddable":true,"href":"https:\/\/wordpress.nibis.de\/schadewe\/wp-json\/wp\/v2\/comments?post=484"}],"version-history":[{"count":2,"href":"https:\/\/wordpress.nibis.de\/schadewe\/wp-json\/wp\/v2\/pages\/484\/revisions"}],"predecessor-version":[{"id":755,"href":"https:\/\/wordpress.nibis.de\/schadewe\/wp-json\/wp\/v2\/pages\/484\/revisions\/755"}],"wp:attachment":[{"href":"https:\/\/wordpress.nibis.de\/schadewe\/wp-json\/wp\/v2\/media?parent=484"}],"curies":[{"name":"wp","href":"https:\/\/api.w.org\/{rel}","templated":true}]}}