{"id":507,"date":"2023-01-31T19:46:22","date_gmt":"2023-01-31T18:46:22","guid":{"rendered":"https:\/\/wordpress.nibis.de\/schadewe\/?page_id=507"},"modified":"2024-11-14T19:30:16","modified_gmt":"2024-11-14T18:30:16","slug":"kunst-stuehle","status":"publish","type":"page","link":"https:\/\/wordpress.nibis.de\/schadewe\/kunst-stuehle\/","title":{"rendered":"Kunst-St\u00fchle"},"content":{"rendered":"\n<p>Die Sch\u00fcler der Klasse 8-9 haben alte St\u00fchle in Kunst-St\u00fchle verwandelt. Daf\u00fcr mussten die St\u00fchle zuerst mit Schleifpapier mit der Hand abgeschliffen werden. Anschlie\u00dfend hat jeder Sch\u00fcler eine Zeichnung von dem sp\u00e4teren Stuhl erstellt. Es gab viele Ideen. Danach wurden alle St\u00fchle bemalt und mit verschiedenen Materialien beklebt oder umwickelt. Jeder Sch\u00fcler hat einen kurzen Text \u00fcber seinen Stuhl geschrieben. Die Kunst-St\u00fchle sollen zun\u00e4chst in der Aula ausgestellt werden.<\/p>\n\n\n\n<figure class=\"wp-block-gallery has-nested-images columns-default is-cropped wp-block-gallery-1 is-layout-flex wp-block-gallery-is-layout-flex\">\n<figure class=\"wp-block-image size-full is-style-tw-frame\"><img loading=\"lazy\" decoding=\"async\" width=\"1808\" height=\"1803\" data-id=\"509\" src=\"https:\/\/wordpress.nibis.de\/schadewe\/files\/2023\/01\/20221103_093221-1.jpg\" alt=\"\" class=\"wp-image-509\" srcset=\"https:\/\/wordpress.nibis.de\/schadewe\/files\/2023\/01\/20221103_093221-1.jpg 1808w, https:\/\/wordpress.nibis.de\/schadewe\/files\/2023\/01\/20221103_093221-1-768x766.jpg 768w, https:\/\/wordpress.nibis.de\/schadewe\/files\/2023\/01\/20221103_093221-1-1536x1532.jpg 1536w, https:\/\/wordpress.nibis.de\/schadewe\/files\/2023\/01\/20221103_093221-1-271x270.jpg 271w\" sizes=\"auto, (max-width: 1808px) 100vw, 1808px\" \/><figcaption><strong>Die Planungen der Sch\u00fcler und Sch\u00fclerinnen <\/strong><\/figcaption><\/figure>\n<\/figure>\n\n\n\n<p><\/p>\n\n\n\n<p><strong>Auf den folgenden Bildern k\u00f6nnt ihr sehen, wie die St\u00fchle angefertigt wurden. <\/strong><\/p>\n\n\n\n<figure class=\"wp-block-gallery has-nested-images columns-default is-cropped wp-block-gallery-2 is-layout-flex wp-block-gallery-is-layout-flex\">\n<figure class=\"wp-block-image size-large\"><img loading=\"lazy\" decoding=\"async\" width=\"1244\" height=\"2560\" data-id=\"538\" src=\"https:\/\/wordpress.nibis.de\/schadewe\/files\/2023\/01\/20221117_111133-2-scaled.jpg\" alt=\"\" class=\"wp-image-538\" srcset=\"https:\/\/wordpress.nibis.de\/schadewe\/files\/2023\/01\/20221117_111133-2-scaled.jpg 1244w, https:\/\/wordpress.nibis.de\/schadewe\/files\/2023\/01\/20221117_111133-2-768x1580.jpg 768w, https:\/\/wordpress.nibis.de\/schadewe\/files\/2023\/01\/20221117_111133-2-747x1536.jpg 747w, https:\/\/wordpress.nibis.de\/schadewe\/files\/2023\/01\/20221117_111133-2-131x270.jpg 131w\" sizes=\"auto, (max-width: 1244px) 100vw, 1244px\" \/><\/figure>\n\n\n\n<figure class=\"wp-block-image size-large\"><img loading=\"lazy\" decoding=\"async\" width=\"1244\" height=\"2560\" data-id=\"514\" src=\"https:\/\/wordpress.nibis.de\/schadewe\/files\/2023\/01\/20221117_111022-scaled.jpg\" alt=\"\" class=\"wp-image-514\" srcset=\"https:\/\/wordpress.nibis.de\/schadewe\/files\/2023\/01\/20221117_111022-scaled.jpg 1244w, https:\/\/wordpress.nibis.de\/schadewe\/files\/2023\/01\/20221117_111022-768x1580.jpg 768w, https:\/\/wordpress.nibis.de\/schadewe\/files\/2023\/01\/20221117_111022-747x1536.jpg 747w, https:\/\/wordpress.nibis.de\/schadewe\/files\/2023\/01\/20221117_111022-131x270.jpg 131w\" sizes=\"auto, (max-width: 1244px) 100vw, 1244px\" \/><\/figure>\n\n\n\n<figure class=\"wp-block-image size-large\"><img loading=\"lazy\" decoding=\"async\" width=\"1244\" height=\"2560\" data-id=\"512\" src=\"https:\/\/wordpress.nibis.de\/schadewe\/files\/2023\/01\/20221110_112657-scaled.jpg\" alt=\"\" class=\"wp-image-512\" srcset=\"https:\/\/wordpress.nibis.de\/schadewe\/files\/2023\/01\/20221110_112657-scaled.jpg 1244w, https:\/\/wordpress.nibis.de\/schadewe\/files\/2023\/01\/20221110_112657-768x1580.jpg 768w, https:\/\/wordpress.nibis.de\/schadewe\/files\/2023\/01\/20221110_112657-747x1536.jpg 747w, https:\/\/wordpress.nibis.de\/schadewe\/files\/2023\/01\/20221110_112657-131x270.jpg 131w\" sizes=\"auto, (max-width: 1244px) 100vw, 1244px\" \/><\/figure>\n\n\n\n<figure class=\"wp-block-image size-large\"><img loading=\"lazy\" decoding=\"async\" width=\"1244\" height=\"2560\" data-id=\"523\" src=\"https:\/\/wordpress.nibis.de\/schadewe\/files\/2023\/01\/20221117_111114-1-scaled.jpg\" alt=\"\" class=\"wp-image-523\" srcset=\"https:\/\/wordpress.nibis.de\/schadewe\/files\/2023\/01\/20221117_111114-1-scaled.jpg 1244w, https:\/\/wordpress.nibis.de\/schadewe\/files\/2023\/01\/20221117_111114-1-768x1580.jpg 768w, https:\/\/wordpress.nibis.de\/schadewe\/files\/2023\/01\/20221117_111114-1-747x1536.jpg 747w, https:\/\/wordpress.nibis.de\/schadewe\/files\/2023\/01\/20221117_111114-1-131x270.jpg 131w\" sizes=\"auto, (max-width: 1244px) 100vw, 1244px\" \/><\/figure>\n\n\n\n<figure class=\"wp-block-image size-large\"><img loading=\"lazy\" decoding=\"async\" width=\"1244\" height=\"2560\" data-id=\"516\" src=\"https:\/\/wordpress.nibis.de\/schadewe\/files\/2023\/01\/20230112_111049-scaled.jpg\" alt=\"\" class=\"wp-image-516\" srcset=\"https:\/\/wordpress.nibis.de\/schadewe\/files\/2023\/01\/20230112_111049-scaled.jpg 1244w, https:\/\/wordpress.nibis.de\/schadewe\/files\/2023\/01\/20230112_111049-768x1580.jpg 768w, https:\/\/wordpress.nibis.de\/schadewe\/files\/2023\/01\/20230112_111049-747x1536.jpg 747w, https:\/\/wordpress.nibis.de\/schadewe\/files\/2023\/01\/20230112_111049-131x270.jpg 131w\" sizes=\"auto, (max-width: 1244px) 100vw, 1244px\" \/><\/figure>\n\n\n\n<figure class=\"wp-block-image size-large\"><img loading=\"lazy\" decoding=\"async\" width=\"1244\" height=\"2560\" data-id=\"535\" src=\"https:\/\/wordpress.nibis.de\/schadewe\/files\/2023\/01\/20230112_111101-1-scaled.jpg\" alt=\"\" class=\"wp-image-535\" srcset=\"https:\/\/wordpress.nibis.de\/schadewe\/files\/2023\/01\/20230112_111101-1-scaled.jpg 1244w, https:\/\/wordpress.nibis.de\/schadewe\/files\/2023\/01\/20230112_111101-1-768x1580.jpg 768w, https:\/\/wordpress.nibis.de\/schadewe\/files\/2023\/01\/20230112_111101-1-747x1536.jpg 747w, https:\/\/wordpress.nibis.de\/schadewe\/files\/2023\/01\/20230112_111101-1-131x270.jpg 131w\" sizes=\"auto, (max-width: 1244px) 100vw, 1244px\" \/><\/figure>\n\n\n\n<figure class=\"wp-block-image size-large\"><img loading=\"lazy\" decoding=\"async\" width=\"1244\" height=\"2560\" data-id=\"517\" src=\"https:\/\/wordpress.nibis.de\/schadewe\/files\/2023\/01\/20221117_111120-scaled.jpg\" alt=\"\" class=\"wp-image-517\" srcset=\"https:\/\/wordpress.nibis.de\/schadewe\/files\/2023\/01\/20221117_111120-scaled.jpg 1244w, https:\/\/wordpress.nibis.de\/schadewe\/files\/2023\/01\/20221117_111120-768x1580.jpg 768w, https:\/\/wordpress.nibis.de\/schadewe\/files\/2023\/01\/20221117_111120-747x1536.jpg 747w, https:\/\/wordpress.nibis.de\/schadewe\/files\/2023\/01\/20221117_111120-131x270.jpg 131w\" sizes=\"auto, (max-width: 1244px) 100vw, 1244px\" \/><\/figure>\n\n\n\n<figure class=\"wp-block-image size-large\"><img loading=\"lazy\" decoding=\"async\" width=\"1244\" height=\"2560\" data-id=\"519\" src=\"https:\/\/wordpress.nibis.de\/schadewe\/files\/2023\/01\/20230112_110958-scaled.jpg\" alt=\"\" class=\"wp-image-519\" srcset=\"https:\/\/wordpress.nibis.de\/schadewe\/files\/2023\/01\/20230112_110958-scaled.jpg 1244w, https:\/\/wordpress.nibis.de\/schadewe\/files\/2023\/01\/20230112_110958-768x1580.jpg 768w, https:\/\/wordpress.nibis.de\/schadewe\/files\/2023\/01\/20230112_110958-747x1536.jpg 747w, https:\/\/wordpress.nibis.de\/schadewe\/files\/2023\/01\/20230112_110958-131x270.jpg 131w\" sizes=\"auto, (max-width: 1244px) 100vw, 1244px\" \/><\/figure>\n\n\n\n<figure class=\"wp-block-image size-large\"><img loading=\"lazy\" decoding=\"async\" width=\"1244\" height=\"2560\" data-id=\"520\" src=\"https:\/\/wordpress.nibis.de\/schadewe\/files\/2023\/01\/20230112_111014-scaled.jpg\" alt=\"\" class=\"wp-image-520\" srcset=\"https:\/\/wordpress.nibis.de\/schadewe\/files\/2023\/01\/20230112_111014-scaled.jpg 1244w, https:\/\/wordpress.nibis.de\/schadewe\/files\/2023\/01\/20230112_111014-768x1580.jpg 768w, https:\/\/wordpress.nibis.de\/schadewe\/files\/2023\/01\/20230112_111014-747x1536.jpg 747w, https:\/\/wordpress.nibis.de\/schadewe\/files\/2023\/01\/20230112_111014-131x270.jpg 131w\" sizes=\"auto, (max-width: 1244px) 100vw, 1244px\" \/><\/figure>\n\n\n\n<figure class=\"wp-block-image size-large\"><img loading=\"lazy\" decoding=\"async\" width=\"1244\" height=\"2560\" data-id=\"515\" src=\"https:\/\/wordpress.nibis.de\/schadewe\/files\/2023\/01\/20221110_112635-scaled.jpg\" alt=\"\" class=\"wp-image-515\" srcset=\"https:\/\/wordpress.nibis.de\/schadewe\/files\/2023\/01\/20221110_112635-scaled.jpg 1244w, https:\/\/wordpress.nibis.de\/schadewe\/files\/2023\/01\/20221110_112635-768x1580.jpg 768w, https:\/\/wordpress.nibis.de\/schadewe\/files\/2023\/01\/20221110_112635-747x1536.jpg 747w, https:\/\/wordpress.nibis.de\/schadewe\/files\/2023\/01\/20221110_112635-131x270.jpg 131w\" sizes=\"auto, (max-width: 1244px) 100vw, 1244px\" \/><\/figure>\n\n\n\n<figure class=\"wp-block-image size-large\"><img loading=\"lazy\" decoding=\"async\" width=\"1244\" height=\"2560\" data-id=\"527\" src=\"https:\/\/wordpress.nibis.de\/schadewe\/files\/2023\/01\/20221110_112609-1-scaled.jpg\" alt=\"\" class=\"wp-image-527\" srcset=\"https:\/\/wordpress.nibis.de\/schadewe\/files\/2023\/01\/20221110_112609-1-scaled.jpg 1244w, https:\/\/wordpress.nibis.de\/schadewe\/files\/2023\/01\/20221110_112609-1-768x1580.jpg 768w, https:\/\/wordpress.nibis.de\/schadewe\/files\/2023\/01\/20221110_112609-1-747x1536.jpg 747w, https:\/\/wordpress.nibis.de\/schadewe\/files\/2023\/01\/20221110_112609-1-131x270.jpg 131w\" sizes=\"auto, (max-width: 1244px) 100vw, 1244px\" \/><\/figure>\n\n\n\n<figure class=\"wp-block-image size-large\"><img loading=\"lazy\" decoding=\"async\" width=\"1244\" height=\"2560\" data-id=\"518\" src=\"https:\/\/wordpress.nibis.de\/schadewe\/files\/2023\/01\/20221117_111435-scaled.jpg\" alt=\"\" class=\"wp-image-518\" srcset=\"https:\/\/wordpress.nibis.de\/schadewe\/files\/2023\/01\/20221117_111435-scaled.jpg 1244w, https:\/\/wordpress.nibis.de\/schadewe\/files\/2023\/01\/20221117_111435-768x1580.jpg 768w, https:\/\/wordpress.nibis.de\/schadewe\/files\/2023\/01\/20221117_111435-747x1536.jpg 747w, https:\/\/wordpress.nibis.de\/schadewe\/files\/2023\/01\/20221117_111435-131x270.jpg 131w\" sizes=\"auto, (max-width: 1244px) 100vw, 1244px\" \/><\/figure>\n<\/figure>\n\n\n\n<p><\/p>\n\n\n\n<p><strong>Nun k\u00f6nnt ihr die fertigen St\u00fchle betrachten. <\/strong><\/p>\n\n\n\n<figure class=\"wp-block-gallery has-nested-images columns-default is-cropped wp-block-gallery-3 is-layout-flex wp-block-gallery-is-layout-flex\">\n<figure class=\"wp-block-image size-full is-style-rounded\"><img loading=\"lazy\" decoding=\"async\" width=\"1244\" height=\"2560\" data-id=\"540\" src=\"https:\/\/wordpress.nibis.de\/schadewe\/files\/2023\/01\/20230119_122321-scaled.jpg\" alt=\"\" class=\"wp-image-540\" srcset=\"https:\/\/wordpress.nibis.de\/schadewe\/files\/2023\/01\/20230119_122321-scaled.jpg 1244w, https:\/\/wordpress.nibis.de\/schadewe\/files\/2023\/01\/20230119_122321-768x1580.jpg 768w, https:\/\/wordpress.nibis.de\/schadewe\/files\/2023\/01\/20230119_122321-747x1536.jpg 747w, https:\/\/wordpress.nibis.de\/schadewe\/files\/2023\/01\/20230119_122321-131x270.jpg 131w\" sizes=\"auto, (max-width: 1244px) 100vw, 1244px\" \/><\/figure>\n\n\n\n<figure class=\"wp-block-image size-full is-style-rounded\"><img loading=\"lazy\" decoding=\"async\" width=\"1244\" height=\"2560\" data-id=\"539\" src=\"https:\/\/wordpress.nibis.de\/schadewe\/files\/2023\/01\/20230119_122348-scaled.jpg\" alt=\"\" class=\"wp-image-539\" srcset=\"https:\/\/wordpress.nibis.de\/schadewe\/files\/2023\/01\/20230119_122348-scaled.jpg 1244w, https:\/\/wordpress.nibis.de\/schadewe\/files\/2023\/01\/20230119_122348-768x1580.jpg 768w, https:\/\/wordpress.nibis.de\/schadewe\/files\/2023\/01\/20230119_122348-747x1536.jpg 747w, https:\/\/wordpress.nibis.de\/schadewe\/files\/2023\/01\/20230119_122348-131x270.jpg 131w\" sizes=\"auto, (max-width: 1244px) 100vw, 1244px\" \/><\/figure>\n\n\n\n<figure class=\"wp-block-image size-full is-style-rounded\"><img loading=\"lazy\" decoding=\"async\" width=\"1244\" height=\"2560\" data-id=\"543\" src=\"https:\/\/wordpress.nibis.de\/schadewe\/files\/2023\/01\/20230119_122403-scaled.jpg\" alt=\"\" class=\"wp-image-543\" srcset=\"https:\/\/wordpress.nibis.de\/schadewe\/files\/2023\/01\/20230119_122403-scaled.jpg 1244w, https:\/\/wordpress.nibis.de\/schadewe\/files\/2023\/01\/20230119_122403-768x1580.jpg 768w, https:\/\/wordpress.nibis.de\/schadewe\/files\/2023\/01\/20230119_122403-747x1536.jpg 747w, https:\/\/wordpress.nibis.de\/schadewe\/files\/2023\/01\/20230119_122403-131x270.jpg 131w\" sizes=\"auto, (max-width: 1244px) 100vw, 1244px\" \/><\/figure>\n\n\n\n<figure class=\"wp-block-image size-full is-style-rounded\"><img loading=\"lazy\" decoding=\"async\" width=\"1244\" height=\"2560\" data-id=\"542\" src=\"https:\/\/wordpress.nibis.de\/schadewe\/files\/2023\/01\/20230124_131009-scaled.jpg\" alt=\"\" class=\"wp-image-542\" srcset=\"https:\/\/wordpress.nibis.de\/schadewe\/files\/2023\/01\/20230124_131009-scaled.jpg 1244w, https:\/\/wordpress.nibis.de\/schadewe\/files\/2023\/01\/20230124_131009-768x1580.jpg 768w, https:\/\/wordpress.nibis.de\/schadewe\/files\/2023\/01\/20230124_131009-747x1536.jpg 747w, https:\/\/wordpress.nibis.de\/schadewe\/files\/2023\/01\/20230124_131009-131x270.jpg 131w\" sizes=\"auto, (max-width: 1244px) 100vw, 1244px\" \/><\/figure>\n\n\n\n<figure class=\"wp-block-image size-full is-style-rounded\"><img loading=\"lazy\" decoding=\"async\" width=\"1244\" height=\"2560\" data-id=\"544\" src=\"https:\/\/wordpress.nibis.de\/schadewe\/files\/2023\/01\/20230124_131825-scaled.jpg\" alt=\"\" class=\"wp-image-544\" srcset=\"https:\/\/wordpress.nibis.de\/schadewe\/files\/2023\/01\/20230124_131825-scaled.jpg 1244w, https:\/\/wordpress.nibis.de\/schadewe\/files\/2023\/01\/20230124_131825-768x1580.jpg 768w, https:\/\/wordpress.nibis.de\/schadewe\/files\/2023\/01\/20230124_131825-747x1536.jpg 747w, https:\/\/wordpress.nibis.de\/schadewe\/files\/2023\/01\/20230124_131825-131x270.jpg 131w\" sizes=\"auto, (max-width: 1244px) 100vw, 1244px\" \/><\/figure>\n<\/figure>\n\n\n\n<p><\/p>\n\n\n\n<figure class=\"wp-block-gallery has-nested-images columns-default is-cropped wp-block-gallery-4 is-layout-flex wp-block-gallery-is-layout-flex\">\n<figure class=\"wp-block-image size-full is-style-tw-frame\"><img loading=\"lazy\" decoding=\"async\" width=\"2560\" height=\"1244\" data-id=\"541\" src=\"https:\/\/wordpress.nibis.de\/schadewe\/files\/2023\/01\/Stuehle-scaled.jpg\" alt=\"\" class=\"wp-image-541\" srcset=\"https:\/\/wordpress.nibis.de\/schadewe\/files\/2023\/01\/Stuehle-scaled.jpg 2560w, https:\/\/wordpress.nibis.de\/schadewe\/files\/2023\/01\/Stuehle-768x373.jpg 768w, https:\/\/wordpress.nibis.de\/schadewe\/files\/2023\/01\/Stuehle-1536x747.jpg 1536w, https:\/\/wordpress.nibis.de\/schadewe\/files\/2023\/01\/Stuehle-2048x996.jpg 2048w, https:\/\/wordpress.nibis.de\/schadewe\/files\/2023\/01\/Stuehle-555x270.jpg 555w\" sizes=\"auto, (max-width: 2560px) 100vw, 2560px\" \/><figcaption>Die Ausstellung in der Aula <\/figcaption><\/figure>\n<\/figure>\n\n\n\n<figure class=\"wp-block-gallery has-nested-images columns-default is-cropped wp-block-gallery-5 is-layout-flex wp-block-gallery-is-layout-flex\"><\/figure>\n","protected":false},"excerpt":{"rendered":"<p>Die Sch\u00fcler der Klasse 8-9 haben alte St\u00fchle in Kunst-St\u00fchle verwandelt. Daf\u00fcr mussten die St\u00fchle zuerst mit Schleifpapier mit der Hand abgeschliffen werden. Anschlie\u00dfend hat jeder Sch\u00fcler eine Zeichnung von dem sp\u00e4teren Stuhl erstellt. Es gab viele Ideen. Danach wurden alle St\u00fchle bemalt und mit verschiedenen Materialien beklebt oder umwickelt. Jeder Sch\u00fcler hat einen kurzen Text \u00fcber seinen Stuhl geschrieben. Die Kunst-St\u00fchle sollen zun\u00e4chst in der Aula ausgestellt werden. Auf den folgenden Bildern k\u00f6nnt ihr sehen, wie die St\u00fchle angefertigt&#8230;<\/p>\n<p class=\"read-more\"><a class=\"btn btn-default\" href=\"https:\/\/wordpress.nibis.de\/schadewe\/kunst-stuehle\/\">Weiterlesen<span class=\"screen-reader-text\"> Weiterlesen<\/span><\/a><\/p>\n","protected":false},"author":9193575,"featured_media":0,"parent":0,"menu_order":0,"comment_status":"closed","ping_status":"closed","template":"","meta":{"footnotes":""},"class_list":["post-507","page","type-page","status-publish","hentry"],"_links":{"self":[{"href":"https:\/\/wordpress.nibis.de\/schadewe\/wp-json\/wp\/v2\/pages\/507","targetHints":{"allow":["GET"]}}],"collection":[{"href":"https:\/\/wordpress.nibis.de\/schadewe\/wp-json\/wp\/v2\/pages"}],"about":[{"href":"https:\/\/wordpress.nibis.de\/schadewe\/wp-json\/wp\/v2\/types\/page"}],"author":[{"embeddable":true,"href":"https:\/\/wordpress.nibis.de\/schadewe\/wp-json\/wp\/v2\/users\/9193575"}],"replies":[{"embeddable":true,"href":"https:\/\/wordpress.nibis.de\/schadewe\/wp-json\/wp\/v2\/comments?post=507"}],"version-history":[{"count":3,"href":"https:\/\/wordpress.nibis.de\/schadewe\/wp-json\/wp\/v2\/pages\/507\/revisions"}],"predecessor-version":[{"id":776,"href":"https:\/\/wordpress.nibis.de\/schadewe\/wp-json\/wp\/v2\/pages\/507\/revisions\/776"}],"wp:attachment":[{"href":"https:\/\/wordpress.nibis.de\/schadewe\/wp-json\/wp\/v2\/media?parent=507"}],"curies":[{"name":"wp","href":"https:\/\/api.w.org\/{rel}","templated":true}]}}