{"id":615,"date":"2024-02-04T21:07:42","date_gmt":"2024-02-04T20:07:42","guid":{"rendered":"https:\/\/wordpress.nibis.de\/schadewe\/?page_id=615"},"modified":"2024-02-04T21:07:43","modified_gmt":"2024-02-04T20:07:43","slug":"foerderverein","status":"publish","type":"page","link":"https:\/\/wordpress.nibis.de\/schadewe\/foerderverein\/","title":{"rendered":"F\u00f6rderverein"},"content":{"rendered":"\n<p><em><strong>Aufgaben und Ziele des F\u00f6rdervereins<\/strong><\/em><\/p>\n\n\n\n<p>* Unterst\u00fctzung von Ma\u00dfnamen, die der Chancengleichheit aller Sch\u00fcler dienen <\/p>\n\n\n\n<p>* Werbung in der \u00d6ffentlichkeit f\u00fcr ein besseres Verst\u00e4ndnis gegen\u00fcber den besonderen Problemen von Menschen mit Behinderung <\/p>\n\n\n\n<p>* F\u00f6rderung von Gemeinschaftsveranstaltungen und Arbeitsgemeinschaften mit schulischen und au\u00dferdschjulischen Inhalten <\/p>\n\n\n\n<p>* Zusammenschluss von Eltern, Lehrern, Mitarbeitern und Kindern der Schule <\/p>\n\n\n\n<p>* Werbung um Unterst\u00fctzung und Spenden<\/p>\n\n\n\n<p><em><strong>Aktivit\u00e4ten und Erfolge<\/strong><\/em><\/p>\n\n\n\n<p>* Beschaffung von Unterrichtsgegenst\u00e4nden, Computer-Lernspiele und Therapiematerialien <\/p>\n\n\n\n<p>* F\u00f6rderung des Schulgartens <\/p>\n\n\n\n<p>* Finanzielle Unterst\u00fctzung bei au\u00dferschulischen Aktivit\u00e4ten, die zur F\u00f6rderung der Kinder beitragen <\/p>\n\n\n\n<p>* Informiert \u00fcber Ma\u00dfnahmen und Aktivit\u00e4ten und sorgt f\u00fcr ein besseres Verst\u00e4ndnis f\u00fcr unsere Sch\u00fcler in der \u00d6ffentlichkeit <\/p>\n\n\n\n<p>* Bereitstellung von finanziellen Mitteln, wenn die Finanzierung mit vorhandenen Mitteln nicht gesichert ist<\/p>\n\n\n\n<p><strong><em>Folgende Projekte wurden 2023 d\u00fcrch den F\u00f6rderverein unterst\u00fctzt<\/em><\/strong><\/p>\n\n\n\n<p>* Materialien f\u00fcr ein Kunstprojekt <\/p>\n\n\n\n<p>* Sweatshirts f\u00fcr die Abschluss-Sch\u00fclerinnen und Sch\u00fcler<\/p>\n\n\n\n<p> * Ipads f\u00fcr die Sekundarstufe I <\/p>\n\n\n\n<p>* Sprachf\u00f6rder-Koffer <\/p>\n\n\n\n<p>* Fahrtkosten f\u00fcr die Fahrt zum GOP Theater nach Hannover <\/p>\n\n\n\n<p>* B\u00fccheranschaffungen <\/p>\n\n\n\n<p>* Fahrradanschaffungen<\/p>\n\n\n\n<figure class=\"wp-block-image size-full is-style-tw-rounded-corners\"><img loading=\"lazy\" decoding=\"async\" width=\"2560\" height=\"1810\" src=\"https:\/\/wordpress.nibis.de\/schadewe\/files\/2024\/02\/Scannen-1-scaled.jpeg\" alt=\"\" class=\"wp-image-616\" srcset=\"https:\/\/wordpress.nibis.de\/schadewe\/files\/2024\/02\/Scannen-1-scaled.jpeg 2560w, https:\/\/wordpress.nibis.de\/schadewe\/files\/2024\/02\/Scannen-1-768x543.jpeg 768w, https:\/\/wordpress.nibis.de\/schadewe\/files\/2024\/02\/Scannen-1-1536x1086.jpeg 1536w, https:\/\/wordpress.nibis.de\/schadewe\/files\/2024\/02\/Scannen-1-2048x1448.jpeg 2048w, https:\/\/wordpress.nibis.de\/schadewe\/files\/2024\/02\/Scannen-1-382x270.jpeg 382w\" sizes=\"auto, (max-width: 2560px) 100vw, 2560px\" \/><\/figure>\n\n\n\n<figure class=\"wp-block-image size-full is-style-tw-rounded-corners\"><img loading=\"lazy\" decoding=\"async\" width=\"2560\" height=\"1810\" src=\"https:\/\/wordpress.nibis.de\/schadewe\/files\/2024\/02\/Scannen-2-scaled.jpeg\" alt=\"\" class=\"wp-image-617\" srcset=\"https:\/\/wordpress.nibis.de\/schadewe\/files\/2024\/02\/Scannen-2-scaled.jpeg 2560w, https:\/\/wordpress.nibis.de\/schadewe\/files\/2024\/02\/Scannen-2-768x543.jpeg 768w, https:\/\/wordpress.nibis.de\/schadewe\/files\/2024\/02\/Scannen-2-1536x1086.jpeg 1536w, https:\/\/wordpress.nibis.de\/schadewe\/files\/2024\/02\/Scannen-2-2048x1448.jpeg 2048w, https:\/\/wordpress.nibis.de\/schadewe\/files\/2024\/02\/Scannen-2-382x270.jpeg 382w\" sizes=\"auto, (max-width: 2560px) 100vw, 2560px\" \/><\/figure>\n","protected":false},"excerpt":{"rendered":"<p>Aufgaben und Ziele des F\u00f6rdervereins * Unterst\u00fctzung von Ma\u00dfnamen, die der Chancengleichheit aller Sch\u00fcler dienen * Werbung in der \u00d6ffentlichkeit f\u00fcr ein besseres Verst\u00e4ndnis gegen\u00fcber den besonderen Problemen von Menschen mit Behinderung * F\u00f6rderung von Gemeinschaftsveranstaltungen und Arbeitsgemeinschaften mit schulischen und au\u00dferdschjulischen Inhalten * Zusammenschluss von Eltern, Lehrern, Mitarbeitern und Kindern der Schule * Werbung um Unterst\u00fctzung und Spenden Aktivit\u00e4ten und Erfolge * Beschaffung von Unterrichtsgegenst\u00e4nden, Computer-Lernspiele und Therapiematerialien * F\u00f6rderung des Schulgartens * Finanzielle Unterst\u00fctzung bei au\u00dferschulischen Aktivit\u00e4ten, die&#8230;<\/p>\n<p class=\"read-more\"><a class=\"btn btn-default\" href=\"https:\/\/wordpress.nibis.de\/schadewe\/foerderverein\/\">Weiterlesen<span class=\"screen-reader-text\"> Weiterlesen<\/span><\/a><\/p>\n","protected":false},"author":9193575,"featured_media":0,"parent":0,"menu_order":0,"comment_status":"closed","ping_status":"closed","template":"","meta":{"footnotes":""},"class_list":["post-615","page","type-page","status-publish","hentry"],"_links":{"self":[{"href":"https:\/\/wordpress.nibis.de\/schadewe\/wp-json\/wp\/v2\/pages\/615","targetHints":{"allow":["GET"]}}],"collection":[{"href":"https:\/\/wordpress.nibis.de\/schadewe\/wp-json\/wp\/v2\/pages"}],"about":[{"href":"https:\/\/wordpress.nibis.de\/schadewe\/wp-json\/wp\/v2\/types\/page"}],"author":[{"embeddable":true,"href":"https:\/\/wordpress.nibis.de\/schadewe\/wp-json\/wp\/v2\/users\/9193575"}],"replies":[{"embeddable":true,"href":"https:\/\/wordpress.nibis.de\/schadewe\/wp-json\/wp\/v2\/comments?post=615"}],"version-history":[{"count":1,"href":"https:\/\/wordpress.nibis.de\/schadewe\/wp-json\/wp\/v2\/pages\/615\/revisions"}],"predecessor-version":[{"id":618,"href":"https:\/\/wordpress.nibis.de\/schadewe\/wp-json\/wp\/v2\/pages\/615\/revisions\/618"}],"wp:attachment":[{"href":"https:\/\/wordpress.nibis.de\/schadewe\/wp-json\/wp\/v2\/media?parent=615"}],"curies":[{"name":"wp","href":"https:\/\/api.w.org\/{rel}","templated":true}]}}