{"id":2081,"date":"2021-10-22T15:00:38","date_gmt":"2021-10-22T13:00:38","guid":{"rendered":"https:\/\/wordpress.nibis.de\/schunter\/?page_id=2081"},"modified":"2025-08-11T15:26:01","modified_gmt":"2025-08-11T13:26:01","slug":"paedagogische-mitarbeiterinnen","status":"publish","type":"page","link":"https:\/\/wordpress.nibis.de\/schunter\/startseite\/paedagogische-mitarbeiterinnen\/","title":{"rendered":"P\u00e4dagogische Mitarbeiterinnen"},"content":{"rendered":"\n<h3><span style=\"background-color: #ccffff\">&#8230; in der &#8222;Verl\u00e4sslichen Grundschule&#8220;<\/span><\/h3>\n<ul>\n<li>Sabine Brennemann<\/li>\n<li>Beatrix Deutsch<\/li>\n<li>Sigrid Wagner-Theobald<\/li>\n<\/ul>\n<h3><span style=\"background-color: #ccffff\">&#8230; in der &#8222;Offenen Ganztagsschule&#8220;<\/span><\/h3>\n<ul>\n<li>Svetlana Abel (Koordinatorin)<\/li>\n<li>Darya Bocken<\/li>\n<li>Beatrix Buchwald<\/li>\n<li>Madeleine Georgiou<\/li>\n<li>Sajoscha Gr\u00f6ger<\/li>\n<li>Susanne Haase<\/li>\n<li>Annette Kr\u00f6hl<\/li>\n<li>Doreen Rehburg<\/li>\n<li>Vladimir Schljonkin<\/li>\n<li>Lena Schneider<\/li>\n<li>Martina Sch\u00f6nfelder<\/li>\n<li>Isabella Song<\/li>\n<\/ul>\n\n\n\n<div class=\"wp-block-columns is-layout-flex wp-container-core-columns-is-layout-abceabcf wp-block-columns-is-layout-flex\">\n<div class=\"wp-block-column is-layout-flow wp-block-column-is-layout-flow\"><\/div>\n<\/div>\n\n\n","protected":false},"excerpt":{"rendered":"<p>&#8230; in der &#8222;Verl\u00e4sslichen Grundschule&#8220; Sabine Brennemann Beatrix Deutsch Sigrid Wagner-Theobald &#8230; in der &#8222;Offenen Ganztagsschule&#8220; Svetlana Abel (Koordinatorin) Darya Bocken Beatrix Buchwald Madeleine Georgiou Sajoscha Gr\u00f6ger Susanne Haase Annette Kr\u00f6hl Doreen Rehburg Vladimir Schljonkin Lena Schneider Martina Sch\u00f6nfelder Isabella Song<\/p>\n","protected":false},"author":9192206,"featured_media":0,"parent":45,"menu_order":0,"comment_status":"closed","ping_status":"closed","template":"","meta":{"footnotes":""},"class_list":["post-2081","page","type-page","status-publish","hentry"],"_links":{"self":[{"href":"https:\/\/wordpress.nibis.de\/schunter\/wp-json\/wp\/v2\/pages\/2081","targetHints":{"allow":["GET"]}}],"collection":[{"href":"https:\/\/wordpress.nibis.de\/schunter\/wp-json\/wp\/v2\/pages"}],"about":[{"href":"https:\/\/wordpress.nibis.de\/schunter\/wp-json\/wp\/v2\/types\/page"}],"author":[{"embeddable":true,"href":"https:\/\/wordpress.nibis.de\/schunter\/wp-json\/wp\/v2\/users\/9192206"}],"replies":[{"embeddable":true,"href":"https:\/\/wordpress.nibis.de\/schunter\/wp-json\/wp\/v2\/comments?post=2081"}],"version-history":[{"count":9,"href":"https:\/\/wordpress.nibis.de\/schunter\/wp-json\/wp\/v2\/pages\/2081\/revisions"}],"predecessor-version":[{"id":2610,"href":"https:\/\/wordpress.nibis.de\/schunter\/wp-json\/wp\/v2\/pages\/2081\/revisions\/2610"}],"up":[{"embeddable":true,"href":"https:\/\/wordpress.nibis.de\/schunter\/wp-json\/wp\/v2\/pages\/45"}],"wp:attachment":[{"href":"https:\/\/wordpress.nibis.de\/schunter\/wp-json\/wp\/v2\/media?parent=2081"}],"curies":[{"name":"wp","href":"https:\/\/api.w.org\/{rel}","templated":true}]}}