{"id":2140,"date":"2021-10-22T18:42:39","date_gmt":"2021-10-22T16:42:39","guid":{"rendered":"https:\/\/wordpress.nibis.de\/schunter\/?page_id=2140"},"modified":"2021-10-22T18:43:08","modified_gmt":"2021-10-22T16:43:08","slug":"leitbild","status":"publish","type":"page","link":"https:\/\/wordpress.nibis.de\/schunter\/startseite\/leitbild\/","title":{"rendered":"Leitbild"},"content":{"rendered":"\n<table style=\"border-collapse: collapse;width: 100%\">\n<tbody>\n<tr>\n<td style=\"width: 100%\">\n<p>Wir sind eine Schule, die die Sch\u00fclerinnen und Sch\u00fcler besonders in den Bereichen Gesundheit, Bewegung, Naturwissenschaften sowie musisch-kulturelle Bildung f\u00f6rdert.<\/p>\n<\/td>\n<\/tr>\n<tr>\n<td style=\"width: 100%\">\n<p>Wir legen Wert darauf, dass unsere Sch\u00fclerinnen und Sch\u00fcler Anstrengungs- und Lernbereitschaft entwickeln und Verantwortung f\u00fcr sich und ihre Mitsch\u00fcler und Mitsch\u00fclerinnen \u00fcbernehmen.<\/p>\n<\/td>\n<\/tr>\n<tr>\n<td style=\"width: 100%\">\n<p>Unser Ziel ist es, dass die Sch\u00fclerinnen und Sch\u00fcler selbstst\u00e4ndig und eigenverantwortlich in einer lernf\u00f6rderlichen Atmosph\u00e4re arbeiten.<\/p>\n<\/td>\n<\/tr>\n<tr>\n<td style=\"width: 100%\">\n<p>Wir pflegen die Kooperation mit au\u00dferschulischen Lernorten und Beratungsstellen.<\/p>\n<\/td>\n<\/tr>\n<tr>\n<td style=\"width: 100%\">\n<p>Die enge Zusammenarbeit aller an unserer Schule beteiligten Personen ist uns wichtig.<\/p>\n<\/td>\n<\/tr>\n<\/tbody>\n<\/table>\n","protected":false},"excerpt":{"rendered":"<p>Wir sind eine Schule, die die Sch\u00fclerinnen und Sch\u00fcler besonders in den Bereichen Gesundheit, Bewegung, Naturwissenschaften sowie musisch-kulturelle Bildung f\u00f6rdert. Wir legen Wert darauf, dass unsere Sch\u00fclerinnen und Sch\u00fcler Anstrengungs- und Lernbereitschaft entwickeln und Verantwortung f\u00fcr sich und ihre Mitsch\u00fcler und Mitsch\u00fclerinnen \u00fcbernehmen. Unser Ziel ist es, dass die Sch\u00fclerinnen und Sch\u00fcler selbstst\u00e4ndig und eigenverantwortlich [&hellip;]<\/p>\n","protected":false},"author":9192206,"featured_media":0,"parent":45,"menu_order":0,"comment_status":"closed","ping_status":"closed","template":"","meta":{"footnotes":""},"class_list":["post-2140","page","type-page","status-publish","hentry"],"_links":{"self":[{"href":"https:\/\/wordpress.nibis.de\/schunter\/wp-json\/wp\/v2\/pages\/2140","targetHints":{"allow":["GET"]}}],"collection":[{"href":"https:\/\/wordpress.nibis.de\/schunter\/wp-json\/wp\/v2\/pages"}],"about":[{"href":"https:\/\/wordpress.nibis.de\/schunter\/wp-json\/wp\/v2\/types\/page"}],"author":[{"embeddable":true,"href":"https:\/\/wordpress.nibis.de\/schunter\/wp-json\/wp\/v2\/users\/9192206"}],"replies":[{"embeddable":true,"href":"https:\/\/wordpress.nibis.de\/schunter\/wp-json\/wp\/v2\/comments?post=2140"}],"version-history":[{"count":1,"href":"https:\/\/wordpress.nibis.de\/schunter\/wp-json\/wp\/v2\/pages\/2140\/revisions"}],"predecessor-version":[{"id":2141,"href":"https:\/\/wordpress.nibis.de\/schunter\/wp-json\/wp\/v2\/pages\/2140\/revisions\/2141"}],"up":[{"embeddable":true,"href":"https:\/\/wordpress.nibis.de\/schunter\/wp-json\/wp\/v2\/pages\/45"}],"wp:attachment":[{"href":"https:\/\/wordpress.nibis.de\/schunter\/wp-json\/wp\/v2\/media?parent=2140"}],"curies":[{"name":"wp","href":"https:\/\/api.w.org\/{rel}","templated":true}]}}