{"id":2266,"date":"2022-09-25T19:16:33","date_gmt":"2022-09-25T17:16:33","guid":{"rendered":"https:\/\/wordpress.nibis.de\/schunter\/?page_id=2266"},"modified":"2026-01-22T09:23:12","modified_gmt":"2026-01-22T08:23:12","slug":"arbeitsgemeinschaften-am-montag","status":"publish","type":"page","link":"https:\/\/wordpress.nibis.de\/schunter\/offene-ganztagsschule\/arbeitsgemeinschaften-am-montag\/","title":{"rendered":"Arbeitsgemeinschaften am Montag"},"content":{"rendered":"\n\n\n<h2 class=\"wp-block-heading\">Hauptstandort Flechtorf<\/h2>\n\n\n\n<div class=\"wp-block-columns is-layout-flex wp-container-core-columns-is-layout-abceabcf wp-block-columns-is-layout-flex\">\n<div class=\"wp-block-column is-layout-flow wp-block-column-is-layout-flow\" style=\"--col-width:40%;flex-basis:40%\">\n<ul style=\"font-size:24px\" class=\"wp-block-list is-style-tw-arrow\">\n<li><span style=\"background-color: #ccffff\">Bauen und Basteln mit Holz<\/span><\/li>\n<\/ul>\n<\/div>\n\n\n\n<div class=\"wp-block-column is-layout-flow wp-block-column-is-layout-flow\" style=\"--col-width:60%;flex-basis:60%\">\n<p>Die Kinder bauen und basteln jede Stunde mit Holz, Wolle, Dekoration- und Acrylfarben. Im Vordergrund steht dabei die Arbeit mit Holz.<\/p>\n<\/div>\n<\/div>\n\n\n\n<div class=\"wp-block-columns is-layout-flex wp-container-core-columns-is-layout-abceabcf wp-block-columns-is-layout-flex\">\n<div class=\"wp-block-column is-layout-flow wp-block-column-is-layout-flow\" style=\"--col-width:40%;flex-basis:40%\">\n<ul style=\"font-size:24px\" class=\"wp-block-list is-style-tw-arrow\">\n<li><span style=\"background-color: #ccffff\">Freispiel<\/span><\/li>\n<\/ul>\n<\/div>\n\n\n\n<div class=\"wp-block-column is-layout-flow wp-block-column-is-layout-flow\" style=\"--col-width:60%;flex-basis:60%\">\n<p>Konzentrations-, Geschicklichkeits- und Ausdauerspiele werden in dieser AG durchgef\u00fchrt.<br>Gesellschaftsspiele und andere Aktivit\u00e4ten f\u00f6rdern die soziale Kompetenz und die gesamte Pers\u00f6nlichkeit in ihrer Entwicklung.<\/p>\n<\/div>\n<\/div>\n\n\n\n<div class=\"wp-block-columns is-layout-flex wp-container-core-columns-is-layout-abceabcf wp-block-columns-is-layout-flex\">\n<div class=\"wp-block-column is-layout-flow wp-block-column-is-layout-flow\" style=\"--col-width:40%;flex-basis:40%\">\n<ul style=\"font-size:24px\" class=\"wp-block-list is-style-tw-arrow\">\n<li><span style=\"background-color: #ccffff\">Fu\u00dfball<\/span><\/li>\n<\/ul>\n<\/div>\n\n\n\n<div class=\"wp-block-column is-layout-flow wp-block-column-is-layout-flow\" style=\"--col-width:60%;flex-basis:60%\">\n<p>Wir spielen und trainieren Fu\u00dfball, lernen die Regeln kennen und festigen diesen. Au\u00dferdem schulen wir unsere Spiel- und Schusstechnik.<\/p>\n<\/div>\n<\/div>\n\n\n\n<div class=\"wp-block-columns is-layout-flex wp-container-core-columns-is-layout-abceabcf wp-block-columns-is-layout-flex\">\n<div class=\"wp-block-column is-layout-flow wp-block-column-is-layout-flow\" style=\"--col-width:40%;flex-basis:40%\">\n<ul style=\"font-size:24px\" class=\"wp-block-list is-style-tw-arrow\">\n<li><span style=\"background-color: #ccffff\">Kinderyoga und Entspannung<\/span><\/li>\n<\/ul>\n<\/div>\n\n\n\n<div class=\"wp-block-column is-layout-flow wp-block-column-is-layout-flow\" style=\"--col-width:60%;flex-basis:60%\">\n<p>Die Kinder lernen spielerisch Yoga-\u00dcbungen, die Spa\u00df machen und den K\u00f6rper st\u00e4rken. Au\u00dferdem entdecken wir einfache Entspannungstechniken, die helfen, ruhig und ausgeglichen zu bleiben. Zusammen atmen, dehnen und entspannen wir \u2013 f\u00fcr mehr Gelassenheit und Wohlgef\u00fchl!Kleine \u00dcbungen zum Meditieren.<\/p>\n<\/div>\n<\/div>\n\n\n\n<div class=\"wp-block-columns is-layout-flex wp-container-core-columns-is-layout-abceabcf wp-block-columns-is-layout-flex\">\n<div class=\"wp-block-column is-layout-flow wp-block-column-is-layout-flow\" style=\"--col-width:40%;flex-basis:40%\">\n<ul style=\"font-size:22px\" class=\"wp-block-list is-style-tw-arrow\">\n<li><span style=\"background-color: #ccffff\">L\u00e4nder<\/span><\/li>\n<\/ul>\n<\/div>\n\n\n\n<div class=\"wp-block-column is-layout-flow wp-block-column-is-layout-flow\" style=\"--col-width:60%;flex-basis:60%\">\n<p>In der L\u00e4nder-AG entdecken Kinder verschiedene L\u00e4nder der Welt. Sie lernen spannende Fakten \u00fcber Kulturen, Sprachen, Essen und ber\u00fchmte Orte kennen. Durch Spiele, Bastelaktionen und kleine Projekte reisen wir gemeinsam um die Welt \u2013 ganz ohne Koffer.<\/p>\n<\/div>\n<\/div>\n\n\n\n<div class=\"wp-block-columns is-layout-flex wp-container-core-columns-is-layout-abceabcf wp-block-columns-is-layout-flex\">\n<div class=\"wp-block-column is-layout-flow wp-block-column-is-layout-flow\" style=\"--col-width:40%;flex-basis:40%\">\n<ul style=\"font-size:22px\" class=\"wp-block-list is-style-tw-arrow\">\n<li><span style=\"background-color: #ccffff\">Schmuck herstellen<\/span><\/li>\n<\/ul>\n<\/div>\n\n\n\n<div class=\"wp-block-column is-layout-flow wp-block-column-is-layout-flow\" style=\"--col-width:60%;flex-basis:60%\">\n<p>Aus Steinen, Holzperlen, Draht etc. Anh\u00e4nger, Ketten und Armb\u00e4nder basteln.<\/p>\n<\/div>\n<\/div>\n\n\n\n<h2 class=\"wp-block-heading\">Au\u00dfenstelle Essenrode<\/h2>\n\n\n\n<div class=\"wp-block-columns is-layout-flex wp-container-core-columns-is-layout-abceabcf wp-block-columns-is-layout-flex\">\n<div class=\"wp-block-column is-layout-flow wp-block-column-is-layout-flow\" style=\"--col-width:40%;flex-basis:40%\">\n<ul style=\"font-size:24px\" class=\"wp-block-list is-style-tw-arrow\">\n<li><span style=\"background-color: #ccffff\">Freispiel<\/span><\/li>\n<\/ul>\n<\/div>\n\n\n\n<div class=\"wp-block-column is-layout-flow wp-block-column-is-layout-flow\" style=\"--col-width:60%;flex-basis:60%\">\n<p>Konzentrations-, Geschicklichkeits- und Ausdauerspiele werden in dieser AG durchgef\u00fchrt.<br>Gesellschaftsspiele und andere Aktivit\u00e4ten f\u00f6rdern die soziale Kompetenz und die gesamte Pers\u00f6nlichkeit in ihrer Entwicklung.<\/p>\n<\/div>\n<\/div>\n\n\n\n<div class=\"wp-block-columns is-layout-flex wp-container-core-columns-is-layout-abceabcf wp-block-columns-is-layout-flex\">\n<div class=\"wp-block-column is-layout-flow wp-block-column-is-layout-flow\" style=\"--col-width:40%;flex-basis:40%\">\n<ul style=\"font-size:24px\" class=\"wp-block-list is-style-tw-arrow\">\n<li><span style=\"background-color: #ccffff\">Modellier-Werkstatt<\/span><\/li>\n<\/ul>\n<\/div>\n\n\n\n<div class=\"wp-block-column is-layout-flow wp-block-column-is-layout-flow\" style=\"--col-width:60%;flex-basis:60%\">\n<p>Beim Modellieren mit Ton kannst du deiner Fantasie freien Lauf lassen! Ob Tiere, Figuren oder Fantasiewesen \u2013 aus dem weichen Ton formst du ganz leicht toll Kunstwerke. Du kannst kneten, dr\u00fccken, rollen und gestalten \u2013 und am Ende entstehen Kunstwerke, die du nach Hause mitnehmen kannst.<\/p>\n<\/div>\n<\/div>\n\n\n\n<div class=\"wp-block-columns is-layout-flex wp-container-core-columns-is-layout-abceabcf wp-block-columns-is-layout-flex\">\n<div class=\"wp-block-column is-layout-flow wp-block-column-is-layout-flow\" style=\"--col-width:40%;flex-basis:40%\">\n<ul style=\"font-size:24px\" class=\"wp-block-list is-style-tw-arrow\">\n<li><span style=\"background-color: #ccffff\">Theater<\/span><\/li>\n<\/ul>\n<\/div>\n\n\n\n<div class=\"wp-block-column is-layout-flow wp-block-column-is-layout-flow\" style=\"--col-width:60%;flex-basis:60%\">\n<p>Rollenspiel, Zusammenspiel, Elementarpantomime, Figurentheater, Kinderzirkus, Maskentheater und Schattenspiel<\/p>\n<\/div>\n<\/div>\n\n\n\n<div class=\"wp-block-columns is-layout-flex wp-container-core-columns-is-layout-abceabcf wp-block-columns-is-layout-flex\">\n<div class=\"wp-block-column is-layout-flow wp-block-column-is-layout-flow\" style=\"--col-width:40%;flex-basis:40%\">\n<ul style=\"font-size:24px\" class=\"wp-block-list is-style-tw-arrow\">\n<li><span style=\"background-color: #ccffff\">Tischtennis<\/span><\/li>\n<\/ul>\n<\/div>\n\n\n\n<div class=\"wp-block-column is-layout-flow wp-block-column-is-layout-flow\" style=\"--col-width:60%;flex-basis:60%\">\n<p>Wir spielen und \u00fcben Tischtennis und lernen die Regeln dieses Spiels spielerisch kennen.<\/p>\n<\/div>\n<\/div>\n\n\n","protected":false},"excerpt":{"rendered":"<p>Hauptstandort Flechtorf Die Kinder bauen und basteln jede Stunde mit Holz, Wolle, Dekoration- und Acrylfarben. Im Vordergrund steht dabei die Arbeit mit Holz. Konzentrations-, Geschicklichkeits- und Ausdauerspiele werden in dieser AG durchgef\u00fchrt.Gesellschaftsspiele und andere Aktivit\u00e4ten f\u00f6rdern die soziale Kompetenz und die gesamte Pers\u00f6nlichkeit in ihrer Entwicklung. Wir spielen und trainieren Fu\u00dfball, lernen die Regeln kennen [&hellip;]<\/p>\n","protected":false},"author":9192206,"featured_media":0,"parent":2248,"menu_order":1,"comment_status":"closed","ping_status":"closed","template":"","meta":{"footnotes":""},"class_list":["post-2266","page","type-page","status-publish","hentry"],"_links":{"self":[{"href":"https:\/\/wordpress.nibis.de\/schunter\/wp-json\/wp\/v2\/pages\/2266","targetHints":{"allow":["GET"]}}],"collection":[{"href":"https:\/\/wordpress.nibis.de\/schunter\/wp-json\/wp\/v2\/pages"}],"about":[{"href":"https:\/\/wordpress.nibis.de\/schunter\/wp-json\/wp\/v2\/types\/page"}],"author":[{"embeddable":true,"href":"https:\/\/wordpress.nibis.de\/schunter\/wp-json\/wp\/v2\/users\/9192206"}],"replies":[{"embeddable":true,"href":"https:\/\/wordpress.nibis.de\/schunter\/wp-json\/wp\/v2\/comments?post=2266"}],"version-history":[{"count":25,"href":"https:\/\/wordpress.nibis.de\/schunter\/wp-json\/wp\/v2\/pages\/2266\/revisions"}],"predecessor-version":[{"id":2656,"href":"https:\/\/wordpress.nibis.de\/schunter\/wp-json\/wp\/v2\/pages\/2266\/revisions\/2656"}],"up":[{"embeddable":true,"href":"https:\/\/wordpress.nibis.de\/schunter\/wp-json\/wp\/v2\/pages\/2248"}],"wp:attachment":[{"href":"https:\/\/wordpress.nibis.de\/schunter\/wp-json\/wp\/v2\/media?parent=2266"}],"curies":[{"name":"wp","href":"https:\/\/api.w.org\/{rel}","templated":true}]}}