{"id":2277,"date":"2022-09-26T09:46:25","date_gmt":"2022-09-26T07:46:25","guid":{"rendered":"https:\/\/wordpress.nibis.de\/schunter\/?page_id=2277"},"modified":"2026-01-22T09:34:58","modified_gmt":"2026-01-22T08:34:58","slug":"arbeitsgemeinschaften-am-dienstag","status":"publish","type":"page","link":"https:\/\/wordpress.nibis.de\/schunter\/offene-ganztagsschule\/arbeitsgemeinschaften-am-dienstag\/","title":{"rendered":"Arbeitsgemeinschaften am Dienstag"},"content":{"rendered":"\n<h2 class=\"wp-block-heading\">Hauptstandort Flechtorf<\/h2>\n\n\n\n\n\n<div class=\"wp-block-columns is-layout-flex wp-container-core-columns-is-layout-abceabcf wp-block-columns-is-layout-flex\">\n<div class=\"wp-block-column is-layout-flow wp-block-column-is-layout-flow\" style=\"--col-width:40%;flex-basis:40%\">\n<ul style=\"font-size:22px\" class=\"wp-block-list is-style-tw-arrow\">\n<li><span style=\"background-color: #ccffff\">Englisch Fun \u2013 Spielerisch Englisch lernen<\/span><\/li>\n<\/ul>\n<\/div>\n\n\n\n<div class=\"wp-block-column is-layout-flow wp-block-column-is-layout-flow\" style=\"--col-width:60%;flex-basis:60%\">\n<p>Englische Spiele, Lieder und R\u00e4tsel mit einfachen Begriffen (z.B. Memory).<br><\/p>\n<\/div>\n<\/div>\n\n\n\n<div class=\"wp-block-columns is-layout-flex wp-container-core-columns-is-layout-abceabcf wp-block-columns-is-layout-flex\">\n<div class=\"wp-block-column is-layout-flow wp-block-column-is-layout-flow\" style=\"--col-width:40%;flex-basis:40%\">\n<ul style=\"font-size:24px\" class=\"wp-block-list is-style-tw-arrow\">\n<li><span style=\"background-color: #ccffff\">Freispiel<\/span><\/li>\n<\/ul>\n<\/div>\n\n\n\n<div class=\"wp-block-column is-layout-flow wp-block-column-is-layout-flow\" style=\"--col-width:60%;flex-basis:60%\">\n<p>Konzentrations-, Geschicklichkeits- und Ausdauerspiele werden in dieser AG durchgef\u00fchrt.<br>Gesellschaftsspiele und andere Aktivit\u00e4ten f\u00f6rdern die soziale Kompetenz und die gesamte Pers\u00f6nlichkeit in ihrer Entwicklung.<\/p>\n<\/div>\n<\/div>\n\n\n\n<div class=\"wp-block-columns is-layout-flex wp-container-core-columns-is-layout-abceabcf wp-block-columns-is-layout-flex\">\n<div class=\"wp-block-column is-layout-flow wp-block-column-is-layout-flow\" style=\"--col-width:40%;flex-basis:40%\">\n<ul style=\"font-size:24px\" class=\"wp-block-list is-style-tw-arrow\">\n<li><span style=\"background-color: #ccffff\">Gesellschaftsspiele<\/span><\/li>\n<\/ul>\n<\/div>\n\n\n\n<div class=\"wp-block-column is-layout-flow wp-block-column-is-layout-flow\" style=\"--col-width:60%;flex-basis:60%\">\n<p>Bei Gesellschaftsspielen spielen wir gemeinsam spannende Spiele, bei denen es um Knobeln, R\u00e4tseln und Miteinander geht. Ob Brettspiele, Karten oder W\u00fcrfeln \u2013 hier steht der Spa\u00df im Vordergrund und wir lernen zusammen fair zu spielen und zu gewinnen!<\/p>\n<\/div>\n<\/div>\n\n\n\n<div class=\"wp-block-columns is-layout-flex wp-container-core-columns-is-layout-abceabcf wp-block-columns-is-layout-flex\">\n<div class=\"wp-block-column is-layout-flow wp-block-column-is-layout-flow\" style=\"--col-width:40%;flex-basis:40%\">\n<ul style=\"font-size:24px\" class=\"wp-block-list is-style-tw-arrow\">\n<li><span style=\"background-color: #ccffff\">Insektenforscher <\/span><br><span style=\"background-color: #ccffff\">\u2013 Kleine Entdecker auf gro\u00dfer Mission<\/span><\/li>\n<\/ul>\n<\/div>\n\n\n\n<div class=\"wp-block-column is-layout-flow wp-block-column-is-layout-flow\" style=\"--col-width:60%;flex-basis:60%\">\n<p>In der Insekten-AG entdecken Kinder die spannende Welt der Krabbeltiere. Gemeinsam beobachten wir Insekten in der Natur, lernen ihre Lebensr\u00e4ume kennen und erfahren, warum sie so wichtig f\u00fcr unsere Umwelt sind.<\/p>\n<\/div>\n<\/div>\n\n\n\n<div class=\"wp-block-columns is-layout-flex wp-container-core-columns-is-layout-abceabcf wp-block-columns-is-layout-flex\">\n<div class=\"wp-block-column is-layout-flow wp-block-column-is-layout-flow\" style=\"--col-width:40%;flex-basis:40%\">\n<ul style=\"font-size:22px\" class=\"wp-block-list is-style-tw-arrow\">\n<li><span style=\"background-color: #ccffff\">Kreative Werkstatt\/ Kreative H\u00e4nde- basteln, malen und gestalten<\/span><\/li>\n<\/ul>\n<\/div>\n\n\n\n<div class=\"wp-block-column is-layout-flow wp-block-column-is-layout-flow\" style=\"--col-width:60%;flex-basis:60%\">\n<p>In der Kreativen Werkstatt kannst du deiner Fantasie freien Lauf lassen! Wir basteln und bauen tolle Sachen aus verschiedenen Materialien. Ob Papier oder Naturmaterialien \u2013 hier entstehen ganz besondere Kunstwerke, die du mit nach Hause nehmen kannst. Kreativer Spa\u00df f\u00fcr kleine K\u00fcnstlerinnen und K\u00fcnstler!<\/p>\n<\/div>\n<\/div>\n\n\n\n<div class=\"wp-block-columns is-layout-flex wp-container-core-columns-is-layout-abceabcf wp-block-columns-is-layout-flex\">\n<div class=\"wp-block-column is-layout-flow wp-block-column-is-layout-flow\" style=\"--col-width:40%;flex-basis:40%\">\n<ul style=\"font-size:24px\" class=\"wp-block-list is-style-tw-arrow\">\n<li><span style=\"background-color: #ccffff\">Sport<\/span><\/li>\n<\/ul>\n<\/div>\n\n\n\n<div class=\"wp-block-column is-layout-flow wp-block-column-is-layout-flow\" style=\"--col-width:60%;flex-basis:60%\">\n<p>Hier finden wir die M\u00f6glichkeit gemeinsam Spiele zu spielen f\u00fcr die im normalen Sportunterricht vielleicht nicht immer genug Zeit bleibt. Vom Freispielen bis zu kleinen Mannschaftsspielen ist alles dabei.<\/p>\n<\/div>\n<\/div>\n\n\n\n<div class=\"wp-block-columns is-layout-flex wp-container-core-columns-is-layout-abceabcf wp-block-columns-is-layout-flex\">\n<div class=\"wp-block-column is-layout-flow wp-block-column-is-layout-flow\" style=\"--col-width:40%;flex-basis:40%\">\n<ul style=\"font-size:22px\" class=\"wp-block-list is-style-tw-arrow\">\n<li><span style=\"background-color: #ccffff\">Steinmalerei<\/span><\/li>\n<\/ul>\n<\/div>\n\n\n\n<div class=\"wp-block-column is-layout-flow wp-block-column-is-layout-flow\" style=\"--col-width:60%;flex-basis:60%\">\n<p>In der Steinemalerei-AG bemalen Kinder Steine mit bunten Farben und kreativen Motiven. Aus einfachen Steinen entstehen kleine Kunstwerke \u2013 ob Tiere, Muster, Fantasiefiguren oder Gl\u00fcckssteine. Die Kinder lernen verschiedene Maltechniken kennen und k\u00f6nnen ihrer Kreativit\u00e4t freien Lauf lassen.<\/p>\n<\/div>\n<\/div>\n\n\n\n<h2 class=\"wp-block-heading\">Au\u00dfenstelle Essenrode<\/h2>\n\n\n\n<div class=\"wp-block-columns is-layout-flex wp-container-core-columns-is-layout-abceabcf wp-block-columns-is-layout-flex\">\n<div class=\"wp-block-column is-layout-flow wp-block-column-is-layout-flow\" style=\"--col-width:40%;flex-basis:40%\">\n<ul style=\"font-size:24px\" class=\"wp-block-list is-style-tw-arrow\">\n<li><span style=\"background-color: #ccffff\">Es war einmal&#8230;<\/span><br><span style=\"background-color: #ccffff\">die M\u00e4rchen-AG<\/span><\/li>\n<\/ul>\n<\/div>\n\n\n\n<div class=\"wp-block-column is-layout-flow wp-block-column-is-layout-flow\" style=\"--col-width:60%;flex-basis:60%\">\n<p>In der M\u00e4rchen-AG tauchen wir gemeinsam in die zauberhafte Welt der M\u00e4rchen ein. Wir lesen bekannte und unbekannte M\u00e4rchen und basteln passende Dinge dazu.<\/p>\n<\/div>\n<\/div>\n\n\n\n<div class=\"wp-block-columns is-layout-flex wp-container-core-columns-is-layout-abceabcf wp-block-columns-is-layout-flex\">\n<div class=\"wp-block-column is-layout-flow wp-block-column-is-layout-flow\" style=\"--col-width:40%;flex-basis:40%\">\n<ul style=\"font-size:22px\" class=\"wp-block-list is-style-tw-arrow\">\n<li><span style=\"background-color: #ccffff\">Papierhelden<\/span><\/li>\n<\/ul>\n<\/div>\n\n\n\n<div class=\"wp-block-column is-layout-flow wp-block-column-is-layout-flow\" style=\"--col-width:60%;flex-basis:60%\">\n<p>Kreative Welt des Papiers entdecken. Origami, bunte Dekoration, kleine Kunstwerke- einfaches Papier in echte Meisterwerke umwandeln.<\/p>\n<\/div>\n<\/div>\n\n\n\n<div class=\"wp-block-columns is-layout-flex wp-container-core-columns-is-layout-abceabcf wp-block-columns-is-layout-flex\">\n<div class=\"wp-block-column is-layout-flow wp-block-column-is-layout-flow\" style=\"--col-width:40%;flex-basis:40%\">\n<ul style=\"font-size:24px\" class=\"wp-block-list is-style-tw-arrow\">\n<li><span style=\"background-color: #ccffff\">Tierschutz-AG<\/span><\/li>\n<\/ul>\n<\/div>\n\n\n\n<div class=\"wp-block-column is-layout-flow wp-block-column-is-layout-flow\" style=\"--col-width:60%;flex-basis:60%\">\n<p>Wir besch\u00e4ftigen uns vor allem mit dem Thema \u201cHaustiere\u201d und deren richtige Haltung bzw. dem richtigen Umgang mit Ihnen. Weitere Themen wie Tiere in Zoo und Zirkus k\u00f6nnen ebenfalls aufgegriffen werden.<\/p>\n<\/div>\n<\/div>\n\n\n","protected":false},"excerpt":{"rendered":"<p>Hauptstandort Flechtorf Englische Spiele, Lieder und R\u00e4tsel mit einfachen Begriffen (z.B. Memory). Konzentrations-, Geschicklichkeits- und Ausdauerspiele werden in dieser AG durchgef\u00fchrt.Gesellschaftsspiele und andere Aktivit\u00e4ten f\u00f6rdern die soziale Kompetenz und die gesamte Pers\u00f6nlichkeit in ihrer Entwicklung. Bei Gesellschaftsspielen spielen wir gemeinsam spannende Spiele, bei denen es um Knobeln, R\u00e4tseln und Miteinander geht. Ob Brettspiele, Karten oder [&hellip;]<\/p>\n","protected":false},"author":9192206,"featured_media":0,"parent":2248,"menu_order":2,"comment_status":"closed","ping_status":"closed","template":"","meta":{"footnotes":""},"class_list":["post-2277","page","type-page","status-publish","hentry"],"_links":{"self":[{"href":"https:\/\/wordpress.nibis.de\/schunter\/wp-json\/wp\/v2\/pages\/2277","targetHints":{"allow":["GET"]}}],"collection":[{"href":"https:\/\/wordpress.nibis.de\/schunter\/wp-json\/wp\/v2\/pages"}],"about":[{"href":"https:\/\/wordpress.nibis.de\/schunter\/wp-json\/wp\/v2\/types\/page"}],"author":[{"embeddable":true,"href":"https:\/\/wordpress.nibis.de\/schunter\/wp-json\/wp\/v2\/users\/9192206"}],"replies":[{"embeddable":true,"href":"https:\/\/wordpress.nibis.de\/schunter\/wp-json\/wp\/v2\/comments?post=2277"}],"version-history":[{"count":26,"href":"https:\/\/wordpress.nibis.de\/schunter\/wp-json\/wp\/v2\/pages\/2277\/revisions"}],"predecessor-version":[{"id":2658,"href":"https:\/\/wordpress.nibis.de\/schunter\/wp-json\/wp\/v2\/pages\/2277\/revisions\/2658"}],"up":[{"embeddable":true,"href":"https:\/\/wordpress.nibis.de\/schunter\/wp-json\/wp\/v2\/pages\/2248"}],"wp:attachment":[{"href":"https:\/\/wordpress.nibis.de\/schunter\/wp-json\/wp\/v2\/media?parent=2277"}],"curies":[{"name":"wp","href":"https:\/\/api.w.org\/{rel}","templated":true}]}}