{"id":2296,"date":"2022-09-26T09:40:07","date_gmt":"2022-09-26T07:40:07","guid":{"rendered":"https:\/\/wordpress.nibis.de\/schunter\/?page_id=2296"},"modified":"2026-01-22T09:42:04","modified_gmt":"2026-01-22T08:42:04","slug":"arbeitsgemeinschaften-am-mittwoch","status":"publish","type":"page","link":"https:\/\/wordpress.nibis.de\/schunter\/offene-ganztagsschule\/arbeitsgemeinschaften-am-mittwoch\/","title":{"rendered":"Arbeitsgemeinschaften am Mittwoch"},"content":{"rendered":"\n<h2 class=\"wp-block-heading\">Hauptstandort Flechtorf<\/h2>\n\n\n\n<div class=\"wp-block-columns is-layout-flex wp-container-core-columns-is-layout-abceabcf wp-block-columns-is-layout-flex\">\n<div class=\"wp-block-column is-layout-flow wp-block-column-is-layout-flow\" style=\"--col-width:40%;flex-basis:40%\">\n<ul style=\"font-size:24px\" class=\"wp-block-list is-style-tw-arrow\">\n<li><span style=\"background-color: #ccffff\">Bewegungsspiele<\/span><\/li>\n<\/ul>\n<\/div>\n\n\n\n<div class=\"wp-block-column is-layout-flow wp-block-column-is-layout-flow\" style=\"--col-width:60%;flex-basis:60%\">\n<p>Wir bewegen uns an der frischen Luft und spielen hier kleine Mannschafts- und Bewegungsspiele.<\/p>\n<\/div>\n<\/div>\n\n\n\n<div class=\"wp-block-columns is-layout-flex wp-container-core-columns-is-layout-abceabcf wp-block-columns-is-layout-flex\">\n<div class=\"wp-block-column is-layout-flow wp-block-column-is-layout-flow\" style=\"--col-width:40%;flex-basis:40%\">\n<ul style=\"font-size:24px\" class=\"wp-block-list is-style-tw-arrow\">\n<li><span style=\"background-color: #ccffff\">Freispiel<\/span><\/li>\n<\/ul>\n<\/div>\n\n\n\n<div class=\"wp-block-column is-layout-flow wp-block-column-is-layout-flow\" style=\"--col-width:60%;flex-basis:60%\">\n<p>Konzentrations-, Geschicklichkeits- und Ausdauerspiele werden in dieser AG durchgef\u00fchrt.<br>Gesellschaftsspiele und andere Aktivit\u00e4ten f\u00f6rdern die soziale Kompetenz und die gesamte Pers\u00f6nlichkeit in ihrer Entwicklung.<\/p>\n<\/div>\n<\/div>\n\n\n\n<div class=\"wp-block-columns is-layout-flex wp-container-core-columns-is-layout-abceabcf wp-block-columns-is-layout-flex\">\n<div class=\"wp-block-column is-layout-flow wp-block-column-is-layout-flow\" style=\"--col-width:40%;flex-basis:40%\">\n<ul style=\"font-size:22px\" class=\"wp-block-list is-style-tw-arrow\">\n<li><span style=\"background-color: #ccffff\">Punktemalerei <\/span><br><span style=\"background-color: #ccffff\">\u2013 Malen mit bunten Punkten<\/span><\/li>\n<\/ul>\n<\/div>\n\n\n\n<div class=\"wp-block-column is-layout-flow wp-block-column-is-layout-flow\" style=\"--col-width:60%;flex-basis:60%\">\n<p>Bei der Punktemalerei entstehen Bilder nur aus vielen bunten Punkten. Mit Wattest\u00e4bchen, Pinseln oder sogar den Fingern tupfst du die Farbe auf das Papier und zauberst tolle Muster, Tiere oder Fantasieformen \u2013 Punkt f\u00fcr Punkt.<\/p>\n<\/div>\n<\/div>\n\n\n\n<div class=\"wp-block-columns is-layout-flex wp-container-core-columns-is-layout-abceabcf wp-block-columns-is-layout-flex\">\n<div class=\"wp-block-column is-layout-flow wp-block-column-is-layout-flow\" style=\"--col-width:40%;flex-basis:40%\">\n<ul style=\"font-size:24px\" class=\"wp-block-list is-style-tw-arrow\">\n<li><span style=\"background-color: #ccffff\">Seilspringen<\/span><\/li>\n<\/ul>\n<\/div>\n\n\n\n<div class=\"wp-block-column is-layout-flow wp-block-column-is-layout-flow\" style=\"--col-width:60%;flex-basis:60%\">\n<p>In der Springseil-AG lernen Kinder verschiedene Seilsprung-Techniken kennen und trainieren Rhythmus und Koordination. Gemeinsam \u00fcben wir Tricks, machen kleine Bewegungs-Challenges und haben viel Spa\u00df an Bewegung und Teamspielen rund ums Springseil.<\/p>\n<\/div>\n<\/div>\n\n\n\n<div class=\"wp-block-columns is-layout-flex wp-container-core-columns-is-layout-abceabcf wp-block-columns-is-layout-flex\">\n<div class=\"wp-block-column is-layout-flow wp-block-column-is-layout-flow\" style=\"--col-width:40%;flex-basis:40%\">\n<ul style=\"font-size:24px\" class=\"wp-block-list is-style-tw-arrow\">\n<li><span style=\"background-color: #ccffff\">Sammelalbum gestalten<\/span> <\/li>\n<\/ul>\n<\/div>\n\n\n\n<div class=\"wp-block-column is-layout-flow wp-block-column-is-layout-flow\" style=\"--col-width:60%;flex-basis:60%\">\n<p>In der Sammelalbum-gestalten-AG erstellen Kinder ihr eigenes Sammelalbum. Sie sammeln, gestalten und ordnen Bilder, Karten oder Sticker und lernen dabei kreativ zu planen und zu gestalten. Mit bunten Materialien, eigenen Ideen und viel Fantasie entsteht ein ganz pers\u00f6nliches Album.<\/p>\n<\/div>\n<\/div>\n\n\n\n<div class=\"wp-block-columns is-layout-flex wp-container-core-columns-is-layout-abceabcf wp-block-columns-is-layout-flex\">\n<div class=\"wp-block-column is-layout-flow wp-block-column-is-layout-flow\" style=\"--col-width:40%;flex-basis:40%\">\n<ul style=\"font-size:22px\" class=\"wp-block-list is-style-tw-arrow\">\n<li><span style=\"background-color: #ccffff\">Trommeln<\/span><br><\/li>\n<\/ul>\n<\/div>\n\n\n\n<div class=\"wp-block-column is-layout-flow wp-block-column-is-layout-flow\" style=\"--col-width:60%;flex-basis:60%\">\n<p>In der Trommel-AG probierst du mit viel Spa\u00df und Bewegung Instrumente und Rhythmen aus (Bodypercussion, Cajons, Drumsticks, Handtrommeln) und entwickelst mit anderen Kindern gemeinsam deine ersten eigenen St\u00fccke und coole Beats.<\/p>\n<\/div>\n<\/div>\n\n\n\n<div class=\"wp-block-columns is-layout-flex wp-container-core-columns-is-layout-abceabcf wp-block-columns-is-layout-flex\">\n<div class=\"wp-block-column is-layout-flow wp-block-column-is-layout-flow\" style=\"--col-width:40%;flex-basis:40%\">\n<ul style=\"font-size:24px\" class=\"wp-block-list is-style-tw-arrow\">\n<li><span style=\"background-color: #ccffff\">Einfache Kreativarbeiten rund um Wolle<\/span><\/li>\n<\/ul>\n<\/div>\n\n\n\n<div class=\"wp-block-column is-layout-flow wp-block-column-is-layout-flow\" style=\"--col-width:60%;flex-basis:60%\">\n<p>In der Wolle-AG lernen Kinder den kreativen Umgang mit Wolle. Gemeinsam probieren wir einfache Techniken wie Fingerstricken, H\u00e4keln oder Wickelarbeiten aus und gestalten bunte kleine Projekte. Dabei k\u00f6nnen die Kinder ihrer Fantasie freien Lauf lassen und eigene Wollkunstwerke erschaffen.<\/p>\n<\/div>\n<\/div>\n\n\n\n<h2 class=\"wp-block-heading\">Au\u00dfenstelle Essenrode<\/h2>\n\n\n\n<div class=\"wp-block-columns is-layout-flex wp-container-core-columns-is-layout-abceabcf wp-block-columns-is-layout-flex\">\n<div class=\"wp-block-column is-layout-flow wp-block-column-is-layout-flow\" style=\"--col-width:40%;flex-basis:40%\">\n<ul style=\"font-size:24px\" class=\"wp-block-list is-style-tw-arrow\">\n<li><span style=\"background-color: #ccffff\"><span style=\"background-color: #ccffff\">Freispiel<\/span><\/span><\/li>\n<\/ul>\n<\/div>\n\n\n\n<div class=\"wp-block-column is-layout-flow wp-block-column-is-layout-flow\" style=\"--col-width:60%;flex-basis:60%\">\n<p>Konzentrations-, Geschicklichkeits- und Ausdauerspiele werden in dieser AG durchgef\u00fchrt.<br>Gesellschaftsspiele und andere Aktivit\u00e4ten f\u00f6rdern die soziale Kompetenz und die gesamte Pers\u00f6nlichkeit in ihrer Entwicklung.<\/p>\n<\/div>\n<\/div>\n\n\n\n<div class=\"wp-block-columns is-layout-flex wp-container-core-columns-is-layout-abceabcf wp-block-columns-is-layout-flex\">\n<div class=\"wp-block-column is-layout-flow wp-block-column-is-layout-flow\" style=\"--col-width:40%;flex-basis:40%\">\n<ul style=\"font-size:22px\" class=\"wp-block-list is-style-tw-arrow\">\n<li><span style=\"background-color: #ccffff\">Koch-AG <\/span><br><span style=\"background-color: #ccffff\">\u2013 An die T\u00f6pfe, fertig, los!<\/span><\/li>\n<\/ul>\n<\/div>\n\n\n\n<div class=\"wp-block-column is-layout-flow wp-block-column-is-layout-flow\" style=\"--col-width:60%;flex-basis:60%\">\n<p>In unserer Koch-AG lernen Kinder spielerisch, wie man leckere und gesunde Gerichte selbst zubereitet. Wir schnippeln, r\u00fchren und probieren gemeinsam \u2013 dabei entdecken wir tolle Rezepte und haben jede Menge Spa\u00df in der K\u00fcche!<\/p>\n<\/div>\n<\/div>\n\n\n\n<div class=\"wp-block-columns is-layout-flex wp-container-core-columns-is-layout-abceabcf wp-block-columns-is-layout-flex\">\n<div class=\"wp-block-column is-layout-flow wp-block-column-is-layout-flow\" style=\"--col-width:40%;flex-basis:40%\">\n<ul style=\"font-size:22px\" class=\"wp-block-list is-style-tw-arrow\">\n<li><span style=\"background-color: #ccffff\"><span style=\"background-color: #ccffff\">Einfache Kreativarbeiten rund um Wolle<\/span><\/span><\/li>\n<\/ul>\n<\/div>\n\n\n\n<div class=\"wp-block-column is-layout-flow wp-block-column-is-layout-flow\" style=\"--col-width:60%;flex-basis:60%\">\n<p>In der Wolle-AG lernen Kinder den kreativen Umgang mit Wolle. Gemeinsam probieren wir einfache Techniken wie Fingerstricken, H\u00e4keln oder Wickelarbeiten aus und gestalten bunte kleine Projekte. Dabei k\u00f6nnen die Kinder ihrer Fantasie freien Lauf lassen und eigene Wollkunstwerke erschaffen.<\/p>\n<\/div>\n<\/div>\n\n\n\n<div class=\"wp-block-columns is-layout-flex wp-container-core-columns-is-layout-abceabcf wp-block-columns-is-layout-flex\">\n<div class=\"wp-block-column is-layout-flow wp-block-column-is-layout-flow\" style=\"--col-width:40%;flex-basis:40%\">\n<ul style=\"font-size:24px\" class=\"wp-block-list is-style-tw-arrow\">\n<li><span style=\"background-color: #ccffff\">Tanzen<\/span><\/li>\n<\/ul>\n<\/div>\n\n\n\n<div class=\"wp-block-column is-layout-flow wp-block-column-is-layout-flow\" style=\"--col-width:60%;flex-basis:60%\">\n<p>Von Pop, \u00fcber Hip Hop bis Breakdance kannst du in dieser AG alles einmal ausprobieren! Gemeinsam \u00fcben wir Choreografien ein, die im Laufe des Schuljahres vorgef\u00fchrt werden k\u00f6nnen.<\/p>\n<\/div>\n<\/div>\n\n\n\n\n","protected":false},"excerpt":{"rendered":"<p>Hauptstandort Flechtorf Wir bewegen uns an der frischen Luft und spielen hier kleine Mannschafts- und Bewegungsspiele. Konzentrations-, Geschicklichkeits- und Ausdauerspiele werden in dieser AG durchgef\u00fchrt.Gesellschaftsspiele und andere Aktivit\u00e4ten f\u00f6rdern die soziale Kompetenz und die gesamte Pers\u00f6nlichkeit in ihrer Entwicklung. Bei der Punktemalerei entstehen Bilder nur aus vielen bunten Punkten. Mit Wattest\u00e4bchen, Pinseln oder sogar den [&hellip;]<\/p>\n","protected":false},"author":9192206,"featured_media":0,"parent":2248,"menu_order":3,"comment_status":"closed","ping_status":"closed","template":"","meta":{"footnotes":""},"class_list":["post-2296","page","type-page","status-publish","hentry"],"_links":{"self":[{"href":"https:\/\/wordpress.nibis.de\/schunter\/wp-json\/wp\/v2\/pages\/2296","targetHints":{"allow":["GET"]}}],"collection":[{"href":"https:\/\/wordpress.nibis.de\/schunter\/wp-json\/wp\/v2\/pages"}],"about":[{"href":"https:\/\/wordpress.nibis.de\/schunter\/wp-json\/wp\/v2\/types\/page"}],"author":[{"embeddable":true,"href":"https:\/\/wordpress.nibis.de\/schunter\/wp-json\/wp\/v2\/users\/9192206"}],"replies":[{"embeddable":true,"href":"https:\/\/wordpress.nibis.de\/schunter\/wp-json\/wp\/v2\/comments?post=2296"}],"version-history":[{"count":17,"href":"https:\/\/wordpress.nibis.de\/schunter\/wp-json\/wp\/v2\/pages\/2296\/revisions"}],"predecessor-version":[{"id":2660,"href":"https:\/\/wordpress.nibis.de\/schunter\/wp-json\/wp\/v2\/pages\/2296\/revisions\/2660"}],"up":[{"embeddable":true,"href":"https:\/\/wordpress.nibis.de\/schunter\/wp-json\/wp\/v2\/pages\/2248"}],"wp:attachment":[{"href":"https:\/\/wordpress.nibis.de\/schunter\/wp-json\/wp\/v2\/media?parent=2296"}],"curies":[{"name":"wp","href":"https:\/\/api.w.org\/{rel}","templated":true}]}}