{"id":2314,"date":"2022-09-26T09:55:40","date_gmt":"2022-09-26T07:55:40","guid":{"rendered":"https:\/\/wordpress.nibis.de\/schunter\/?page_id=2314"},"modified":"2026-01-22T09:48:58","modified_gmt":"2026-01-22T08:48:58","slug":"arbeitsgemeinschaften-am-donnerstag","status":"publish","type":"page","link":"https:\/\/wordpress.nibis.de\/schunter\/offene-ganztagsschule\/arbeitsgemeinschaften-am-donnerstag\/","title":{"rendered":"Arbeitsgemeinschaften am Donnerstag"},"content":{"rendered":"\n<h2 class=\"wp-block-heading\">Hauptstandort Flechtorf<\/h2>\n\n\n\n<div class=\"wp-block-columns is-layout-flex wp-container-core-columns-is-layout-abceabcf wp-block-columns-is-layout-flex\">\n<div class=\"wp-block-column is-layout-flow wp-block-column-is-layout-flow\" style=\"--col-width:40%;flex-basis:40%\">\n<ul style=\"font-size:24px\" class=\"wp-block-list is-style-tw-arrow\">\n<li><span style=\"background-color: #ccffff\">Freispiel<\/span><\/li>\n<\/ul>\n<\/div>\n\n\n\n<div class=\"wp-block-column is-layout-flow wp-block-column-is-layout-flow\" style=\"--col-width:60%;flex-basis:60%\">\n<p>Konzentrations-, Geschicklichkeits- und Ausdauerspiele werden in dieser AG durchgef\u00fchrt.<br>Gesellschaftsspiele und andere Aktivit\u00e4ten f\u00f6rdern die soziale Kompetenz und die gesamte Pers\u00f6nlichkeit in ihrer Entwicklung.<\/p>\n<\/div>\n<\/div>\n\n\n\n<div class=\"wp-block-columns is-layout-flex wp-container-core-columns-is-layout-abceabcf wp-block-columns-is-layout-flex\">\n<div class=\"wp-block-column is-layout-flow wp-block-column-is-layout-flow\" style=\"--col-width:40%;flex-basis:40%\">\n<ul style=\"font-size:24px\" class=\"wp-block-list is-style-tw-arrow\">\n<li><span style=\"background-color: #ccffff\">Kinderyoga und Entspannung<\/span><\/li>\n<\/ul>\n<\/div>\n\n\n\n<div class=\"wp-block-column is-layout-flow wp-block-column-is-layout-flow\" style=\"--col-width:60%;flex-basis:60%\">\n<p>Kleine \u00dcbungen zum Meditieren<\/p>\n<\/div>\n<\/div>\n\n\n\n<div class=\"wp-block-columns is-layout-flex wp-container-core-columns-is-layout-abceabcf wp-block-columns-is-layout-flex\">\n<div class=\"wp-block-column is-layout-flow wp-block-column-is-layout-flow\" style=\"--col-width:40%;flex-basis:40%\">\n<ul style=\"font-size:24px\" class=\"wp-block-list is-style-tw-arrow\">\n<li><span style=\"background-color: #ccffff\">Kunst<\/span><\/li>\n<\/ul>\n<\/div>\n\n\n\n<div class=\"wp-block-column is-layout-flow wp-block-column-is-layout-flow\" style=\"--col-width:60%;flex-basis:60%\">\n<p>In der Kunst-AG entdecken Kinder verschiedene k\u00fcnstlerische Techniken wie Malen, Zeichnen und Drucken. Sie gestalten eigene Werke, lernen Farben und Formen kennen und k\u00f6nnen ihre Kreativit\u00e4t gezielt ausdr\u00fccken.<\/p>\n<\/div>\n<\/div>\n\n\n\n<div class=\"wp-block-columns is-layout-flex wp-container-core-columns-is-layout-abceabcf wp-block-columns-is-layout-flex\">\n<div class=\"wp-block-column is-layout-flow wp-block-column-is-layout-flow\" style=\"--col-width:40%;flex-basis:40%\">\n<ul style=\"font-size:24px\" class=\"wp-block-list is-style-tw-arrow\">\n<li><span style=\"background-color: #ccffff\">Origami<\/span><\/li>\n<\/ul>\n<\/div>\n\n\n\n<div class=\"wp-block-column is-layout-flow wp-block-column-is-layout-flow\" style=\"--col-width:60%;flex-basis:60%\">\n<p>Origami ist die Kunst, aus einem einfachen Blatt Papier ganz tolle Figuren zu falten. Ob Tiere, Blumen oder kleine Geschenke \u2013 mit ein paar Knicken und Faltungen entstehen wunderbare Papierkunstwerke. Origami macht Spa\u00df und f\u00f6rdert die Fingerfertigkeit und Kreativit\u00e4t!<\/p>\n<\/div>\n<\/div>\n\n\n\n<div class=\"wp-block-columns is-layout-flex wp-container-core-columns-is-layout-abceabcf wp-block-columns-is-layout-flex\">\n<div class=\"wp-block-column is-layout-flow wp-block-column-is-layout-flow\" style=\"--col-width:40%;flex-basis:40%\">\n<ul style=\"font-size:24px\" class=\"wp-block-list is-style-tw-arrow\">\n<li><span style=\"background-color: #ccffff\">Perlentiere f\u00e4deln<\/span><\/li>\n<\/ul>\n<\/div>\n\n\n\n<div class=\"wp-block-column is-layout-flow wp-block-column-is-layout-flow\" style=\"--col-width:60%;flex-basis:60%\">\n<p>Perlentiere sind liebevoll gefertigte Tierfiguren, die aus bunten Perlen und Draht entstehen. Ob Schmetterlinge, Schildkr\u00f6ten oder Drachen \u2013 mit ein wenig Geschick lassen sich vielf\u00e4ltige Tiere in verschiedenen Gr\u00f6\u00dfen und Farben gestalten. Sie sind ideale Geschenke, dekorative Hingucker oder kreative Bastelprojekte.<\/p>\n<\/div>\n<\/div>\n\n\n\n<div class=\"wp-block-columns is-layout-flex wp-container-core-columns-is-layout-abceabcf wp-block-columns-is-layout-flex\">\n<div class=\"wp-block-column is-layout-flow wp-block-column-is-layout-flow\" style=\"--col-width:40%;flex-basis:40%\">\n<ul style=\"font-size:22px\" class=\"wp-block-list is-style-tw-arrow\">\n<li><span style=\"background-color: #ccffff\">Pixelmalen <\/span><br><span style=\"background-color: #ccffff\">\u2013 Bilder wie aus kleinen K\u00e4stchen<\/span><\/li>\n<\/ul>\n<\/div>\n\n\n\n<div class=\"wp-block-column is-layout-flow wp-block-column-is-layout-flow\" style=\"--col-width:60%;flex-basis:60%\">\n<p>Beim Pixelmalen malst du Bilder aus vielen kleinen bunten K\u00e4stchen, fast wie bei einem Computerspiel! Aus einfachen Mustern entstehen coole Figuren, Tiere oder Symbole \u2013 ganz K\u00e4stchen f\u00fcr K\u00e4stchen. Es ist wie Ausmalen mit System und macht richtig Spa\u00df!<\/p>\n<\/div>\n<\/div>\n\n\n\n<div class=\"wp-block-columns is-layout-flex wp-container-core-columns-is-layout-abceabcf wp-block-columns-is-layout-flex\">\n<div class=\"wp-block-column is-layout-flow wp-block-column-is-layout-flow\" style=\"--col-width:40%;flex-basis:40%\">\n<ul style=\"font-size:24px\" class=\"wp-block-list is-style-tw-arrow\">\n<li><span style=\"background-color: #ccffff\">Sport<\/span><\/li>\n<\/ul>\n<\/div>\n\n\n\n<div class=\"wp-block-column is-layout-flow wp-block-column-is-layout-flow\" style=\"--col-width:60%;flex-basis:60%\">\n<p>Hier finden wir die M\u00f6glichkeit gemeinsam Spiele zu spielen f\u00fcr die im normalen Sportunterricht vielleicht nicht immer genug Zeit bleibt. Vom Freispielen bis zu kleinen Mannschaftsspielen ist alles dabei.<\/p>\n<\/div>\n<\/div>\n\n\n\n<h2 class=\"wp-block-heading\">Au\u00dfenstelle Essenrode<\/h2>\n\n\n\n<div class=\"wp-block-columns is-layout-flex wp-container-core-columns-is-layout-abceabcf wp-block-columns-is-layout-flex\">\n<div class=\"wp-block-column is-layout-flow wp-block-column-is-layout-flow\" style=\"--col-width:40%;flex-basis:40%\">\n<ul style=\"font-size:22px\" class=\"wp-block-list is-style-tw-arrow\">\n<li><span style=\"background-color: #ccffff\">Forscher und Entdecker<\/span><\/li>\n<\/ul>\n<\/div>\n\n\n\n<div class=\"wp-block-column is-layout-flow wp-block-column-is-layout-flow\" style=\"--col-width:60%;flex-basis:60%\">\n<p>In dieser AG lernen wir spielerisch die Natur kennen. Wir forschen, machen einfache Experimente und basteln kreative Dinge rund um unsere Umwelt.<\/p>\n<\/div>\n<\/div>\n\n\n\n<div class=\"wp-block-columns is-layout-flex wp-container-core-columns-is-layout-abceabcf wp-block-columns-is-layout-flex\">\n<div class=\"wp-block-column is-layout-flow wp-block-column-is-layout-flow\" style=\"--col-width:40%;flex-basis:40%\">\n<ul style=\"font-size:22px\" class=\"wp-block-list is-style-tw-arrow\">\n<li><span style=\"background-color: #ccffff\">Pixelmalen <\/span><br><span style=\"background-color: #ccffff\">\u2013 Bilder wie aus kleinen K\u00e4stchen<\/span><\/li>\n<\/ul>\n<\/div>\n\n\n\n<div class=\"wp-block-column is-layout-flow wp-block-column-is-layout-flow\" style=\"--col-width:60%;flex-basis:60%\">\n<p>Beim Pixelmalen malst du Bilder aus vielen kleinen bunten K\u00e4stchen, fast wie bei einem Computerspiel! Aus einfachen Mustern entstehen coole Figuren, Tiere oder Symbole \u2013 ganz K\u00e4stchen f\u00fcr K\u00e4stchen. Es ist wie Ausmalen mit System und macht richtig Spa\u00df!<\/p>\n<\/div>\n<\/div>\n\n\n\n<div class=\"wp-block-columns is-layout-flex wp-container-core-columns-is-layout-abceabcf wp-block-columns-is-layout-flex\">\n<div class=\"wp-block-column is-layout-flow wp-block-column-is-layout-flow\" style=\"--col-width:40%;flex-basis:40%\">\n<ul style=\"font-size:24px\" class=\"wp-block-list is-style-tw-arrow\">\n<li><span style=\"background-color: #ccffff\">Perlentiere f\u00e4deln<\/span><\/li>\n<\/ul>\n<\/div>\n\n\n\n<div class=\"wp-block-column is-layout-flow wp-block-column-is-layout-flow\" style=\"--col-width:60%;flex-basis:60%\">\n<p>In dieser Perlen-AG werden wir in einer entspannten Atmosph\u00e4re sch\u00f6ne Perlenketten, Armb\u00e4nder und Figuren basteln.<\/p>\n<\/div>\n<\/div>\n","protected":false},"excerpt":{"rendered":"<p>Hauptstandort Flechtorf Konzentrations-, Geschicklichkeits- und Ausdauerspiele werden in dieser AG durchgef\u00fchrt.Gesellschaftsspiele und andere Aktivit\u00e4ten f\u00f6rdern die soziale Kompetenz und die gesamte Pers\u00f6nlichkeit in ihrer Entwicklung. Kleine \u00dcbungen zum Meditieren In der Kunst-AG entdecken Kinder verschiedene k\u00fcnstlerische Techniken wie Malen, Zeichnen und Drucken. Sie gestalten eigene Werke, lernen Farben und Formen kennen und k\u00f6nnen ihre Kreativit\u00e4t [&hellip;]<\/p>\n","protected":false},"author":9192206,"featured_media":0,"parent":2248,"menu_order":4,"comment_status":"closed","ping_status":"closed","template":"","meta":{"footnotes":""},"class_list":["post-2314","page","type-page","status-publish","hentry"],"_links":{"self":[{"href":"https:\/\/wordpress.nibis.de\/schunter\/wp-json\/wp\/v2\/pages\/2314","targetHints":{"allow":["GET"]}}],"collection":[{"href":"https:\/\/wordpress.nibis.de\/schunter\/wp-json\/wp\/v2\/pages"}],"about":[{"href":"https:\/\/wordpress.nibis.de\/schunter\/wp-json\/wp\/v2\/types\/page"}],"author":[{"embeddable":true,"href":"https:\/\/wordpress.nibis.de\/schunter\/wp-json\/wp\/v2\/users\/9192206"}],"replies":[{"embeddable":true,"href":"https:\/\/wordpress.nibis.de\/schunter\/wp-json\/wp\/v2\/comments?post=2314"}],"version-history":[{"count":23,"href":"https:\/\/wordpress.nibis.de\/schunter\/wp-json\/wp\/v2\/pages\/2314\/revisions"}],"predecessor-version":[{"id":2662,"href":"https:\/\/wordpress.nibis.de\/schunter\/wp-json\/wp\/v2\/pages\/2314\/revisions\/2662"}],"up":[{"embeddable":true,"href":"https:\/\/wordpress.nibis.de\/schunter\/wp-json\/wp\/v2\/pages\/2248"}],"wp:attachment":[{"href":"https:\/\/wordpress.nibis.de\/schunter\/wp-json\/wp\/v2\/media?parent=2314"}],"curies":[{"name":"wp","href":"https:\/\/api.w.org\/{rel}","templated":true}]}}