{"id":101,"date":"2023-02-02T20:13:36","date_gmt":"2023-02-02T19:13:36","guid":{"rendered":"https:\/\/wordpress.nibis.de\/schuwie\/?page_id=101"},"modified":"2025-09-09T10:18:45","modified_gmt":"2025-09-09T08:18:45","slug":"aufgaben","status":"publish","type":"page","link":"https:\/\/wordpress.nibis.de\/schuwie\/aufgaben\/","title":{"rendered":"Aufgaben"},"content":{"rendered":"\n<p>Der F\u00f6rderverein der Grundschule Schunterwiesen unterst\u00fctzt an beiden Standorten schnell und<br>unb\u00fcrokratisch, wenn Mittel des Schultr\u00e4gers nicht zur Verf\u00fcgung stehen. Durch die freiwillige<br>Mitgliedschaft im Verein k\u00f6nnen wir gemeinsam so manches Projekt auf die Beine stellen.<br>Neben der Anschaffung von Nikolausgeschenken f\u00fcr die Klassen 1 &#8211; 4 unterst\u00fctzen wir den Ganztag<br>mit au\u00dferordentlichen Anschaffungen. Zudem f\u00f6rdern wir Projekte wie das Zirkusprojekt, welches<br>alle 4 Jahre stattfindet.<br>Der Mindestbeitrag f\u00fcr den F\u00f6rderverein betr\u00e4gt derzeit 12,00 \u20ac pro Jahr.<\/p>\n\n\n\n<p>Wir w\u00fcnschen unseren Sch\u00fclerinnen und Sch\u00fclern eine unvergessliche, sch\u00f6ne und erfolgreiche Grundschulzeit. Werden auch Sie Mitglied und unterst\u00fctzen Sie uns bzw. Ihre Kinder. Durch die Beitr\u00e4ge m\u00f6glichst vieler Eltern k\u00f6nnen wir auch in Zukunft die F\u00f6rderung fortsetzen. Jedes Kind der Grundschule Schunterwiesen profitiert w\u00e4hrend der Zeit an dieser Schule davon.<\/p>\n\n\n\n<p>Eine&nbsp;<strong>Beitrittserkl\u00e4rung<\/strong>&nbsp;k\u00f6nnen Sie&nbsp;downloaden. <\/p>\n\n\n\n<div class=\"wp-block-file\"><a id=\"wp-block-file--media-3ea302e4-e98e-4985-9e16-c8ee03b425a1\" href=\"https:\/\/wordpress.nibis.de\/schuwie\/files\/2025\/01\/Mitgliedsantrag_FV-3.pdf\" target=\"_blank\" rel=\"noreferrer noopener\">Mitgliedsantrag_FV-3<\/a><a href=\"https:\/\/wordpress.nibis.de\/schuwie\/files\/2025\/01\/Mitgliedsantrag_FV-3.pdf\" class=\"wp-block-file__button\" download aria-describedby=\"wp-block-file--media-3ea302e4-e98e-4985-9e16-c8ee03b425a1\">Herunterladen<\/a><\/div>\n\n\n\n<p>Sie m\u00f6chten f\u00fcr unseren F\u00f6rderverein oder gezielt f\u00fcr ein Projekt spenden?<br><br><strong>IBAN DE51 2695 1311 0070 0006 74&nbsp;<br><br>BIC NOLADE21GFW<\/strong><\/p>\n\n\n\n<p><strong>Sparkasse Gifhorn-Wolfsburg<\/strong><br><br>Der Verein ist als gemeinn\u00fctzig anerkannt. Spenden und Beitr\u00e4ge sind steuerlich absetzbar. Spendenbescheinigungen werden j\u00e4hrlich ausgestellt.<\/p>\n","protected":false},"excerpt":{"rendered":"<p>Der F\u00f6rderverein der Grundschule Schunterwiesen unterst\u00fctzt an beiden Standorten schnell undunb\u00fcrokratisch, wenn Mittel des Schultr\u00e4gers nicht zur Verf\u00fcgung stehen. Durch die freiwilligeMitgliedschaft im Verein k\u00f6nnen wir gemeinsam so manches Projekt auf die Beine stellen.Neben der Anschaffung von Nikolausgeschenken f\u00fcr die Klassen 1 &#8211; 4 unterst\u00fctzen wir den Ganztagmit au\u00dferordentlichen Anschaffungen. Zudem f\u00f6rdern wir Projekte wie [&hellip;]<\/p>\n","protected":false},"author":9194084,"featured_media":0,"parent":0,"menu_order":0,"comment_status":"closed","ping_status":"closed","template":"","meta":{"footnotes":""},"class_list":["post-101","page","type-page","status-publish","hentry"],"_links":{"self":[{"href":"https:\/\/wordpress.nibis.de\/schuwie\/wp-json\/wp\/v2\/pages\/101","targetHints":{"allow":["GET"]}}],"collection":[{"href":"https:\/\/wordpress.nibis.de\/schuwie\/wp-json\/wp\/v2\/pages"}],"about":[{"href":"https:\/\/wordpress.nibis.de\/schuwie\/wp-json\/wp\/v2\/types\/page"}],"author":[{"embeddable":true,"href":"https:\/\/wordpress.nibis.de\/schuwie\/wp-json\/wp\/v2\/users\/9194084"}],"replies":[{"embeddable":true,"href":"https:\/\/wordpress.nibis.de\/schuwie\/wp-json\/wp\/v2\/comments?post=101"}],"version-history":[{"count":16,"href":"https:\/\/wordpress.nibis.de\/schuwie\/wp-json\/wp\/v2\/pages\/101\/revisions"}],"predecessor-version":[{"id":617,"href":"https:\/\/wordpress.nibis.de\/schuwie\/wp-json\/wp\/v2\/pages\/101\/revisions\/617"}],"wp:attachment":[{"href":"https:\/\/wordpress.nibis.de\/schuwie\/wp-json\/wp\/v2\/media?parent=101"}],"curies":[{"name":"wp","href":"https:\/\/api.w.org\/{rel}","templated":true}]}}