{"id":103,"date":"2023-02-02T20:13:58","date_gmt":"2023-02-02T19:13:58","guid":{"rendered":"https:\/\/wordpress.nibis.de\/schuwie\/?page_id=103"},"modified":"2025-03-17T15:30:26","modified_gmt":"2025-03-17T14:30:26","slug":"vorstand","status":"publish","type":"page","link":"https:\/\/wordpress.nibis.de\/schuwie\/vorstand\/","title":{"rendered":"Vorstand"},"content":{"rendered":"\n<p>Die j\u00e4hrlich stattfindende Mitgliederversammlung hat folgende Mitglieder im Vorstand best\u00e4tigt bzw. neu gew\u00e4hlt:<\/p>\n\n\n\n<div style=\"height:64px\" aria-hidden=\"true\" class=\"wp-block-spacer\"><\/div>\n\n\n\n<p>Vorsitzende:                                  Stephanie Grassau<\/p>\n\n\n\n<p>Stellvertretender Vorsitzender:     Tilman Lacko<\/p>\n\n\n\n<p>Schriftf\u00fchrerin:                              Sandra Viro-Gayk<\/p>\n\n\n\n<p>Schatzmeisterin:                           Miriam L\u00fcer<\/p>\n\n\n\n<p>Stellvertretende Schatzmeisterin: Simone Scalisi<\/p>\n\n\n\n<div style=\"height:64px\" aria-hidden=\"true\" class=\"wp-block-spacer\"><\/div>\n\n\n\n<p><strong>Vielen Dank f\u00fcr das tolle Engagement f\u00fcr die Grundschule Schunterwiesen!<\/strong><\/p>\n\n\n\n<div style=\"height:64px\" aria-hidden=\"true\" class=\"wp-block-spacer\"><\/div>\n\n\n\n<p>Der Vorstand des F\u00f6rdervereins ist f\u00fcr alle Fragen, W\u00fcnsche und Anliegen unter dieser E-Mail Adresse erreichbar:<br><br>Email:<a rel=\"noreferrer noopener\" href=\"&#x6d;&#97;i&#x6c;&#116;o&#x3a;&#102;v&#x2d;&#x73;&#99;&#x68;&#x75;&#110;t&#x65;&#114;w&#x69;&#101;s&#x65;&#x6e;&#64;&#x68;&#x65;&#105;l&#x69;&#103;e&#x6e;&#100;o&#x72;&#102;&#46;&#x64;&#x65;\" target=\"_blank\">&nbsp;&#102;&#x76;-&#115;&#x63;h&#117;&#x6e;t&#101;&#x72;w&#105;&#x65;s&#101;&#x6e;&#64;&#104;&#x65;i&#108;&#x69;g&#101;&#x6e;d&#111;&#x72;f&#46;&#x64;e<\/a><\/p>\n","protected":false},"excerpt":{"rendered":"<p>Die j\u00e4hrlich stattfindende Mitgliederversammlung hat folgende Mitglieder im Vorstand best\u00e4tigt bzw. neu gew\u00e4hlt: Vorsitzende: Stephanie Grassau Stellvertretender Vorsitzender: Tilman Lacko Schriftf\u00fchrerin: Sandra Viro-Gayk Schatzmeisterin: Miriam L\u00fcer Stellvertretende Schatzmeisterin: Simone Scalisi Vielen Dank f\u00fcr das tolle Engagement f\u00fcr die Grundschule Schunterwiesen! Der Vorstand des F\u00f6rdervereins ist f\u00fcr alle Fragen, W\u00fcnsche und Anliegen unter dieser E-Mail Adresse [&hellip;]<\/p>\n","protected":false},"author":9194084,"featured_media":0,"parent":0,"menu_order":0,"comment_status":"closed","ping_status":"closed","template":"","meta":{"footnotes":""},"class_list":["post-103","page","type-page","status-publish","hentry"],"_links":{"self":[{"href":"https:\/\/wordpress.nibis.de\/schuwie\/wp-json\/wp\/v2\/pages\/103","targetHints":{"allow":["GET"]}}],"collection":[{"href":"https:\/\/wordpress.nibis.de\/schuwie\/wp-json\/wp\/v2\/pages"}],"about":[{"href":"https:\/\/wordpress.nibis.de\/schuwie\/wp-json\/wp\/v2\/types\/page"}],"author":[{"embeddable":true,"href":"https:\/\/wordpress.nibis.de\/schuwie\/wp-json\/wp\/v2\/users\/9194084"}],"replies":[{"embeddable":true,"href":"https:\/\/wordpress.nibis.de\/schuwie\/wp-json\/wp\/v2\/comments?post=103"}],"version-history":[{"count":7,"href":"https:\/\/wordpress.nibis.de\/schuwie\/wp-json\/wp\/v2\/pages\/103\/revisions"}],"predecessor-version":[{"id":585,"href":"https:\/\/wordpress.nibis.de\/schuwie\/wp-json\/wp\/v2\/pages\/103\/revisions\/585"}],"wp:attachment":[{"href":"https:\/\/wordpress.nibis.de\/schuwie\/wp-json\/wp\/v2\/media?parent=103"}],"curies":[{"name":"wp","href":"https:\/\/api.w.org\/{rel}","templated":true}]}}