{"id":105,"date":"2023-02-02T20:14:12","date_gmt":"2023-02-02T19:14:12","guid":{"rendered":"https:\/\/wordpress.nibis.de\/schuwie\/?page_id=105"},"modified":"2025-09-09T10:20:28","modified_gmt":"2025-09-09T08:20:28","slug":"schulrandbetreuung","status":"publish","type":"page","link":"https:\/\/wordpress.nibis.de\/schuwie\/schulrandbetreuung\/","title":{"rendered":"Schulrandbetreuung"},"content":{"rendered":"\n<p>Der F\u00f6rderverein der Grundschule Schunterwiesen macht am Standort Heiligendorf eine Schulrandbetreuung m\u00f6glich. Im Anschluss an den Unterricht bietet ein Betreuerteam in den R\u00e4umen der Schule Bastelangebote an und betreut die Kinder beim freien Spiel. <\/p>\n\n\n\n<p><br>Der Beitrag f\u00fcr die Schulrandbetreuung betr\u00e4gt derzeit 70,00 \u20ac pro Quartal.<\/p>\n\n\n\n<p>Melden Sie sich beim F\u00f6rderverein, wenn Sie diese Betreuung f\u00fcr Ihr Kind nutzen m\u00f6chten. Je nach Bedarfslage kann es eine Warteliste geben.<\/p>\n\n\n\n<p>Das entsprechende&nbsp;<strong>Anmeldeformular<\/strong>&nbsp;k\u00f6nnen Sie&nbsp;downloaden.<\/p>\n\n\n\n<div class=\"wp-block-file\"><a id=\"wp-block-file--media-378b80b2-a754-4c6c-92e2-06fdd4dade56\" href=\"https:\/\/wordpress.nibis.de\/schuwie\/files\/2025\/09\/20250819_Anmeldung-SRB-GS-Schunterwiesen-1.pdf\">20250819_Anmeldung-SRB-GS-Schunterwiesen-1<\/a><a href=\"https:\/\/wordpress.nibis.de\/schuwie\/files\/2025\/09\/20250819_Anmeldung-SRB-GS-Schunterwiesen-1.pdf\" class=\"wp-block-file__button\" download aria-describedby=\"wp-block-file--media-378b80b2-a754-4c6c-92e2-06fdd4dade56\">Herunterladen<\/a><\/div>\n\n\n\n<p><\/p>\n","protected":false},"excerpt":{"rendered":"<p>Der F\u00f6rderverein der Grundschule Schunterwiesen macht am Standort Heiligendorf eine Schulrandbetreuung m\u00f6glich. Im Anschluss an den Unterricht bietet ein Betreuerteam in den R\u00e4umen der Schule Bastelangebote an und betreut die Kinder beim freien Spiel. Der Beitrag f\u00fcr die Schulrandbetreuung betr\u00e4gt derzeit 70,00 \u20ac pro Quartal. Melden Sie sich beim F\u00f6rderverein, wenn Sie diese Betreuung f\u00fcr [&hellip;]<\/p>\n","protected":false},"author":9194084,"featured_media":0,"parent":0,"menu_order":0,"comment_status":"closed","ping_status":"closed","template":"","meta":{"footnotes":""},"class_list":["post-105","page","type-page","status-publish","hentry"],"_links":{"self":[{"href":"https:\/\/wordpress.nibis.de\/schuwie\/wp-json\/wp\/v2\/pages\/105","targetHints":{"allow":["GET"]}}],"collection":[{"href":"https:\/\/wordpress.nibis.de\/schuwie\/wp-json\/wp\/v2\/pages"}],"about":[{"href":"https:\/\/wordpress.nibis.de\/schuwie\/wp-json\/wp\/v2\/types\/page"}],"author":[{"embeddable":true,"href":"https:\/\/wordpress.nibis.de\/schuwie\/wp-json\/wp\/v2\/users\/9194084"}],"replies":[{"embeddable":true,"href":"https:\/\/wordpress.nibis.de\/schuwie\/wp-json\/wp\/v2\/comments?post=105"}],"version-history":[{"count":9,"href":"https:\/\/wordpress.nibis.de\/schuwie\/wp-json\/wp\/v2\/pages\/105\/revisions"}],"predecessor-version":[{"id":619,"href":"https:\/\/wordpress.nibis.de\/schuwie\/wp-json\/wp\/v2\/pages\/105\/revisions\/619"}],"wp:attachment":[{"href":"https:\/\/wordpress.nibis.de\/schuwie\/wp-json\/wp\/v2\/media?parent=105"}],"curies":[{"name":"wp","href":"https:\/\/api.w.org\/{rel}","templated":true}]}}