{"id":162,"date":"2023-02-02T21:24:53","date_gmt":"2023-02-02T20:24:53","guid":{"rendered":"https:\/\/wordpress.nibis.de\/schuwie\/?page_id=162"},"modified":"2023-02-03T11:14:31","modified_gmt":"2023-02-03T10:14:31","slug":"geschichte-der-schule-heiligendorf","status":"publish","type":"page","link":"https:\/\/wordpress.nibis.de\/schuwie\/geschichte-der-schule-heiligendorf\/","title":{"rendered":"Geschichte der Schulen"},"content":{"rendered":"\n<h2 class=\"wp-block-heading\">Grundschule Heiligendorf<\/h2>\n\n\n\n<p>Seit 1948 stiegen die Sch\u00fclerzahlen stetig an. Das Backsteingeb\u00e4ude am Kirchplatz war einfach zu klein, um die fast 200 Volkssch\u00fcler unterrichten zu k\u00f6nnen.<\/p>\n\n\n\n<p>Ein Schulneubau wurde beschlossen und die neue Heiligendorfer Volksschule Schule am Gr\u00fcnen J\u00e4ger am 29. Juni 1957 mit dem Schulleiter August B\u00fcsing eingeweiht.<br>Von 1958 bis 1968 war Gerhard Voigt mit der Schulleitung beauftragt. In dieser Zeit wechselten nach und nach die oberen Jahrg\u00e4nge zu Schulen in Wolfsburg-Detmerode.<br>Als Horst Buchholz im Mai 1969 die Leitung der Schule \u00fcbernahm, blieben nur noch die Grundschulklassen in der Heiligendorfer Schule.<\/p>\n\n\n\n<p>Ab Mai 1972 nahm eine vorschulische Einrichtung, der Spiel- und F\u00f6rderkreis, seine Arbeit in der Schule auf. Er blieb bis zur Einweihung des Kindergartens 1977 bestehen.<br>Mit der Eingemeindung Heiligendorfs in die Stadt Wolfsburg am 1. Juli 1972 verbesserte sich die finanzielle Lage merklich. 1975 bekam die Schule einen neuen Au\u00dfenanstrich, alle Innenr\u00e4ume wurden renoviert und der Schulhof neu gestaltet.<\/p>\n\n\n\n<p>Anfang 1976 erhielt die Schule den Namen Grundschule Heiligendorf und z\u00e4hlte 1976\/77 f\u00fcr die Klassen 1 bis 4 insgesamt 123 Schulkinder. 1987 wurde die Schule durch einen Anbau erweitert.<\/p>\n\n\n\n<p>Von M\u00e4rz 1999 bis Juli 2020 leitete Frau Rinker-Hankel die Schule. Zum Schuljahr 2004\/05 wurde die Schule zur Verl\u00e4sslichen Grundschule und stellte drei P\u00e4dagogische Mitarbeiter ein.<br>Im Juni 2007 wurde das 50-j\u00e4hrige Bestehen mit einem gro\u00dfen Rahmenprogramm gefeiert. Mit dem Erl\u00f6s wurde eine eigene Schulb\u00fccherei geschaffen, die 2008 eingeweiht wurde.<br>Seit dem Schuljahr 2008\/09 bietet die Schule eine Sp\u00e4tbetreuung bis 14.00 Uhr, ab dem Schuljahr 2011\/12 bis 14.30 Uhr, an.<\/p>\n\n\n\n<p>Inzwischen besuchen auch Kinder aus umliegenden D\u00f6rfern die Heiligendorfer Grundschule.<br>Die sanit\u00e4ren Anlagen wurden 2010 komplett erneuert. Ein Raum wurde 2011 zu einer modernen Schulk\u00fcche umgebaut. Seit dem Fr\u00fchjahr 2012 ersetzt ein gro\u00dfes Spielger\u00e4t aus Holz die alte Sandkiste.<\/p>\n\n\n\n<p>Zum Schuljahr 2013\/2014 schloss sich die Grundschule Heiligendorf mit der Grundschule Hattorf zu einer offenen Ganztagsschule mit dem Namen Grundschule Schunterwiesen Hattorf-Heiligendorf zusammen.<\/p>\n\n\n\n<p>Im Sommer 2018 wurde der Schulhof durch neue Spielger\u00e4te und umfangreiche Pflasterbemalungen umfangreich erneuert.<\/p>\n\n\n\n<p>Seit dem Schuljahr 2020\/2021 leitet Frau Henniges die Schule.<\/p>\n\n\n\n<p class=\"has-text-align-center\"><\/p>\n\n\n\n<div class=\"wp-block-image\"><figure class=\"aligncenter size-full is-resized\"><img loading=\"lazy\" decoding=\"async\" src=\"https:\/\/wordpress.nibis.de\/schuwie\/files\/2023\/02\/gesch1.jpg\" alt=\"\" class=\"wp-image-163\" width=\"209\" height=\"150\" \/><\/figure><\/div>\n\n\n\n<p class=\"has-text-align-center\"><em>M\u00e4rz 1958<\/em><\/p>\n\n\n\n<p><\/p>\n\n\n\n<div class=\"wp-block-image\"><figure class=\"aligncenter size-full\"><img loading=\"lazy\" decoding=\"async\" width=\"212\" height=\"150\" src=\"https:\/\/wordpress.nibis.de\/schuwie\/files\/2023\/02\/gesch2.jpg\" alt=\"\" class=\"wp-image-164\" \/><\/figure><\/div>\n\n\n\n<p class=\"has-text-align-center\"><em><em>Einschulung 1969<\/em><\/em><\/p>\n\n\n\n<p><\/p>\n\n\n\n<div class=\"wp-block-image\"><figure class=\"aligncenter size-full\"><img loading=\"lazy\" decoding=\"async\" width=\"210\" height=\"150\" src=\"https:\/\/wordpress.nibis.de\/schuwie\/files\/2023\/02\/gesch3.jpg\" alt=\"\" class=\"wp-image-165\" \/><\/figure><\/div>\n\n\n\n<p class=\"has-text-align-center\"><em><em><em>Anbau 1987<\/em><\/em><\/em><\/p>\n\n\n\n<div style=\"height:228px\" aria-hidden=\"true\" class=\"wp-block-spacer\"><\/div>\n\n\n\n<h2 class=\"wp-block-heading\">Grundschule Hattorf<\/h2>\n\n\n\n<p>Schon 1532, gleich nach Einf\u00fchrung der Reformation, gab es in Hattorf eine Schule. 70 bis 80 Kinder wurden vom \u201eCustos\u201c in nur einem Raum des K\u00fcsterhauses unterrichtet.<\/p>\n\n\n\n<p>Erst mehr als 350 Jahre sp\u00e4ter richtete die Gemeinde im Pfarrwitwenhaus einen zweiten Klassenraum ein, weil Eltern sich beschwert hatten, dass viele Kinder im Unterricht stehen mussten. Als ein zweiter Lehrer eingestellt war, konnten Unterstufe, Mittelstufe und Oberstufe getrennt unterrichtet werden.Zu Beginn des 20. JH. gab es sogar zweimal eine Privatschule zus\u00e4tzlich.<\/p>\n\n\n\n<p>Bis 1960 wurden bis zu 100 Kinder so in zwei Klassenr\u00e4umen unterrichtet, dann war die neue, jetzige Schule mit drei Klassenr\u00e4umen fertig.&nbsp;3 Lehrkr\u00e4fte unterrichteten nun die Klassen 1 bis 8.<\/p>\n\n\n\n<p>1993\/94 endlich wurde die Schule, die seit 1966 \u201enur\u201c noch Grundschule war, um einen Anbau mit 2 weiteren Klassenr\u00e4umen und Funktionsr\u00e4umen erweitert, so dass endlich f\u00fcr einen modernen Unterricht gen\u00fcgend Platz vorhanden war.<\/p>\n\n\n\n<p>Durch den Zusammenschluss 2013\/14 mit der GS Heiligendorf entstand die offene Ganztagsschule GS Schunterwiesen. F\u00fcr den Ganztagsbetrieb wurde die Kindertagesst\u00e4tte zur Mensa umgebaut, ein \u00dcbergang zur Schule geschaffen und 2016 aus Brandschutzgr\u00fcnden eine Au\u00dfentreppe gebaut.<\/p>\n\n\n\n<p>Seit dem Schuljahr 2020\/2021 leitet Frau Henniges die Schule.<\/p>\n","protected":false},"excerpt":{"rendered":"<p>Grundschule Heiligendorf Seit 1948 stiegen die Sch\u00fclerzahlen stetig an. Das Backsteingeb\u00e4ude am Kirchplatz war einfach zu klein, um die fast 200 Volkssch\u00fcler unterrichten zu k\u00f6nnen. Ein Schulneubau wurde beschlossen und die neue Heiligendorfer Volksschule Schule am Gr\u00fcnen J\u00e4ger am 29. Juni 1957 mit dem Schulleiter August B\u00fcsing eingeweiht.Von 1958 bis 1968 war Gerhard Voigt mit [&hellip;]<\/p>\n","protected":false},"author":9194084,"featured_media":0,"parent":0,"menu_order":0,"comment_status":"closed","ping_status":"closed","template":"","meta":{"footnotes":""},"class_list":["post-162","page","type-page","status-publish","hentry"],"_links":{"self":[{"href":"https:\/\/wordpress.nibis.de\/schuwie\/wp-json\/wp\/v2\/pages\/162","targetHints":{"allow":["GET"]}}],"collection":[{"href":"https:\/\/wordpress.nibis.de\/schuwie\/wp-json\/wp\/v2\/pages"}],"about":[{"href":"https:\/\/wordpress.nibis.de\/schuwie\/wp-json\/wp\/v2\/types\/page"}],"author":[{"embeddable":true,"href":"https:\/\/wordpress.nibis.de\/schuwie\/wp-json\/wp\/v2\/users\/9194084"}],"replies":[{"embeddable":true,"href":"https:\/\/wordpress.nibis.de\/schuwie\/wp-json\/wp\/v2\/comments?post=162"}],"version-history":[{"count":3,"href":"https:\/\/wordpress.nibis.de\/schuwie\/wp-json\/wp\/v2\/pages\/162\/revisions"}],"predecessor-version":[{"id":192,"href":"https:\/\/wordpress.nibis.de\/schuwie\/wp-json\/wp\/v2\/pages\/162\/revisions\/192"}],"wp:attachment":[{"href":"https:\/\/wordpress.nibis.de\/schuwie\/wp-json\/wp\/v2\/media?parent=162"}],"curies":[{"name":"wp","href":"https:\/\/api.w.org\/{rel}","templated":true}]}}