{"id":2,"date":"2022-10-26T15:53:15","date_gmt":"2022-10-26T13:53:15","guid":{"rendered":"https:\/\/wordpress.nibis.de\/schuwie\/?page_id=2"},"modified":"2025-09-09T10:32:08","modified_gmt":"2025-09-09T08:32:08","slug":"beispiel-seite","status":"publish","type":"page","link":"https:\/\/wordpress.nibis.de\/schuwie\/beispiel-seite\/","title":{"rendered":"Standorte"},"content":{"rendered":"\n<p><\/p>\n\n\n\n<h2 class=\"wp-block-heading\">Standort Heiligendorf<\/h2>\n\n\n\n<p>Das Schulgeb\u00e4ude des Standorts Heiligendorf wurde 1957 erbaut. Es liegt in einem Wohngebiet in \u00f6stlicher Randlage des Ortes. Zur Schule geh\u00f6rt ein Schulhof mit \u00f6ffentlichem Spielplatz und Durchgangsweg. Der Standort Heiligendorf ist seit dem Schuljahr 2021\/22 mit 5 allgemeinen Unterrichtsr\u00e4umen mit teilweise technischer Ausstattung wie Smartboards, Beamer sowie Laptops und IPads ausgestattet. Die Schule verf\u00fcgt \u00fcber einen F\u00f6rderraum, eine Schulk\u00fcche, eine Sch\u00fclerb\u00fccherei und einen Werkraum im Keller. Die Turnhalle mit dem Sportplatz und das Lehrschwimmbecken befinden sich am westlichen Ortsausgang Heiligendorfs und sind in einem 20-min\u00fctigem Fu\u00dfweg zu erreichen.<\/p>\n\n\n\n<h2 class=\"wp-block-heading\">Standort Hattorf<\/h2>\n\n\n\n<p>Das Schulgeb\u00e4ude des Standorts Hattorf liegt direkt an der Hauptstra\u00dfe des Dorfes. Der Schulhof ist mit verschiedenen Spielger\u00e4ten ausgestattet. Es gibt viele Unterrichtsr\u00e4ume, teilweise in Mobilbauten untergebracht. Die technische Ausstattung der R\u00e4ume reicht von Smartboards, Beamer, Laptops und IPads. Die Schulb\u00fccherei bereichert die p\u00e4dagogische Arbeit, die Kellerr\u00e4ume werden f\u00fcr den Werk- und Musikunterricht genutzt. <\/p>\n\n\n\n<p>Durch den Zusammenschluss 2013\/14 mit der GS Heiligendorf entstand die offene Ganztagsschule GS Schunterwiesen. F\u00fcr den Ganztagsbetrieb wurde die Kindertagesst\u00e4tte zur Mensa umgebaut und ein \u00dcbergang zur Schule geschaffen. Seit dem Schuljahr 2021\/ 22 ist die Grundschule Schunterwiesen dreiz\u00fcgig.<\/p>\n","protected":false},"excerpt":{"rendered":"<p>Standort Heiligendorf Das Schulgeb\u00e4ude des Standorts Heiligendorf wurde 1957 erbaut. Es liegt in einem Wohngebiet in \u00f6stlicher Randlage des Ortes. Zur Schule geh\u00f6rt ein Schulhof mit \u00f6ffentlichem Spielplatz und Durchgangsweg. Der Standort Heiligendorf ist seit dem Schuljahr 2021\/22 mit 5 allgemeinen Unterrichtsr\u00e4umen mit teilweise technischer Ausstattung wie Smartboards, Beamer sowie Laptops und IPads ausgestattet. Die [&hellip;]<\/p>\n","protected":false},"author":9194084,"featured_media":0,"parent":0,"menu_order":0,"comment_status":"closed","ping_status":"open","template":"","meta":{"footnotes":""},"class_list":["post-2","page","type-page","status-publish","hentry"],"_links":{"self":[{"href":"https:\/\/wordpress.nibis.de\/schuwie\/wp-json\/wp\/v2\/pages\/2","targetHints":{"allow":["GET"]}}],"collection":[{"href":"https:\/\/wordpress.nibis.de\/schuwie\/wp-json\/wp\/v2\/pages"}],"about":[{"href":"https:\/\/wordpress.nibis.de\/schuwie\/wp-json\/wp\/v2\/types\/page"}],"author":[{"embeddable":true,"href":"https:\/\/wordpress.nibis.de\/schuwie\/wp-json\/wp\/v2\/users\/9194084"}],"replies":[{"embeddable":true,"href":"https:\/\/wordpress.nibis.de\/schuwie\/wp-json\/wp\/v2\/comments?post=2"}],"version-history":[{"count":6,"href":"https:\/\/wordpress.nibis.de\/schuwie\/wp-json\/wp\/v2\/pages\/2\/revisions"}],"predecessor-version":[{"id":621,"href":"https:\/\/wordpress.nibis.de\/schuwie\/wp-json\/wp\/v2\/pages\/2\/revisions\/621"}],"wp:attachment":[{"href":"https:\/\/wordpress.nibis.de\/schuwie\/wp-json\/wp\/v2\/media?parent=2"}],"curies":[{"name":"wp","href":"https:\/\/api.w.org\/{rel}","templated":true}]}}