{"id":33,"date":"2023-01-30T21:37:37","date_gmt":"2023-01-30T20:37:37","guid":{"rendered":"https:\/\/wordpress.nibis.de\/schuwie\/?page_id=33"},"modified":"2025-10-08T15:39:06","modified_gmt":"2025-10-08T13:39:06","slug":"schulleben","status":"publish","type":"page","link":"https:\/\/wordpress.nibis.de\/schuwie\/schulleben\/","title":{"rendered":"Schulleben"},"content":{"rendered":"\n<h2 class=\"wp-block-heading\"><strong>Schuljahr 2025\/ 26<\/strong><\/h2>\n\n\n\n<div style=\"height:64px\" aria-hidden=\"true\" class=\"wp-block-spacer\"><\/div>\n\n\n\n<h2 class=\"wp-block-heading\"><strong>Autorenlesung<\/strong><\/h2>\n\n\n\n<p>Dirk Petrick &#8211; Autor und Synchronsprecher &#8211; wird uns in diesem Jahr mit einer Autorenlesung begeistern. Beide Schulstandorte k\u00f6nnen sich Anfang November auf einen besonderen Vormittag freuen!<\/p>\n\n\n\n<div style=\"height:64px\" aria-hidden=\"true\" class=\"wp-block-spacer\"><\/div>\n\n\n\n<h2 class=\"wp-block-heading\"><strong>Standortfeste<\/strong><\/h2>\n\n\n\n<p>An beiden Standorten warten fr\u00f6hliche Nachmittage f\u00fcr die ganze Familie. In Heiligendorf und Hattorf haben die Eltern der Sch\u00fclerinnen und Sch\u00fcler Spiel- und Spa\u00dfstationen vorbereitet, f\u00fcr das leibliche Wohl ist nat\u00fcrlich ebenso gesorgt!<\/p>\n\n\n\n<figure class=\"wp-block-image size-large is-resized\"><img loading=\"lazy\" decoding=\"async\" src=\"https:\/\/wordpress.nibis.de\/schuwie\/files\/2025\/09\/Schulfest-Hei2-1200x675.jpg\" alt=\"\" class=\"wp-image-632\" width=\"588\" height=\"330\" srcset=\"https:\/\/wordpress.nibis.de\/schuwie\/files\/2025\/09\/Schulfest-Hei2-1200x675.jpg 1200w, https:\/\/wordpress.nibis.de\/schuwie\/files\/2025\/09\/Schulfest-Hei2-850x478.jpg 850w, https:\/\/wordpress.nibis.de\/schuwie\/files\/2025\/09\/Schulfest-Hei2-250x141.jpg 250w\" sizes=\"auto, (max-width: 588px) 100vw, 588px\" \/><\/figure>\n\n\n\n<figure class=\"wp-block-image size-large is-resized\"><img loading=\"lazy\" decoding=\"async\" src=\"https:\/\/wordpress.nibis.de\/schuwie\/files\/2025\/10\/Schulfest-Ha-1200x675.jpg\" alt=\"\" class=\"wp-image-645\" width=\"588\" height=\"330\" srcset=\"https:\/\/wordpress.nibis.de\/schuwie\/files\/2025\/10\/Schulfest-Ha-1200x675.jpg 1200w, https:\/\/wordpress.nibis.de\/schuwie\/files\/2025\/10\/Schulfest-Ha-850x478.jpg 850w, https:\/\/wordpress.nibis.de\/schuwie\/files\/2025\/10\/Schulfest-Ha-250x141.jpg 250w\" sizes=\"auto, (max-width: 588px) 100vw, 588px\" \/><\/figure>\n\n\n\n<div style=\"height:64px\" aria-hidden=\"true\" class=\"wp-block-spacer\"><\/div>\n\n\n\n<h2 class=\"wp-block-heading\"><strong>Basteln im Herbst<\/strong><\/h2>\n\n\n\n<p>Besonders in der Jahreszeit der Ernte werden viele Dinge aus der Natur gesammelt, gesucht und bebastelt. Ein bunter Vormittag in den ersten Klassen brachte leuchtende Laternen und Igel an die Fenster. Wir sind f\u00fcr die schummerige Laternenzeit ger\u00fcstet! Kastanien und Eicheln werden zu Zahlen und Buchstaben gelegt. Auch zu den Buchstaben der Woche wurde eine pr\u00e4chtige L\u00f6wenm\u00e4hne aus Bl\u00e4ttern geklebt. Es macht allen gro\u00dfen Spa\u00df!<\/p>\n\n\n\n<figure class=\"wp-block-image size-large is-resized\"><img loading=\"lazy\" decoding=\"async\" src=\"https:\/\/wordpress.nibis.de\/schuwie\/files\/2025\/09\/Igel-am-Fenster-1200x675.jpg\" alt=\"\" class=\"wp-image-628\" width=\"584\" height=\"328\" srcset=\"https:\/\/wordpress.nibis.de\/schuwie\/files\/2025\/09\/Igel-am-Fenster-1200x675.jpg 1200w, https:\/\/wordpress.nibis.de\/schuwie\/files\/2025\/09\/Igel-am-Fenster-850x478.jpg 850w, https:\/\/wordpress.nibis.de\/schuwie\/files\/2025\/09\/Igel-am-Fenster-250x141.jpg 250w\" sizes=\"auto, (max-width: 584px) 100vw, 584px\" \/><\/figure>\n\n\n\n<div style=\"height:64px\" aria-hidden=\"true\" class=\"wp-block-spacer\"><\/div>\n\n\n\n<h2 class=\"wp-block-heading\"><strong>M\u00fchle Abbenrode<\/strong><\/h2>\n\n\n\n<p>Mal wieder bei strahlendem Sonnenschein k\u00f6nnen die 3. Klassen den Lernort Bockwindm\u00fchle Abbenrode nutzen! Viele Eindr\u00fccke brachten tolle Lernerfolge und lie\u00dfen den Vormittag so besonders werden.  <\/p>\n\n\n\n<figure class=\"wp-block-image size-large is-resized\"><img loading=\"lazy\" decoding=\"async\" src=\"https:\/\/wordpress.nibis.de\/schuwie\/files\/2025\/01\/20230907_103738-1200x675.jpg\" alt=\"\" class=\"wp-image-546\" width=\"570\" height=\"320\" srcset=\"https:\/\/wordpress.nibis.de\/schuwie\/files\/2025\/01\/20230907_103738-1200x675.jpg 1200w, https:\/\/wordpress.nibis.de\/schuwie\/files\/2025\/01\/20230907_103738-850x478.jpg 850w, https:\/\/wordpress.nibis.de\/schuwie\/files\/2025\/01\/20230907_103738-250x141.jpg 250w\" sizes=\"auto, (max-width: 570px) 100vw, 570px\" \/><\/figure>\n\n\n\n<div style=\"height:64px\" aria-hidden=\"true\" class=\"wp-block-spacer\"><\/div>\n\n\n\n<h2 class=\"wp-block-heading\"><strong>Einschulung <\/strong>&#8211; <strong>Willkommen!<\/strong><\/h2>\n\n\n\n<p>Drei erste Klassen k\u00f6nnen wir in diesem Jahr wieder an der Grundschule Schunterwiesen willkommen hei\u00dfen! Wir freuen uns auf euch! Wir sind gespannt, wie ihr unser Schulleben bereichert! Und ihr k\u00f6nnt euch auf spannende Jahre in eurer Grundschule freuen!<\/p>\n\n\n\n<p>Allen einen guten Start ins neue Schuljahr! <\/p>\n\n\n\n<figure class=\"wp-block-image size-large is-resized\"><img loading=\"lazy\" decoding=\"async\" src=\"https:\/\/wordpress.nibis.de\/schuwie\/files\/2025\/09\/Einschulung-1200x675.jpeg\" alt=\"\" class=\"wp-image-623\" width=\"572\" height=\"321\" srcset=\"https:\/\/wordpress.nibis.de\/schuwie\/files\/2025\/09\/Einschulung-1200x675.jpeg 1200w, https:\/\/wordpress.nibis.de\/schuwie\/files\/2025\/09\/Einschulung-850x478.jpeg 850w, https:\/\/wordpress.nibis.de\/schuwie\/files\/2025\/09\/Einschulung-250x141.jpeg 250w\" sizes=\"auto, (max-width: 572px) 100vw, 572px\" \/><\/figure>\n\n\n\n<p><\/p>\n","protected":false},"excerpt":{"rendered":"<p>Schuljahr 2025\/ 26 Autorenlesung Dirk Petrick &#8211; Autor und Synchronsprecher &#8211; wird uns in diesem Jahr mit einer Autorenlesung begeistern. Beide Schulstandorte k\u00f6nnen sich Anfang November auf einen besonderen Vormittag freuen! Standortfeste An beiden Standorten warten fr\u00f6hliche Nachmittage f\u00fcr die ganze Familie. In Heiligendorf und Hattorf haben die Eltern der Sch\u00fclerinnen und Sch\u00fcler Spiel- und [&hellip;]<\/p>\n","protected":false},"author":9194084,"featured_media":0,"parent":0,"menu_order":0,"comment_status":"closed","ping_status":"closed","template":"","meta":{"footnotes":""},"class_list":["post-33","page","type-page","status-publish","hentry"],"_links":{"self":[{"href":"https:\/\/wordpress.nibis.de\/schuwie\/wp-json\/wp\/v2\/pages\/33","targetHints":{"allow":["GET"]}}],"collection":[{"href":"https:\/\/wordpress.nibis.de\/schuwie\/wp-json\/wp\/v2\/pages"}],"about":[{"href":"https:\/\/wordpress.nibis.de\/schuwie\/wp-json\/wp\/v2\/types\/page"}],"author":[{"embeddable":true,"href":"https:\/\/wordpress.nibis.de\/schuwie\/wp-json\/wp\/v2\/users\/9194084"}],"replies":[{"embeddable":true,"href":"https:\/\/wordpress.nibis.de\/schuwie\/wp-json\/wp\/v2\/comments?post=33"}],"version-history":[{"count":64,"href":"https:\/\/wordpress.nibis.de\/schuwie\/wp-json\/wp\/v2\/pages\/33\/revisions"}],"predecessor-version":[{"id":647,"href":"https:\/\/wordpress.nibis.de\/schuwie\/wp-json\/wp\/v2\/pages\/33\/revisions\/647"}],"wp:attachment":[{"href":"https:\/\/wordpress.nibis.de\/schuwie\/wp-json\/wp\/v2\/media?parent=33"}],"curies":[{"name":"wp","href":"https:\/\/api.w.org\/{rel}","templated":true}]}}