{"id":83,"date":"2023-02-02T20:11:19","date_gmt":"2023-02-02T19:11:19","guid":{"rendered":"https:\/\/wordpress.nibis.de\/schuwie\/?page_id=83"},"modified":"2025-09-09T11:00:16","modified_gmt":"2025-09-09T09:00:16","slug":"team","status":"publish","type":"page","link":"https:\/\/wordpress.nibis.de\/schuwie\/team\/","title":{"rendered":"Team"},"content":{"rendered":"\n<figure class=\"wp-block-image size-large\"><img loading=\"lazy\" decoding=\"async\" width=\"1200\" height=\"675\" src=\"https:\/\/wordpress.nibis.de\/schuwie\/files\/2023\/10\/Kollegium-bearb-2-1200x675.jpg\" alt=\"\" class=\"wp-image-388\" srcset=\"https:\/\/wordpress.nibis.de\/schuwie\/files\/2023\/10\/Kollegium-bearb-2-1200x675.jpg 1200w, https:\/\/wordpress.nibis.de\/schuwie\/files\/2023\/10\/Kollegium-bearb-2-850x478.jpg 850w, https:\/\/wordpress.nibis.de\/schuwie\/files\/2023\/10\/Kollegium-bearb-2-250x141.jpg 250w\" sizes=\"auto, (max-width: 1200px) 100vw, 1200px\" \/><\/figure>\n\n\n\n<p><strong>Schulleiterin<\/strong>: Frau Henniges<\/p>\n\n\n\n<p><br><strong>Lehrerinnen<\/strong>: Frau Burmester, Frau Gro\u00df, Frau Hodel, Frau Illner, Frau Istock (LiVd), Frau Janssen, Frau Lange, Frau Lau, Frau Lucas, Frau Scherner, Frau Schmidt, Frau Schramm, Frau Semrau, Frau Steinert, Frau Vogler<\/p>\n\n\n\n<p><br><strong>F\u00f6rderschullehrerinnen<\/strong>: Frau Hachmeier<br><\/p>\n\n\n\n<p><strong>P\u00e4dagogische Mitarbeiterinnen<\/strong>: Frau Baartz, Frau Brauner, Frau Geppert, Frau Hansmann<br><\/p>\n\n\n\n<p><strong>Sekret\u00e4rin<\/strong>: Frau Scheier<\/p>\n\n\n\n<p><\/p>\n\n\n\n<p><strong>Hausmeister<\/strong>: Herr Schwerdfeger<\/p>\n\n\n\n<div style=\"height:31px\" aria-hidden=\"true\" class=\"wp-block-spacer\"><\/div>\n\n\n\n<p><\/p>\n","protected":false},"excerpt":{"rendered":"<p>Schulleiterin: Frau Henniges Lehrerinnen: Frau Burmester, Frau Gro\u00df, Frau Hodel, Frau Illner, Frau Istock (LiVd), Frau Janssen, Frau Lange, Frau Lau, Frau Lucas, Frau Scherner, Frau Schmidt, Frau Schramm, Frau Semrau, Frau Steinert, Frau Vogler F\u00f6rderschullehrerinnen: Frau Hachmeier P\u00e4dagogische Mitarbeiterinnen: Frau Baartz, Frau Brauner, Frau Geppert, Frau Hansmann Sekret\u00e4rin: Frau Scheier Hausmeister: Herr Schwerdfeger<\/p>\n","protected":false},"author":9194084,"featured_media":0,"parent":0,"menu_order":0,"comment_status":"closed","ping_status":"closed","template":"","meta":{"footnotes":""},"class_list":["post-83","page","type-page","status-publish","hentry"],"_links":{"self":[{"href":"https:\/\/wordpress.nibis.de\/schuwie\/wp-json\/wp\/v2\/pages\/83","targetHints":{"allow":["GET"]}}],"collection":[{"href":"https:\/\/wordpress.nibis.de\/schuwie\/wp-json\/wp\/v2\/pages"}],"about":[{"href":"https:\/\/wordpress.nibis.de\/schuwie\/wp-json\/wp\/v2\/types\/page"}],"author":[{"embeddable":true,"href":"https:\/\/wordpress.nibis.de\/schuwie\/wp-json\/wp\/v2\/users\/9194084"}],"replies":[{"embeddable":true,"href":"https:\/\/wordpress.nibis.de\/schuwie\/wp-json\/wp\/v2\/comments?post=83"}],"version-history":[{"count":17,"href":"https:\/\/wordpress.nibis.de\/schuwie\/wp-json\/wp\/v2\/pages\/83\/revisions"}],"predecessor-version":[{"id":622,"href":"https:\/\/wordpress.nibis.de\/schuwie\/wp-json\/wp\/v2\/pages\/83\/revisions\/622"}],"wp:attachment":[{"href":"https:\/\/wordpress.nibis.de\/schuwie\/wp-json\/wp\/v2\/media?parent=83"}],"curies":[{"name":"wp","href":"https:\/\/api.w.org\/{rel}","templated":true}]}}