{"id":87,"date":"2023-02-02T20:11:48","date_gmt":"2023-02-02T19:11:48","guid":{"rendered":"https:\/\/wordpress.nibis.de\/schuwie\/?page_id=87"},"modified":"2023-09-19T23:13:49","modified_gmt":"2023-09-19T21:13:49","slug":"schulelternrat","status":"publish","type":"page","link":"https:\/\/wordpress.nibis.de\/schuwie\/schulelternrat\/","title":{"rendered":"Schulelternrat"},"content":{"rendered":"\n<h2 class=\"wp-block-heading\">Elternvertretung<\/h2>\n\n\n\n<p>Eine vertrauensvolle und konstruktive Zusammenarbeit zwischen Eltern und Schule ist eine der Grundvoraussetzungen daf\u00fcr, dass die Schulzeit der Kinder erfolgreich und unbeschwert verl\u00e4uft. Den Eltern bieten sich vielf\u00e4ltige M\u00f6glichkeiten, auf die Arbeit in der Schule Einfluss zu nehmen, mitzuwirken und zu unterst\u00fctzen.&nbsp;&nbsp;<\/p>\n\n\n\n<h3 class=\"wp-block-heading\"><br>Die Aufgaben des Schulelternrats<\/h3>\n\n\n\n<p>Der Schulelternrat:<\/p>\n\n\n\n<ul class=\"wp-block-list\"><li>er\u00f6rtert alle die Schule und die Sch\u00fclerschaft betreffenden Fragen.<\/li><li>unterst\u00fctzt die Klassenelternschaften und leitet Informationen an diese weiter.<\/li><li>vertritt die Interessen der Elternschaft gegen\u00fcber Schulleitung und Schultr\u00e4ger.<\/li><li>gestaltet das Schulleben mit (wirkt unterst\u00fctzend und initiativ bei schulischen Aktivit\u00e4ten).<\/li><li>w\u00e4hlt das Vorstandsteam des Schulelternrates.<\/li><li>w\u00e4hlt die Vertreter und Stellvertreter der Eltern in der Gesamtkonferenz.<\/li><li>stellt die Elternvertreter f\u00fcr die Fachkonferenzen.<\/li><\/ul>\n\n\n\n<p><\/p>\n\n\n\n<p><\/p>\n\n\n\n<p><strong>Vorsitzender des Schulelternrats<\/strong>: Frau Wissmann<\/p>\n","protected":false},"excerpt":{"rendered":"<p>Elternvertretung Eine vertrauensvolle und konstruktive Zusammenarbeit zwischen Eltern und Schule ist eine der Grundvoraussetzungen daf\u00fcr, dass die Schulzeit der Kinder erfolgreich und unbeschwert verl\u00e4uft. Den Eltern bieten sich vielf\u00e4ltige M\u00f6glichkeiten, auf die Arbeit in der Schule Einfluss zu nehmen, mitzuwirken und zu unterst\u00fctzen.&nbsp;&nbsp; Die Aufgaben des Schulelternrats Der Schulelternrat: er\u00f6rtert alle die Schule und die [&hellip;]<\/p>\n","protected":false},"author":9194084,"featured_media":0,"parent":0,"menu_order":0,"comment_status":"closed","ping_status":"closed","template":"","meta":{"footnotes":""},"class_list":["post-87","page","type-page","status-publish","hentry"],"_links":{"self":[{"href":"https:\/\/wordpress.nibis.de\/schuwie\/wp-json\/wp\/v2\/pages\/87","targetHints":{"allow":["GET"]}}],"collection":[{"href":"https:\/\/wordpress.nibis.de\/schuwie\/wp-json\/wp\/v2\/pages"}],"about":[{"href":"https:\/\/wordpress.nibis.de\/schuwie\/wp-json\/wp\/v2\/types\/page"}],"author":[{"embeddable":true,"href":"https:\/\/wordpress.nibis.de\/schuwie\/wp-json\/wp\/v2\/users\/9194084"}],"replies":[{"embeddable":true,"href":"https:\/\/wordpress.nibis.de\/schuwie\/wp-json\/wp\/v2\/comments?post=87"}],"version-history":[{"count":7,"href":"https:\/\/wordpress.nibis.de\/schuwie\/wp-json\/wp\/v2\/pages\/87\/revisions"}],"predecessor-version":[{"id":379,"href":"https:\/\/wordpress.nibis.de\/schuwie\/wp-json\/wp\/v2\/pages\/87\/revisions\/379"}],"wp:attachment":[{"href":"https:\/\/wordpress.nibis.de\/schuwie\/wp-json\/wp\/v2\/media?parent=87"}],"curies":[{"name":"wp","href":"https:\/\/api.w.org\/{rel}","templated":true}]}}