{"id":89,"date":"2023-02-02T20:12:03","date_gmt":"2023-02-02T19:12:03","guid":{"rendered":"https:\/\/wordpress.nibis.de\/schuwie\/?page_id=89"},"modified":"2026-04-15T12:44:01","modified_gmt":"2026-04-15T10:44:01","slug":"termine","status":"publish","type":"page","link":"https:\/\/wordpress.nibis.de\/schuwie\/termine\/","title":{"rendered":"Termine"},"content":{"rendered":"\n<p><strong>Termine 2025\/ 26<\/strong><\/p>\n\n\n\n<p><\/p>\n\n\n\n<figure class=\"wp-block-table\"><table><tbody><tr><td>30. Januar<\/td><td>Zeugnisausgabe, unterrichtsfrei nach 3. Schulstunde, keine Notbetreuung<\/td><\/tr><tr><td>02. &#8211; 03. Februar<\/td><td>Zeugnisferien<\/td><\/tr><tr><td>13. Februar<\/td><td>Faschingsfeier<\/td><\/tr><tr><td>04. M\u00e4rz<\/td><td>Elternabend Schulanf\u00e4nger 2026\/ 27<\/td><\/tr><tr><td>11. &#8211; 20. M\u00e4rz<\/td><td>Elternsprechtage<\/td><\/tr><tr><td>13. M\u00e4rz<\/td><td>Fr\u00fchjahrsputz in den Klassen<\/td><\/tr><tr><td>16. M\u00e4rz<\/td><td>Eierh\u00e4ngen Heiligendorf<\/td><\/tr><tr><td>17. M\u00e4rz<\/td><td>Elternabend Schulanf\u00e4nger 2027\/ 28<\/td><\/tr><tr><td>19. M\u00e4rz<\/td><td>K\u00e4nguruwettbewerb der Mathematik<\/td><\/tr><tr><td>23. M\u00e4rz-7. April<\/td><td>Osterferien<\/td><\/tr><tr><td>24. April<\/td><td>Lesewettbewerb<\/td><\/tr><tr><td>27. April<\/td><td>Tischtenniscup<\/td><\/tr><tr><td>27. &#8211; 30. April<\/td><td>Mobilit\u00e4tswoche Hattorf<\/td><\/tr><tr><td>04. &#8211; 07. Mai<\/td><td>Mobilit\u00e4tswoche Heiligendorf<\/td><\/tr><tr><td>04. &#8211; 08. Mai<\/td><td>Schulanmeldung Schulanf\u00e4nger 2027\/ 28<\/td><\/tr><tr><td>15. Mai<\/td><td>unterrichtsfrei (Christi Himmelfahrt)<\/td><\/tr><tr><td>18. Mai<\/td><td>SchiLf (unterrichtsfrei), Notbetreuung m\u00f6glich<\/td><\/tr><tr><td>22. Mai<\/td><td>Bundesjugendspiele<\/td><\/tr><tr><td>26. Mai<\/td><td>unterrichtsfrei (Pfingsten)<\/td><\/tr><tr><td>01. Juni<\/td><td>Gesamtkonferenz<\/td><\/tr><tr><td>08. &#8211; 12. Juni<\/td><td>Zirkusprojektwoche<\/td><\/tr><tr><td>15. Juni<\/td><td>Zeugniskonferenzen<\/td><\/tr><tr><td>29. Juni<\/td><td>Verabschiedung 4. Klassen<\/td><\/tr><tr><td>1. Juli<\/td><td>Zeugnisausgabe, unterrichtsfrei nach 3. Schulstunde, keine Notbetreuung<\/td><\/tr><tr><td>2. Juli &#8211; 12. August<\/td><td>Sommerferien<\/td><\/tr><tr><td>13. August<\/td><td>Schulstart zum neuen Schuljahr<\/td><\/tr><tr><td>15. August<\/td><td>Einschulung<\/td><\/tr><\/tbody><\/table><\/figure>\n\n\n\n<p><\/p>\n\n\n\n<p><\/p>\n\n\n\n<p><\/p>\n","protected":false},"excerpt":{"rendered":"<p>Termine 2025\/ 26 30. Januar Zeugnisausgabe, unterrichtsfrei nach 3. Schulstunde, keine Notbetreuung 02. &#8211; 03. Februar Zeugnisferien 13. Februar Faschingsfeier 04. M\u00e4rz Elternabend Schulanf\u00e4nger 2026\/ 27 11. &#8211; 20. M\u00e4rz Elternsprechtage 13. M\u00e4rz Fr\u00fchjahrsputz in den Klassen 16. M\u00e4rz Eierh\u00e4ngen Heiligendorf 17. M\u00e4rz Elternabend Schulanf\u00e4nger 2027\/ 28 19. M\u00e4rz K\u00e4nguruwettbewerb der Mathematik 23. M\u00e4rz-7. April [&hellip;]<\/p>\n","protected":false},"author":9194084,"featured_media":0,"parent":0,"menu_order":0,"comment_status":"closed","ping_status":"closed","template":"","meta":{"footnotes":""},"class_list":["post-89","page","type-page","status-publish","hentry"],"_links":{"self":[{"href":"https:\/\/wordpress.nibis.de\/schuwie\/wp-json\/wp\/v2\/pages\/89","targetHints":{"allow":["GET"]}}],"collection":[{"href":"https:\/\/wordpress.nibis.de\/schuwie\/wp-json\/wp\/v2\/pages"}],"about":[{"href":"https:\/\/wordpress.nibis.de\/schuwie\/wp-json\/wp\/v2\/types\/page"}],"author":[{"embeddable":true,"href":"https:\/\/wordpress.nibis.de\/schuwie\/wp-json\/wp\/v2\/users\/9194084"}],"replies":[{"embeddable":true,"href":"https:\/\/wordpress.nibis.de\/schuwie\/wp-json\/wp\/v2\/comments?post=89"}],"version-history":[{"count":27,"href":"https:\/\/wordpress.nibis.de\/schuwie\/wp-json\/wp\/v2\/pages\/89\/revisions"}],"predecessor-version":[{"id":657,"href":"https:\/\/wordpress.nibis.de\/schuwie\/wp-json\/wp\/v2\/pages\/89\/revisions\/657"}],"wp:attachment":[{"href":"https:\/\/wordpress.nibis.de\/schuwie\/wp-json\/wp\/v2\/media?parent=89"}],"curies":[{"name":"wp","href":"https:\/\/api.w.org\/{rel}","templated":true}]}}