{"id":93,"date":"2023-02-02T20:12:30","date_gmt":"2023-02-02T19:12:30","guid":{"rendered":"https:\/\/wordpress.nibis.de\/schuwie\/?page_id=93"},"modified":"2025-09-07T16:46:11","modified_gmt":"2025-09-07T14:46:11","slug":"team-ganztag","status":"publish","type":"page","link":"https:\/\/wordpress.nibis.de\/schuwie\/team-ganztag\/","title":{"rendered":"Team Ganztag"},"content":{"rendered":"\n<h1 class=\"wp-block-heading\">Offene Ganztagsschule<\/h1>\n\n\n\n<p>Seit dem Schuljahr 2013\/2014 ist die Grundschule Schunterwiesen eine offene<br>Ganztagsschule. Das bedeutet, dass Kinder f\u00fcr eine p\u00e4dagogische Betreuung bis 16 Uhr<br>am Standort Hattorf angemeldet werden k\u00f6nnen, die sie nach dem regul\u00e4ren<br>Schulvormittag besuchen.<\/p>\n\n\n\n<p><br>Durch feste Arbeitsgemeinschaften, offene Angebote und das Freie Spiel&nbsp;werden<br>Bildungsangebote geschaffen.<br>Als Kooperationspartner haben wir die Musikschule Wolfsburg, die Freiwilligen<br>Feuerwehren Hattorf und Heiligendorf, den MTV Hattorf, den Kulturverein Hattorf und<br>den Raum zum Wachsen (Plantage).<\/p>\n\n\n\n<p><br>Das Angebot des Nachmittagsbereiches umfasst verschiedene Bereiche. Hierzu geh\u00f6ren<br>neben der Hausaufgabenbetreuung ein gesundes Mittagessen durch Sander Catering<br>aus Koblenz sowie verschiedene AG-Angebote mit den Schwerpunkten Sport und<br>Bewegung sowie Kreativit\u00e4t und Gestaltung.<\/p>\n\n\n\n<p><\/p>\n\n\n\n<p><strong>Hier finden Sie verschiedene Formulare<\/strong>: <\/p>\n\n\n\n<p>Anmeldung zur Offenen Ganztagsschule:<\/p>\n\n\n\n<div class=\"wp-block-file\"><a id=\"wp-block-file--media-c7e0a8f9-2eab-49fd-bea4-82f26d9598e6\" href=\"https:\/\/wordpress.nibis.de\/schuwie\/files\/2025\/09\/Anmeldung-GS-Schunterwiesen.pdf\">Anmeldung-GS-Schunterwiesen<\/a><a href=\"https:\/\/wordpress.nibis.de\/schuwie\/files\/2025\/09\/Anmeldung-GS-Schunterwiesen.pdf\" class=\"wp-block-file__button\" download aria-describedby=\"wp-block-file--media-c7e0a8f9-2eab-49fd-bea4-82f26d9598e6\">Herunterladen<\/a><\/div>\n\n\n\n<p>Anmeldung zur Schulverpflegung:<\/p>\n\n\n\n<div class=\"wp-block-file\"><a id=\"wp-block-file--media-74b74163-c398-4de7-b32f-3a9d9e15fe7b\" href=\"https:\/\/wordpress.nibis.de\/schuwie\/files\/2025\/09\/GS_Anmeldung_Schulverpflegung.pdf\">GS_Anmeldung_Schulverpflegung<\/a><a href=\"https:\/\/wordpress.nibis.de\/schuwie\/files\/2025\/09\/GS_Anmeldung_Schulverpflegung.pdf\" class=\"wp-block-file__button\" download aria-describedby=\"wp-block-file--media-74b74163-c398-4de7-b32f-3a9d9e15fe7b\">Herunterladen<\/a><\/div>\n\n\n\n<p>\u00c4nderung zur Schulverpflegung: <\/p>\n\n\n\n<div class=\"wp-block-file\"><a id=\"wp-block-file--media-1ca0416b-7ce2-43eb-82a7-d0d996899ad0\" href=\"https:\/\/wordpress.nibis.de\/schuwie\/files\/2025\/09\/GS_Aenderung_Schulverpflegung.pdf\">GS_Aenderung_Schulverpflegung<\/a><a href=\"https:\/\/wordpress.nibis.de\/schuwie\/files\/2025\/09\/GS_Aenderung_Schulverpflegung.pdf\" class=\"wp-block-file__button\" download aria-describedby=\"wp-block-file--media-1ca0416b-7ce2-43eb-82a7-d0d996899ad0\">Herunterladen<\/a><\/div>\n\n\n\n<div style=\"height:64px\" aria-hidden=\"true\" class=\"wp-block-spacer\"><\/div>\n\n\n\n<h2 class=\"wp-block-heading\">Unser Team<\/h2>\n\n\n\n<p>Elke Geppert&nbsp;&nbsp;&nbsp;&nbsp; &nbsp;&nbsp;&nbsp;&nbsp;&nbsp;&nbsp;&nbsp;&nbsp;&nbsp;&nbsp;&nbsp;&nbsp;&nbsp;&nbsp;&nbsp;&nbsp;&nbsp;&nbsp;&nbsp;&nbsp;&nbsp;&nbsp; &#8211;&nbsp; &nbsp; &nbsp; &nbsp; &nbsp;Ganztagskoordinatorin<\/p>\n\n\n\n<p>Renata Lechmann \u00a0 \u00a0\u00a0 \u00a0 \u00a0\u00a0\u00a0\u00a0\u00a0\u00a0\u00a0\u00a0\u00a0\u00a0 &#8211;\u00a0\u00a0\u00a0\u00a0\u00a0\u00a0\u00a0\u00a0\u00a0 P\u00e4dagogische Mitarbeiterin<\/p>\n\n\n\n<p>Angelika Kleppin\u00a0\u00a0\u00a0\u00a0\u00a0\u00a0\u00a0\u00a0\u00a0\u00a0\u00a0\u00a0\u00a0\u00a0\u00a0\u00a0\u00a0\u00a0 \u00a0 &#8211;\u00a0 \u00a0 \u00a0 \u00a0 \u00a0 P\u00e4dagogische Mitarbeiterin<\/p>\n\n\n\n<p>Marlene Mijangos &nbsp; &nbsp; &nbsp; &nbsp; &nbsp; &nbsp; &nbsp; &nbsp;   &#8211;&nbsp; &nbsp; &nbsp; &nbsp; &nbsp;P\u00e4dagogische Mitarbeiterin<\/p>\n\n\n\n<p>Susen Klinger &nbsp; &nbsp;&nbsp; &nbsp;&nbsp;&nbsp;&nbsp;&nbsp;&nbsp;&nbsp;&nbsp;&nbsp;&nbsp;&nbsp;&nbsp;&nbsp; &nbsp; &nbsp;&nbsp;&nbsp; &#8211;&nbsp; &nbsp; &nbsp; &nbsp; &nbsp; Schulverpflegung &#8222;Wollino&#8220;<\/p>\n\n\n\n<p>Jason Kail\u00a0 \u00a0 \u00a0 \u00a0     \u00a0 \u00a0 \u00a0 \u00a0 \u00a0 \u00a0 \u00a0 \u00a0 \u00a0 \u00a0 &#8211;\u00a0 \u00a0 \u00a0 \u00a0 Freiwilliges Soziales Jahr<\/p>\n\n\n\n<div style=\"height:64px\" aria-hidden=\"true\" class=\"wp-block-spacer\"><\/div>\n\n\n\n<h2 class=\"wp-block-heading\">Kontakt<\/h2>\n\n\n\n<p>Gern steht Ihnen Frau Elke Geppert f\u00fcr Ihre Fragen zur Verf\u00fcgung.<\/p>\n\n\n\n<p>Bitte senden Sie uns eine Email an<\/p>\n\n\n\n<p><a href=\"&#x6d;&#x61;&#105;lt&#x6f;&#x3a;&#69;&#108;k&#x65;&#x2e;&#103;&#101;p&#x70;&#x65;&#x72;&#116;&#64;g&#x73;&#x2d;&#115;&#99;h&#x75;&#x6e;&#116;&#101;r&#x77;&#x69;&#101;&#115;e&#x6e;&#x2e;&#x64;&#101;\">&#101;&#x6c;k&#101;&#x2e;g&#101;&#x70;p&#101;&#x72;t&#64;&#x67;&#115;&#x2d;&#x73;&#99;&#x68;&#x75;&#110;&#x74;e&#114;&#x77;i&#101;&#x73;e&#110;&#x2e;d&#101;<\/a><\/p>\n\n\n\n<p>Wir werden uns dann umgehend mit Ihnen in Verbindung setzen.<\/p>\n","protected":false},"excerpt":{"rendered":"<p>Offene Ganztagsschule Seit dem Schuljahr 2013\/2014 ist die Grundschule Schunterwiesen eine offeneGanztagsschule. Das bedeutet, dass Kinder f\u00fcr eine p\u00e4dagogische Betreuung bis 16 Uhram Standort Hattorf angemeldet werden k\u00f6nnen, die sie nach dem regul\u00e4renSchulvormittag besuchen. Durch feste Arbeitsgemeinschaften, offene Angebote und das Freie Spiel&nbsp;werdenBildungsangebote geschaffen.Als Kooperationspartner haben wir die Musikschule Wolfsburg, die FreiwilligenFeuerwehren Hattorf und Heiligendorf, [&hellip;]<\/p>\n","protected":false},"author":9194084,"featured_media":0,"parent":0,"menu_order":0,"comment_status":"closed","ping_status":"closed","template":"","meta":{"footnotes":""},"class_list":["post-93","page","type-page","status-publish","hentry"],"_links":{"self":[{"href":"https:\/\/wordpress.nibis.de\/schuwie\/wp-json\/wp\/v2\/pages\/93","targetHints":{"allow":["GET"]}}],"collection":[{"href":"https:\/\/wordpress.nibis.de\/schuwie\/wp-json\/wp\/v2\/pages"}],"about":[{"href":"https:\/\/wordpress.nibis.de\/schuwie\/wp-json\/wp\/v2\/types\/page"}],"author":[{"embeddable":true,"href":"https:\/\/wordpress.nibis.de\/schuwie\/wp-json\/wp\/v2\/users\/9194084"}],"replies":[{"embeddable":true,"href":"https:\/\/wordpress.nibis.de\/schuwie\/wp-json\/wp\/v2\/comments?post=93"}],"version-history":[{"count":11,"href":"https:\/\/wordpress.nibis.de\/schuwie\/wp-json\/wp\/v2\/pages\/93\/revisions"}],"predecessor-version":[{"id":608,"href":"https:\/\/wordpress.nibis.de\/schuwie\/wp-json\/wp\/v2\/pages\/93\/revisions\/608"}],"wp:attachment":[{"href":"https:\/\/wordpress.nibis.de\/schuwie\/wp-json\/wp\/v2\/media?parent=93"}],"curies":[{"name":"wp","href":"https:\/\/api.w.org\/{rel}","templated":true}]}}