{"id":95,"date":"2023-02-02T20:12:48","date_gmt":"2023-02-02T19:12:48","guid":{"rendered":"https:\/\/wordpress.nibis.de\/schuwie\/?page_id=95"},"modified":"2025-09-07T17:02:44","modified_gmt":"2025-09-07T15:02:44","slug":"betreuungszeiten","status":"publish","type":"page","link":"https:\/\/wordpress.nibis.de\/schuwie\/betreuungszeiten\/","title":{"rendered":"Betreuungszeiten"},"content":{"rendered":"\n<h2 class=\"wp-block-heading\">Offene Ganztagsschule (OGS) <\/h2>\n\n\n\n<h2 class=\"wp-block-heading\">f\u00fcr alle Sch\u00fclerinnen und Sch\u00fcler am Standort Hattorf<\/h2>\n\n\n\n<figure class=\"wp-block-table\"><table><tbody><tr><td><\/td><\/tr><tr><td>12.30 &#8211; 13.15<\/td><td>6. Stunde, Hausaufgabenzeit<\/td><\/tr><tr><td>12.40 \u2013 14.00<\/td><td>Mittagessen in drei Durchg\u00e4ngen, Hausaufgabenzeit<\/td><\/tr><tr><td>14.00 &#8211; 14.30<\/td><td>Lern &#8211;&nbsp;und Hausaufgabenzeit<\/td><\/tr><tr><td>ab 15.00<\/td><td>freies Spiel \/ AG-Angebote<\/td><\/tr><\/tbody><\/table><\/figure>\n","protected":false},"excerpt":{"rendered":"<p>Offene Ganztagsschule (OGS) f\u00fcr alle Sch\u00fclerinnen und Sch\u00fcler am Standort Hattorf 12.30 &#8211; 13.15 6. Stunde, Hausaufgabenzeit 12.40 \u2013 14.00 Mittagessen in drei Durchg\u00e4ngen, Hausaufgabenzeit 14.00 &#8211; 14.30 Lern &#8211;&nbsp;und Hausaufgabenzeit ab 15.00 freies Spiel \/ AG-Angebote<\/p>\n","protected":false},"author":9194084,"featured_media":0,"parent":0,"menu_order":0,"comment_status":"closed","ping_status":"closed","template":"","meta":{"footnotes":""},"class_list":["post-95","page","type-page","status-publish","hentry"],"_links":{"self":[{"href":"https:\/\/wordpress.nibis.de\/schuwie\/wp-json\/wp\/v2\/pages\/95","targetHints":{"allow":["GET"]}}],"collection":[{"href":"https:\/\/wordpress.nibis.de\/schuwie\/wp-json\/wp\/v2\/pages"}],"about":[{"href":"https:\/\/wordpress.nibis.de\/schuwie\/wp-json\/wp\/v2\/types\/page"}],"author":[{"embeddable":true,"href":"https:\/\/wordpress.nibis.de\/schuwie\/wp-json\/wp\/v2\/users\/9194084"}],"replies":[{"embeddable":true,"href":"https:\/\/wordpress.nibis.de\/schuwie\/wp-json\/wp\/v2\/comments?post=95"}],"version-history":[{"count":7,"href":"https:\/\/wordpress.nibis.de\/schuwie\/wp-json\/wp\/v2\/pages\/95\/revisions"}],"predecessor-version":[{"id":612,"href":"https:\/\/wordpress.nibis.de\/schuwie\/wp-json\/wp\/v2\/pages\/95\/revisions\/612"}],"wp:attachment":[{"href":"https:\/\/wordpress.nibis.de\/schuwie\/wp-json\/wp\/v2\/media?parent=95"}],"curies":[{"name":"wp","href":"https:\/\/api.w.org\/{rel}","templated":true}]}}