{"id":99,"date":"2023-02-02T20:13:13","date_gmt":"2023-02-02T19:13:13","guid":{"rendered":"https:\/\/wordpress.nibis.de\/schuwie\/?page_id=99"},"modified":"2025-09-07T17:01:08","modified_gmt":"2025-09-07T15:01:08","slug":"arbeitsgemeinschaften","status":"publish","type":"page","link":"https:\/\/wordpress.nibis.de\/schuwie\/arbeitsgemeinschaften\/","title":{"rendered":"Arbeitsgemeinschaften"},"content":{"rendered":"\n<p>Die Kinder der Ganztagsschulbetreuung k\u00f6nnen zwischen festen Arbeitsgemeinschaften (AGs) und dem freien Spiel mit offenen Angeboten w\u00e4hlen. Jedes Schulhalbjahr kann Ihr Kind selbst neu entscheiden.<\/p>\n\n\n\n<p>Die Kinder w\u00e4hlen in der Schule eigenst\u00e4ndig ihre AGs aus.<\/p>\n\n\n\n<p>Bei der Gestaltung unserer Angebote werden wir durch unsere au\u00dferschulischen&nbsp; Kooperationspartner unterst\u00fctzt. Als Kooperationspartner haben wir die Musikschule Wolfsburg, die Freiwilligen Feuerwehren Hattorf und Heiligendorf, den MTV Hattorf, den Kulturverein Hattorf und den Raum zum Wachsen (Plantage).<\/p>\n\n\n\n<div style=\"height:64px\" aria-hidden=\"true\" class=\"wp-block-spacer\"><\/div>\n\n\n\n<p><strong>Angebote der Arbeitsgemeinschaften:&nbsp;<\/strong><\/p>\n\n\n\n<figure class=\"wp-block-table\"><table><tbody><tr><td><strong>&nbsp;Montag<\/strong><\/td><td><strong>&nbsp;Dienstag<\/strong><\/td><td><strong>&nbsp;Mittwoch<\/strong><\/td><td><strong>&nbsp;Donnerstag<\/strong><\/td><td><strong>Freitag&nbsp;<\/strong><\/td><\/tr><tr><td>N\u00e4hen<\/td><td>Kunterbuntes Kinderturnen          <br>(Kl 1\/ 2)<\/td><td>Kunterbuntes Kinderturnen       <br>(Kl. 3\/ 4)<\/td><td>Snacks und Co<\/td><td>\u00a0Offenes Angebot <\/td><\/tr><tr><td>Fu\u00dfball<\/td><td>Aquarell &#8211; Die bunte Welt der Farben<\/td><td>&nbsp;Plantage Hattorf<\/td><td>Ballspiele<\/td><td>&nbsp;Offenes Angebot<\/td><\/tr><tr><td>Offenes Angebot<\/td><td>Offenes Angebot<\/td><td>&nbsp;Offenes Angebot<\/td><td>&nbsp;Offenes Angebot<\/td><td>&nbsp;Offenes Angebot<\/td><\/tr><\/tbody><\/table><\/figure>\n\n\n\n<p><\/p>\n","protected":false},"excerpt":{"rendered":"<p>Die Kinder der Ganztagsschulbetreuung k\u00f6nnen zwischen festen Arbeitsgemeinschaften (AGs) und dem freien Spiel mit offenen Angeboten w\u00e4hlen. Jedes Schulhalbjahr kann Ihr Kind selbst neu entscheiden. Die Kinder w\u00e4hlen in der Schule eigenst\u00e4ndig ihre AGs aus. Bei der Gestaltung unserer Angebote werden wir durch unsere au\u00dferschulischen&nbsp; Kooperationspartner unterst\u00fctzt. Als Kooperationspartner haben wir die Musikschule Wolfsburg, die [&hellip;]<\/p>\n","protected":false},"author":9194084,"featured_media":0,"parent":0,"menu_order":0,"comment_status":"closed","ping_status":"closed","template":"","meta":{"footnotes":""},"class_list":["post-99","page","type-page","status-publish","hentry"],"_links":{"self":[{"href":"https:\/\/wordpress.nibis.de\/schuwie\/wp-json\/wp\/v2\/pages\/99","targetHints":{"allow":["GET"]}}],"collection":[{"href":"https:\/\/wordpress.nibis.de\/schuwie\/wp-json\/wp\/v2\/pages"}],"about":[{"href":"https:\/\/wordpress.nibis.de\/schuwie\/wp-json\/wp\/v2\/types\/page"}],"author":[{"embeddable":true,"href":"https:\/\/wordpress.nibis.de\/schuwie\/wp-json\/wp\/v2\/users\/9194084"}],"replies":[{"embeddable":true,"href":"https:\/\/wordpress.nibis.de\/schuwie\/wp-json\/wp\/v2\/comments?post=99"}],"version-history":[{"count":11,"href":"https:\/\/wordpress.nibis.de\/schuwie\/wp-json\/wp\/v2\/pages\/99\/revisions"}],"predecessor-version":[{"id":611,"href":"https:\/\/wordpress.nibis.de\/schuwie\/wp-json\/wp\/v2\/pages\/99\/revisions\/611"}],"wp:attachment":[{"href":"https:\/\/wordpress.nibis.de\/schuwie\/wp-json\/wp\/v2\/media?parent=99"}],"curies":[{"name":"wp","href":"https:\/\/api.w.org\/{rel}","templated":true}]}}