{"id":1292,"date":"2016-08-23T16:55:33","date_gmt":"2016-08-23T14:55:33","guid":{"rendered":"http:\/\/wordpress.nibis.de\/semsopos\/?page_id=1292"},"modified":"2024-08-01T13:17:31","modified_gmt":"2024-08-01T11:17:31","slug":"standort-aurich","status":"publish","type":"page","link":"https:\/\/wordpress.nibis.de\/semsopos\/standort-aurich\/","title":{"rendered":"Standort Aurich"},"content":{"rendered":"<p><strong><span style=\"font-size: 14px\">Studienseminar Osnabr\u00fcck f\u00fcr das Lehramt f\u00fcr Sonderp\u00e4dagogik -Standort Aurich-<\/span><\/strong><\/p>\n<p><strong><span style=\"font-size: 14px\">EEZ<\/span><\/strong><\/p>\n<p><strong><span style=\"font-size: 14px\">Osterbusch 2<\/span><\/strong><\/p>\n<p><strong><span style=\"font-size: 14px\">26607 Aurich<\/span><\/strong><\/p>\n<p>Sekretariat (Frau Fellensiek)<\/p>\n<p>04941\/918-6250 (Dienstag bis Donnerstag 9.00 Uhr bis 14.00 Uhr)<\/p>\n<hr \/>\n<p><strong>Oder Sie schreiben uns eine Nachricht:<\/strong><\/p>\n\n<div class=\"wpcf7 no-js\" id=\"wpcf7-f1288-o1\" lang=\"de-DE\" dir=\"ltr\" data-wpcf7-id=\"1288\">\n<div class=\"screen-reader-response\"><p role=\"status\" aria-live=\"polite\" aria-atomic=\"true\"><\/p> <ul><\/ul><\/div>\n<form action=\"\/semsopos\/wp-json\/wp\/v2\/pages\/1292#wpcf7-f1288-o1\" method=\"post\" class=\"wpcf7-form init\" aria-label=\"Kontaktformular\" novalidate=\"novalidate\" data-status=\"init\">\n<fieldset class=\"hidden-fields-container\"><input type=\"hidden\" name=\"_wpcf7\" value=\"1288\" \/><input type=\"hidden\" name=\"_wpcf7_version\" value=\"6.1.5\" \/><input type=\"hidden\" name=\"_wpcf7_locale\" value=\"de_DE\" \/><input type=\"hidden\" name=\"_wpcf7_unit_tag\" value=\"wpcf7-f1288-o1\" \/><input type=\"hidden\" name=\"_wpcf7_container_post\" value=\"0\" \/><input type=\"hidden\" name=\"_wpcf7_posted_data_hash\" value=\"\" \/>\n<\/fieldset>\n<p>Ihr Name (Pflichtfeld)\n<\/p>\n<p><span class=\"wpcf7-form-control-wrap\" data-name=\"your-name\"><input size=\"40\" maxlength=\"400\" class=\"wpcf7-form-control wpcf7-text wpcf7-validates-as-required\" aria-required=\"true\" aria-invalid=\"false\" value=\"\" type=\"text\" name=\"your-name\" \/><\/span>\n<\/p>\n<p>Ihre E-Mail-Adresse (Pflichtfeld)\n<\/p>\n<p><span class=\"wpcf7-form-control-wrap\" data-name=\"your-email\"><input size=\"40\" maxlength=\"400\" class=\"wpcf7-form-control wpcf7-email wpcf7-validates-as-required wpcf7-text wpcf7-validates-as-email\" aria-required=\"true\" aria-invalid=\"false\" value=\"\" type=\"email\" name=\"your-email\" \/><\/span>\n<\/p>\n<p>Betreff\n<\/p>\n<p><span class=\"wpcf7-form-control-wrap\" data-name=\"your-subject\"><input size=\"40\" maxlength=\"400\" class=\"wpcf7-form-control wpcf7-text\" aria-invalid=\"false\" value=\"\" type=\"text\" name=\"your-subject\" \/><\/span>\n<\/p>\n<p>Ihre Nachricht\n<\/p>\n<p><span class=\"wpcf7-form-control-wrap\" data-name=\"your-message\"><textarea cols=\"40\" rows=\"10\" maxlength=\"2000\" class=\"wpcf7-form-control wpcf7-textarea\" aria-invalid=\"false\" name=\"your-message\"><\/textarea><\/span>\n<\/p>\n<p>Diesen Code: Achtung: Das Plugin <a href=\"https:\/\/wordpress.org\/plugins\/really-simple-captcha\/\">Really Simple CAPTCHA<\/a> ist gerade nicht aktiv. Eingeben: <span class=\"wpcf7-form-control-wrap\" data-name=\"captcha-111\"><input size=\"10\" maxlength=\"10\" class=\"wpcf7-form-control wpcf7-captchar\" autocomplete=\"off\" aria-invalid=\"false\" value=\"\" type=\"text\" name=\"captcha-111\" \/><\/span>\n<\/p>\n<p><input class=\"wpcf7-form-control wpcf7-submit has-spinner\" type=\"submit\" value=\"Senden\" \/>\n<\/p><div class=\"wpcf7-response-output\" aria-hidden=\"true\"><\/div>\n<\/form>\n<\/div>\n\n","protected":false},"excerpt":{"rendered":"<p>Studienseminar Osnabr\u00fcck f\u00fcr das Lehramt f\u00fcr Sonderp\u00e4dagogik -Standort Aurich- EEZ Osterbusch 2 26607 Aurich Sekretariat (Frau Fellensiek) 04941\/918-6250 (Dienstag bis Donnerstag 9.00 Uhr bis 14.00 Uhr) Oder Sie schreiben uns eine Nachricht:<\/p>\n","protected":false},"author":177,"featured_media":0,"parent":0,"menu_order":0,"comment_status":"closed","ping_status":"closed","template":"","meta":{"footnotes":""},"class_list":["post-1292","page","type-page","status-publish","hentry"],"_links":{"self":[{"href":"https:\/\/wordpress.nibis.de\/semsopos\/wp-json\/wp\/v2\/pages\/1292","targetHints":{"allow":["GET"]}}],"collection":[{"href":"https:\/\/wordpress.nibis.de\/semsopos\/wp-json\/wp\/v2\/pages"}],"about":[{"href":"https:\/\/wordpress.nibis.de\/semsopos\/wp-json\/wp\/v2\/types\/page"}],"author":[{"embeddable":true,"href":"https:\/\/wordpress.nibis.de\/semsopos\/wp-json\/wp\/v2\/users\/177"}],"replies":[{"embeddable":true,"href":"https:\/\/wordpress.nibis.de\/semsopos\/wp-json\/wp\/v2\/comments?post=1292"}],"version-history":[{"count":15,"href":"https:\/\/wordpress.nibis.de\/semsopos\/wp-json\/wp\/v2\/pages\/1292\/revisions"}],"predecessor-version":[{"id":6081,"href":"https:\/\/wordpress.nibis.de\/semsopos\/wp-json\/wp\/v2\/pages\/1292\/revisions\/6081"}],"wp:attachment":[{"href":"https:\/\/wordpress.nibis.de\/semsopos\/wp-json\/wp\/v2\/media?parent=1292"}],"curies":[{"name":"wp","href":"https:\/\/api.w.org\/{rel}","templated":true}]}}