{"id":1423,"date":"2016-11-08T15:16:07","date_gmt":"2016-11-08T14:16:07","guid":{"rendered":"http:\/\/wordpress.nibis.de\/semsopos\/?page_id=1423"},"modified":"2025-01-28T15:57:43","modified_gmt":"2025-01-28T14:57:43","slug":"ausbildungsschulen","status":"publish","type":"page","link":"https:\/\/wordpress.nibis.de\/semsopos\/ausbildungsschulen\/","title":{"rendered":"Ausbildungsschulen"},"content":{"rendered":"<p>Im Bereich des Studienseminars Osnabr\u00fcck \/ Aurich arbeiten wir mit einer Vielzahl an F\u00f6rderschulen, Grundschulen sowie allen Schulen der Sek I in \u00f6ffentlicher und privater Tr\u00e4gerschaft zusammen.<\/p>\n<p>Ein kontinuierlicher Austausch zwischen den Schulen und dem Studienseminar stellt eine qualitativ hochwertige Ausbildung sicher. Die Schulzuweisungen erfolgen in enger Kooperation durch das Studienseminar und das jeweils zust\u00e4ndige RZI (<strong>R<\/strong>egionales Beratungs- und Unterst\u00fctzungs<strong>z<\/strong>entrum <strong>I<\/strong>nklusive Schule). Regionale Pr\u00e4ferenzen werden bereits im Bewerbungsprozess erfasst und je nach M\u00f6glichkeit ber\u00fccksichtigt.<\/p>\n<p>\u00a0<\/p>\n\n","protected":false},"excerpt":{"rendered":"<p>Im Bereich des Studienseminars Osnabr\u00fcck \/ Aurich arbeiten wir mit einer Vielzahl an F\u00f6rderschulen, Grundschulen sowie allen Schulen der Sek I in \u00f6ffentlicher und privater Tr\u00e4gerschaft zusammen. Ein kontinuierlicher Austausch zwischen den Schulen und dem Studienseminar stellt eine qualitativ hochwertige Ausbildung sicher. Die Schulzuweisungen erfolgen in enger Kooperation durch das Studienseminar und das jeweils zust\u00e4ndige [&hellip;]<\/p>\n","protected":false},"author":177,"featured_media":0,"parent":0,"menu_order":0,"comment_status":"closed","ping_status":"closed","template":"","meta":{"footnotes":""},"class_list":["post-1423","page","type-page","status-publish","hentry"],"_links":{"self":[{"href":"https:\/\/wordpress.nibis.de\/semsopos\/wp-json\/wp\/v2\/pages\/1423","targetHints":{"allow":["GET"]}}],"collection":[{"href":"https:\/\/wordpress.nibis.de\/semsopos\/wp-json\/wp\/v2\/pages"}],"about":[{"href":"https:\/\/wordpress.nibis.de\/semsopos\/wp-json\/wp\/v2\/types\/page"}],"author":[{"embeddable":true,"href":"https:\/\/wordpress.nibis.de\/semsopos\/wp-json\/wp\/v2\/users\/177"}],"replies":[{"embeddable":true,"href":"https:\/\/wordpress.nibis.de\/semsopos\/wp-json\/wp\/v2\/comments?post=1423"}],"version-history":[{"count":12,"href":"https:\/\/wordpress.nibis.de\/semsopos\/wp-json\/wp\/v2\/pages\/1423\/revisions"}],"predecessor-version":[{"id":6428,"href":"https:\/\/wordpress.nibis.de\/semsopos\/wp-json\/wp\/v2\/pages\/1423\/revisions\/6428"}],"wp:attachment":[{"href":"https:\/\/wordpress.nibis.de\/semsopos\/wp-json\/wp\/v2\/media?parent=1423"}],"curies":[{"name":"wp","href":"https:\/\/api.w.org\/{rel}","templated":true}]}}