{"id":1516,"date":"2016-11-09T20:36:31","date_gmt":"2016-11-09T19:36:31","guid":{"rendered":"http:\/\/wordpress.nibis.de\/semsopos\/?page_id=1516"},"modified":"2022-09-29T11:21:20","modified_gmt":"2022-09-29T09:21:20","slug":"seminare","status":"publish","type":"page","link":"https:\/\/wordpress.nibis.de\/semsopos\/seminare\/","title":{"rendered":"Seminare"},"content":{"rendered":"<p>Die Ausbildung im Studienseminar erfolgt in verschiedenen Fachseminaren.<\/p>\n<p>Das <a href=\"https:\/\/wordpress.nibis.de\/semsopos\/paedagogische-seminare\/\" target=\"_blank\" rel=\"noopener\"><strong>P\u00e4dagogische Seminar<\/strong><\/a> ist so etwas wie Ihr Klassenverband. Die Leiterin \/ Der Leiter des P\u00e4dagogischen Seminars versteht sich als &#8222;Klassenlehrer\/in&#8220;. Sie \/ Er koordiniert Ihre Ausbildung, h\u00e4lt Kontakt zu den weiteren Fachseminarleiter\/innen und zu Ihrer Schule. Sie \/ Er k\u00fcmmert sich ggf. um Sorgen oder Hindernisse und unterst\u00fctzt Sie bei allen formalen Fragen. Dar\u00fcber hinaus vefolgt das PS ein eigenes Curriculum, das insbesondere \u00fcberfachliche (z.B. auch schulrechtliche)\u00a0 Themen beinhaltet.<\/p>\n<p>Die Leiter der P\u00e4dagogischen Seminare gestalten in der Regel das Einf\u00fchrungsseminar zu Beginn der Ausbildung, wo formale und erste inhaltliche Aspekt der Ausbildung thematisiert werden. Nach einigen Wochen &#8211; meist nach den ersten &#8222;kleinen Ferien&#8220; (Ostern bzw. Herbst) &#8211; organisieren sie eine kompakte dreit\u00e4gige Seminarveranstaltung zum Thema &#8222;Unterrichtsplanung und Verschriftung&#8220;. Am Ende der Ausbildung k\u00fcmmern sie sich um alle Fragen und Abl\u00e4ufe bez\u00fcglich der Pr\u00fcfung. Fast immer sind sie auch die Vorsitzenden in der Pr\u00fcfungskommission.<\/p>\n<p>Im Lehramt f\u00fcr Sonderp\u00e4dagogik werden Sie in zwei <strong>sonderp\u00e4dagogischen<\/strong> <a href=\"https:\/\/wordpress.nibis.de\/semsopos\/foerderschwerpunkte\/\" target=\"_blank\" rel=\"noopener\"><strong>F\u00f6rderschwerpunkten<\/strong><\/a> ausgebildet. Nur<strong> eine<\/strong> der beiden F\u00f6rderschwerpunkte wird Gegenstand \/ Schwerpunkt\u00a0 einer Pr\u00fcfungsstunde sein. Sie m\u00fcssen sich nach sechs Monaten entscheiden, welchen F\u00f6rderschwerpunkt Sie f\u00fcr die Pr\u00fcfung nutzen wollen. Das Unterrichtsfach ist immer ihre im Seminar ausgebildete Fachdidaktik.<\/p>\n<p>Dar\u00fcber hinaus werden Sie in einer <a href=\"https:\/\/wordpress.nibis.de\/semsopos\/fachdidaktiken\/\" target=\"_blank\" rel=\"noopener\"><strong>Fachdidaktik<\/strong><\/a> ausgebildet, die dann automatisch den Schwerpunkt f\u00fcr die weitere Pr\u00fcfungsstunde darstellt. Die Pr\u00fcfung findet jedoch immer im Kontext &#8222;Sonderp\u00e4dagogik&#8220; mit ihrem gew\u00e4hlten F\u00f6rderschwerpunkt statt.<\/p>\n<p>Sie k\u00f6nnen bis vier Wochen nach Beginn der Ausbildung eine weitere Fachdidaktik <strong>(4. Fach) <\/strong>dazu w\u00e4hlen, die Sie dann auch unterrichten. Das ist insbesondere dann sinnvoll, wenn Ihre erste Fachdidaktik ein &#8222;kleines Fach&#8220; mit wenigen Wochenstunden ist. So kann die Anzahl der Lerngruppen im Ausbildungsunterricht reduziert werden. Diese M\u00f6glichkeit setzt jedoch das Studium dieses weiteren Fachs auf Masterniveau voraus. Wenn Sie sich f\u00fcr die Ausbildung in einem 4. Fach entscheiden, k\u00f6nnen Sie dieses Fach auch f\u00fcr die fachdidaktische Pr\u00fcfung w\u00e4hlen.<\/p>\n","protected":false},"excerpt":{"rendered":"<p>Die Ausbildung im Studienseminar erfolgt in verschiedenen Fachseminaren. Das P\u00e4dagogische Seminar ist so etwas wie Ihr Klassenverband. Die Leiterin \/ Der Leiter des P\u00e4dagogischen Seminars versteht sich als &#8222;Klassenlehrer\/in&#8220;. Sie \/ Er koordiniert Ihre Ausbildung, h\u00e4lt Kontakt zu den weiteren Fachseminarleiter\/innen und zu Ihrer Schule. Sie \/ Er k\u00fcmmert sich ggf. um Sorgen oder Hindernisse [&hellip;]<\/p>\n","protected":false},"author":177,"featured_media":0,"parent":0,"menu_order":0,"comment_status":"closed","ping_status":"closed","template":"","meta":{"footnotes":""},"class_list":["post-1516","page","type-page","status-publish","hentry"],"_links":{"self":[{"href":"https:\/\/wordpress.nibis.de\/semsopos\/wp-json\/wp\/v2\/pages\/1516","targetHints":{"allow":["GET"]}}],"collection":[{"href":"https:\/\/wordpress.nibis.de\/semsopos\/wp-json\/wp\/v2\/pages"}],"about":[{"href":"https:\/\/wordpress.nibis.de\/semsopos\/wp-json\/wp\/v2\/types\/page"}],"author":[{"embeddable":true,"href":"https:\/\/wordpress.nibis.de\/semsopos\/wp-json\/wp\/v2\/users\/177"}],"replies":[{"embeddable":true,"href":"https:\/\/wordpress.nibis.de\/semsopos\/wp-json\/wp\/v2\/comments?post=1516"}],"version-history":[{"count":23,"href":"https:\/\/wordpress.nibis.de\/semsopos\/wp-json\/wp\/v2\/pages\/1516\/revisions"}],"predecessor-version":[{"id":5113,"href":"https:\/\/wordpress.nibis.de\/semsopos\/wp-json\/wp\/v2\/pages\/1516\/revisions\/5113"}],"wp:attachment":[{"href":"https:\/\/wordpress.nibis.de\/semsopos\/wp-json\/wp\/v2\/media?parent=1516"}],"curies":[{"name":"wp","href":"https:\/\/api.w.org\/{rel}","templated":true}]}}