{"id":1889,"date":"2016-12-21T17:25:44","date_gmt":"2016-12-21T16:25:44","guid":{"rendered":"http:\/\/wordpress.nibis.de\/semsopos\/?page_id=1889"},"modified":"2026-01-27T15:25:22","modified_gmt":"2026-01-27T14:25:22","slug":"ausbildungsuebersicht-2","status":"publish","type":"page","link":"https:\/\/wordpress.nibis.de\/semsopos\/ausbildungsuebersicht-2\/","title":{"rendered":"Ausbildungs\u00fcbersicht"},"content":{"rendered":"<p>Hier finden Sie eine <a href=\"https:\/\/wordpress.nibis.de\/semsopos\/files\/Ausbildungsuebersicht-allgemein-2022.docx\" target=\"_blank\" rel=\"noopener\">allgemeine tabellarische \u00dcbersicht<\/a> (Stand Aug. 2022) \u00fcber die zeitlichen Abl\u00e4ufe in den 18 Monaten der Ausbildung. Die konkreten Termine h\u00e4ngen vom jeweiligen Einstellungsdatum ab. Zum 1. Februar beginnt der Vorbereitungsdienst in der Regel ca. um den 25. Januar mit dem Einf\u00fchrungsseminar. Die Einstellung zum August erfolgt in der Regel in der letzten Ferienwoche vor Schulbeginn ebenfalls mit einem Einf\u00fchrungsseminar.<\/p>\n<p>Hier finden Sie die konkreten \u00dcbersichten f\u00fcr die jeweiligen Einstellungstermine:<\/p>\n<p><strong>Einstellung Januar 2025-1 <a href=\"https:\/\/wordpress.nibis.de\/semsopos\/files\/Ausbildungsuebersicht-251.pdf\">Ausbildungsplan<\/a><br \/><\/strong><\/p>\n<p><strong>Einstellung August 2025-2 <a href=\"https:\/\/wordpress.nibis.de\/semsopos\/files\/PS-2025-II-Ausbildungsuebersicht_Drechsel_Thormann_Vietmeier-1.pdf\">Ausbildungsplan<\/a><\/strong><\/p>\n<p><strong>Einstellung Januar 2026-1<\/strong> <a href=\"https:\/\/wordpress.nibis.de\/semsopos\/files\/Ausbildungsuebersicht-261-1.pdf\"><strong>Ausbildungsplan<\/strong><\/a><\/p>\n\n\n\n","protected":false},"excerpt":{"rendered":"<p>Hier finden Sie eine allgemeine tabellarische \u00dcbersicht (Stand Aug. 2022) \u00fcber die zeitlichen Abl\u00e4ufe in den 18 Monaten der Ausbildung. Die konkreten Termine h\u00e4ngen vom jeweiligen Einstellungsdatum ab. Zum 1. Februar beginnt der Vorbereitungsdienst in der Regel ca. um den 25. Januar mit dem Einf\u00fchrungsseminar. Die Einstellung zum August erfolgt in der Regel in der [&hellip;]<\/p>\n","protected":false},"author":1287,"featured_media":0,"parent":0,"menu_order":0,"comment_status":"closed","ping_status":"closed","template":"","meta":{"footnotes":""},"class_list":["post-1889","page","type-page","status-publish","hentry"],"_links":{"self":[{"href":"https:\/\/wordpress.nibis.de\/semsopos\/wp-json\/wp\/v2\/pages\/1889","targetHints":{"allow":["GET"]}}],"collection":[{"href":"https:\/\/wordpress.nibis.de\/semsopos\/wp-json\/wp\/v2\/pages"}],"about":[{"href":"https:\/\/wordpress.nibis.de\/semsopos\/wp-json\/wp\/v2\/types\/page"}],"author":[{"embeddable":true,"href":"https:\/\/wordpress.nibis.de\/semsopos\/wp-json\/wp\/v2\/users\/1287"}],"replies":[{"embeddable":true,"href":"https:\/\/wordpress.nibis.de\/semsopos\/wp-json\/wp\/v2\/comments?post=1889"}],"version-history":[{"count":57,"href":"https:\/\/wordpress.nibis.de\/semsopos\/wp-json\/wp\/v2\/pages\/1889\/revisions"}],"predecessor-version":[{"id":7093,"href":"https:\/\/wordpress.nibis.de\/semsopos\/wp-json\/wp\/v2\/pages\/1889\/revisions\/7093"}],"wp:attachment":[{"href":"https:\/\/wordpress.nibis.de\/semsopos\/wp-json\/wp\/v2\/media?parent=1889"}],"curies":[{"name":"wp","href":"https:\/\/api.w.org\/{rel}","templated":true}]}}