{"id":19,"date":"2013-06-19T15:20:46","date_gmt":"2013-06-19T13:20:46","guid":{"rendered":"http:\/\/wordpress.nibis.de\/semsopos\/?page_id=19"},"modified":"2025-09-22T18:47:44","modified_gmt":"2025-09-22T16:47:44","slug":"herzlich-willkommen","status":"publish","type":"page","link":"https:\/\/wordpress.nibis.de\/semsopos\/herzlich-willkommen\/","title":{"rendered":"Herzlich willkommen!"},"content":{"rendered":"\n<p class=\"has-text-align-left\">Als Seminarleitung&nbsp;begr\u00fc\u00dfen Sie&#8230; <\/p>\n\n\n\n<figure class=\"wp-block-image size-full\"><img loading=\"lazy\" decoding=\"async\" width=\"800\" height=\"500\" src=\"https:\/\/wordpress.nibis.de\/semsopos\/files\/Bild-HP-Leitungsteam-edited.jpg\" alt=\"\" class=\"wp-image-6579\" srcset=\"https:\/\/wordpress.nibis.de\/semsopos\/files\/Bild-HP-Leitungsteam-edited.jpg 800w, https:\/\/wordpress.nibis.de\/semsopos\/files\/Bild-HP-Leitungsteam-edited-768x480.jpg 768w\" sizes=\"auto, (max-width: 800px) 100vw, 800px\" \/><figcaption>                              <\/figcaption><\/figure>\n\n\n\n<p><strong>Maike Jan\u00dfen<\/strong>, Seminarrektorin                              <\/p>\n\n\n\n<p class=\"has-text-align-right\"> <strong>Dieter Schnetg\u00f6ke<\/strong>, Seminarkonrektor<\/p>\n\n\n\n<p><\/p>\n\n\n\n<div class=\"wp-block-columns is-layout-flex wp-container-core-columns-is-layout-abceabcf wp-block-columns-is-layout-flex\">\n<div class=\"wp-block-column is-layout-flow wp-block-column-is-layout-flow\"><\/div>\n<\/div>\n\n\n\n<h2 class=\"wp-block-heading\">Fachseminarleitungen<\/h2>\n\n\n\n<p>Unsere zust\u00e4ndigen Fachseminarleitungen am Standort Osnabr\u00fcck und Aurich freuen sich darauf, Sie durch die Zeit des Vorbereitungsdienstes zu begleiten.<\/p>\n\n\n\n<figure class=\"wp-block-image size-full\"><img loading=\"lazy\" decoding=\"async\" width=\"800\" height=\"450\" src=\"https:\/\/wordpress.nibis.de\/semsopos\/files\/Kollegium-2025_06-edited.jpg\" alt=\"\" class=\"wp-image-6545\" srcset=\"https:\/\/wordpress.nibis.de\/semsopos\/files\/Kollegium-2025_06-edited.jpg 800w, https:\/\/wordpress.nibis.de\/semsopos\/files\/Kollegium-2025_06-edited-250x141.jpg 250w, https:\/\/wordpress.nibis.de\/semsopos\/files\/Kollegium-2025_06-edited-768x432.jpg 768w\" sizes=\"auto, (max-width: 800px) 100vw, 800px\" \/><figcaption>Teil des Kollegiums, Stand Juni 2025<\/figcaption><\/figure>\n\n\n\n<p><\/p>\n\n\n\n<div class=\"wp-block-columns is-layout-flex wp-container-core-columns-is-layout-abceabcf wp-block-columns-is-layout-flex\">\n<div class=\"wp-block-column is-layout-flow wp-block-column-is-layout-flow\"><\/div>\n<\/div>\n\n\n\n<p><\/p>\n\n\n\n<h2 class=\"wp-block-heading\">Leitbild<\/h2>\n\n\n\n<p>F\u00fcr die Ausbildung in den Seminaren hat das Kollegium sich auf ein <a rel=\"noopener noreferrer\" href=\"http:\/\/wordpress.nibis.de\/semsopos\/files\/Leitbild-mit-Logog_11.11.2016.pdf\" target=\"_blank\"><strong>LEITBILD<\/strong><\/a> verst\u00e4ndigt, welches in konkrete Aussagen bez\u00fcglich eines gemeinsamen Ausbildungsverst\u00e4ndnisses m\u00fcndet.<\/p>\n\n\n\n<p><\/p>\n\n\n\n<p><\/p>\n\n\n\n<div class=\"wp-block-columns is-layout-flex wp-container-core-columns-is-layout-abceabcf wp-block-columns-is-layout-flex\">\n<div class=\"wp-block-column is-layout-flow wp-block-column-is-layout-flow\"><\/div>\n<\/div>\n\n\n\n<h2 class=\"wp-block-heading\">Zwei Standorte<\/h2>\n\n\n\n<p>Das Studiensenseminar Osnabr\u00fcck verf\u00fcgt \u00fcber zwei Standorte. 2015 wurde in Aurich eine Au\u00dfenstelle eingerichtet, um auch die Schulen im n\u00f6rdlichen Teil der Region&nbsp; in die Ausbildung der Anw\u00e4rterinnen und Anw\u00e4rter f\u00fcr das Lehramt f\u00fcr Sonderp\u00e4dagogik (LiVD) einbinden zu k\u00f6nnen. Die zentrale Verwaltung befindet sich weiterhin in Osnabr\u00fcck.<\/p>\n\n\n\n<figure class=\"wp-block-image alignnone wp-image-3519 size-full\"><img loading=\"lazy\" decoding=\"async\" width=\"800\" height=\"389\" src=\"https:\/\/wordpress.nibis.de\/semsopos\/files\/2019Auszug012-1.jpg\" alt=\"\" class=\"wp-image-3519\" srcset=\"https:\/\/wordpress.nibis.de\/semsopos\/files\/2019Auszug012-1.jpg 800w, https:\/\/wordpress.nibis.de\/semsopos\/files\/2019Auszug012-1-768x373.jpg 768w\" sizes=\"auto, (max-width: 800px) 100vw, 800px\" \/><figcaption>Im August 2019 ist das Seminar in die Winkelhausenstr. 18 in Osnabr\u00fcck umgezogen.<\/figcaption><\/figure>\n\n\n\n<div class=\"wp-block-image wp-image-1848 size-full\"><figure class=\"aligncenter\"><img loading=\"lazy\" decoding=\"async\" width=\"799\" height=\"451\" src=\"https:\/\/wordpress.nibis.de\/semsopos\/files\/2016-Standort-Aurich-schmal-2.jpg\" alt=\"2016-standort-aurich-schmal\" class=\"wp-image-1848\" srcset=\"https:\/\/wordpress.nibis.de\/semsopos\/files\/2016-Standort-Aurich-schmal-2.jpg 799w, https:\/\/wordpress.nibis.de\/semsopos\/files\/2016-Standort-Aurich-schmal-2-768x434.jpg 768w\" sizes=\"auto, (max-width: 799px) 100vw, 799px\" \/><figcaption>Standort Aurich im EEZ<\/figcaption><\/figure><\/div>\n\n\n\n<p><\/p>\n\n\n\n<p><\/p>\n\n\n\n<h2 class=\"wp-block-heading\">Fachseminare<\/h2>\n\n\n\n<p>Eine \u00dcbersicht \u00fcber alle Fachseminare an den Standorten Osnabr\u00fcck und Aurich finden Sie im Men\u00fc unter der \u00dcberschrift&nbsp; &#8222;Seminare&#8220;. Im Bereich der Fachdidaktik erfolgt in einigen F\u00e4chern die Ausbildung in Kooperation mit der Studienseminaren f\u00fcr Grund-, Haupt- und Realschulen (GHR). Die konkreten Seminartermine entnehmen Sie bitte dem gemeinsamen Orgaplan Osnabr\u00fcck und Aurich unter der Rubrik &#8222;Service&#8220;.<\/p>\n\n\n\n<p>Die Fachseminare (P\u00e4dagogik \/ F\u00f6rderschwerpunkt \/ Fachdidaktik) an beiden Standorten arbeiten nach dem gleichen Seminarcurriculum. Teilweise werden auch gemeinsame Seminare oder Veranstaltungen durchgef\u00fchrt. Eine \u00dcbersicht \u00fcber das Ausbildungsangebot der beiden Standorte entnehmen Sie bitte der folgenden <a href=\"http:\/\/wordpress.nibis.de\/semsopos\/uebersicht-fachseminare\/\">Tabelle<\/a>.<\/p>\n\n\n\n<p><\/p>\n\n\n\n<div class=\"wp-block-columns is-layout-flex wp-container-core-columns-is-layout-abceabcf wp-block-columns-is-layout-flex\">\n<div class=\"wp-block-column is-layout-flow wp-block-column-is-layout-flow\"><\/div>\n<\/div>\n\n\n\n<p><\/p>\n\n\n\n<h2 class=\"wp-block-heading\">Ausbildung<\/h2>\n\n\n\n<p>Die Ausbildung erfolgt auf Grundlage der Verordnung \u00fcber die Ausbildung und Pr\u00fcfung von Lehrkr\u00e4ften im Vorbereitungsdienst (<a href=\"http:\/\/wordpress.nibis.de\/semsopos\/apvo\/\">APVO<\/a>-Lehr). Im Men\u00fcpunkt <a href=\"http:\/\/wordpress.nibis.de\/semsopos\/die-ausbildung-im-sts-os-ii\/\">Ausbildung<\/a> erhalten Sie n\u00e4here Informationen \u00fcber die Struktur, die Anforderungen und die zeitlichen Abl\u00e4ufe in den 18 Monaten.<\/p>\n\n\n\n<figure class=\"wp-block-image size-full\"><img loading=\"lazy\" decoding=\"async\" width=\"800\" height=\"516\" src=\"https:\/\/wordpress.nibis.de\/semsopos\/files\/Uebersicht-ohne-ZQ-Hund.jpg\" alt=\"\" class=\"wp-image-6705\" srcset=\"https:\/\/wordpress.nibis.de\/semsopos\/files\/Uebersicht-ohne-ZQ-Hund.jpg 800w, https:\/\/wordpress.nibis.de\/semsopos\/files\/Uebersicht-ohne-ZQ-Hund-768x495.jpg 768w\" sizes=\"auto, (max-width: 800px) 100vw, 800px\" \/><\/figure>\n\n\n\n<p>Zu Beginn des Vorbereitungsdienstes ist sicherlich alles sehr neu und m\u00f6glicherweise auch noch etwas un\u00fcbersichtlich. Seien Sie jedoch sicher, dass die Seminarleitung sowie alle Fachseminarleiterinnen und -leiter ein gro\u00dfes Interesse daran haben, Sie erfolgreich durch diese Zeit zu begleiten. <\/p>\n\n\n\n<div id=\"kpm_content_wrapper\" class=\"notranslate\">&nbsp;<\/div>\n\n\n\n<div class=\"wp-block-columns is-layout-flex wp-container-core-columns-is-layout-abceabcf wp-block-columns-is-layout-flex\">\n<div class=\"wp-block-column is-layout-flow wp-block-column-is-layout-flow\"><\/div>\n<\/div>\n\n\n","protected":false},"excerpt":{"rendered":"<p>Als Seminarleitung&nbsp;begr\u00fc\u00dfen Sie&#8230; Maike Jan\u00dfen, Seminarrektorin Dieter Schnetg\u00f6ke, Seminarkonrektor Fachseminarleitungen Unsere zust\u00e4ndigen Fachseminarleitungen am Standort Osnabr\u00fcck und Aurich freuen sich darauf, Sie durch die Zeit des Vorbereitungsdienstes zu begleiten. Leitbild F\u00fcr die Ausbildung in den Seminaren hat das Kollegium sich auf ein LEITBILD verst\u00e4ndigt, welches in konkrete Aussagen bez\u00fcglich eines gemeinsamen Ausbildungsverst\u00e4ndnisses m\u00fcndet. Zwei Standorte [&hellip;]<\/p>\n","protected":false},"author":177,"featured_media":0,"parent":0,"menu_order":0,"comment_status":"closed","ping_status":"closed","template":"","meta":{"footnotes":""},"class_list":["post-19","page","type-page","status-publish","hentry"],"_links":{"self":[{"href":"https:\/\/wordpress.nibis.de\/semsopos\/wp-json\/wp\/v2\/pages\/19","targetHints":{"allow":["GET"]}}],"collection":[{"href":"https:\/\/wordpress.nibis.de\/semsopos\/wp-json\/wp\/v2\/pages"}],"about":[{"href":"https:\/\/wordpress.nibis.de\/semsopos\/wp-json\/wp\/v2\/types\/page"}],"author":[{"embeddable":true,"href":"https:\/\/wordpress.nibis.de\/semsopos\/wp-json\/wp\/v2\/users\/177"}],"replies":[{"embeddable":true,"href":"https:\/\/wordpress.nibis.de\/semsopos\/wp-json\/wp\/v2\/comments?post=19"}],"version-history":[{"count":168,"href":"https:\/\/wordpress.nibis.de\/semsopos\/wp-json\/wp\/v2\/pages\/19\/revisions"}],"predecessor-version":[{"id":6706,"href":"https:\/\/wordpress.nibis.de\/semsopos\/wp-json\/wp\/v2\/pages\/19\/revisions\/6706"}],"wp:attachment":[{"href":"https:\/\/wordpress.nibis.de\/semsopos\/wp-json\/wp\/v2\/media?parent=19"}],"curies":[{"name":"wp","href":"https:\/\/api.w.org\/{rel}","templated":true}]}}