{"id":2022,"date":"2017-02-25T12:22:10","date_gmt":"2017-02-25T11:22:10","guid":{"rendered":"http:\/\/wordpress.nibis.de\/semsopos\/?page_id=2022"},"modified":"2022-01-20T14:13:51","modified_gmt":"2022-01-20T13:13:51","slug":"kea","status":"publish","type":"page","link":"https:\/\/wordpress.nibis.de\/semsopos\/kea\/","title":{"rendered":"KEA"},"content":{"rendered":"<p><strong>Was ist eine KEA?<\/strong><\/p>\n<p>&#8222;Die Kompetenzentwicklungsaufgabe (KEA) steht im Mittelpunkt des Konzeptes zur Weiterentwicklung der Seminarlehrpl\u00e4ne. Den KEA kommt im Rahmen der kompetenzorientierten Ausbildung von Lehrerinnen und Lehrern insofern eine gro\u00dfe Bedeutung zu, als sie als zus\u00e4tzliches didaktisch-methodisches Element verbindlich in die Seminararbeit zu integrieren sind. Die KEA bietet dabei eine M\u00f6glichkeit zur selbst\u00e4ndigen und selbstreflexiven Kompetenzentwicklung, die von der (Fach-) Seminarleitung sowohl in der individualisierten als auch in der gruppenbezogenen Ausbildung gezielt eingesetzt werden kann. Die an der \u201eHandlungssituation des beruflichen Alltags (HS)\u201c ausgerichtete KEA stellt zudem sehr konsequent den f\u00fcr die LiVD in der Ausbildung besonders wichtigen Praxisbezug her.&#8220; <em>Quelle: http:\/\/www.ralfbeiderwieden.de\/fachleiterniedersachsensachen\/KEAusw2014.pdf<\/em><\/p>\n<p><strong> Wird eine KEA benotet? <\/strong><\/p>\n<p>Nein! Die KEA ist eine individuelle Auseinandersetzung mit einer selbstgew\u00e4hlten Fragestellung, die den pers\u00f6nlichen Kompetenzerwerb zum Thema hat. F\u00fcr die Auswahl und Begleitung bei der Bearbeitung der KEA w\u00e4hlen die LiVd eine entsprechende Fachseminarleiterin \/ einen Fachseminarleiter. Auf diese Weise ist eine fachliche Unterst\u00fctzung und die M\u00f6glichkeit der Reflexion gegeben. Die Bearbeitung der KEA flie\u00dft nicht in die Ausbildungsnote ein!<\/p>\n<p><strong>Wie entsteht eine KEA?<\/strong><\/p>\n<p>Die verschiednen Seminare des\u00a0 Studienseminars entwickeln zur Zeit KEAs. Diese werden an dieser Stelle nach und nach dargestellt.\u00a0 Es gibt jedoch auch die M\u00f6glichkeit, selbst eine Fragestellung zu entwickeln. Daraus kann dann in Zusammenarbeit mit einem Fachseminarleiter \/ einer Fachseminarleiterin eine individuelle KEA formuliert werden. Dazu benutzen Sie bitte die <a href=\"http:\/\/wordpress.nibis.de\/semsopos\/files\/KEA-Blanco-1.docx\" target=\"_blank\" rel=\"noopener\"><strong>Blanco-Vorlage KEA<\/strong><\/a><strong>.<\/strong><\/p>\n<p><strong>Wann ist eine KEA fertig?<\/strong><\/p>\n<p>Die Bearbeitung der KEA muss zum Beginn des 14 Ausbildungsmonats beendet sein. Am Ende der Bearbeitung findet ein Gespr\u00e4ch mit der\/dem gew\u00e4hlten FSL statt. Das zu gibt es einen <a href=\"http:\/\/wordpress.nibis.de\/semsopos\/files\/KEA-Abschluss-Bogen.docx\" target=\"_blank\" rel=\"noopener\"><strong>KEA-Abschluss-Bogen<\/strong><\/a>.<\/p>\n<p><strong>Beispiel KEA aus verschiednen Seminaren<br \/>\n<\/strong><\/p>\n<p><strong>P\u00e4dagogik<\/strong>:<\/p>\n<p><a href=\"http:\/\/wordpress.nibis.de\/semsopos\/files\/KEA-PS-Teamteaching.pdf\" target=\"_blank\" rel=\"noopener noreferrer\">P\u00e4dagogik 1 Teamteaching<\/a><\/p>\n<p><a href=\"http:\/\/wordpress.nibis.de\/semsopos\/files\/KEA-PS-Beratung.docx\" target=\"_blank\" rel=\"noopener noreferrer\">P\u00e4dagogik 2 Beratung<\/a><\/p>\n<p><a href=\"http:\/\/wordpress.nibis.de\/semsopos\/files\/KEA_Inklusion.docx\" target=\"_blank\" rel=\"noopener noreferrer\">P\u00e4dagogik 3 Zusammenarbeit in der Inklusion<\/a><\/p>\n<p><strong>F\u00f6rderschwerpunkte:<\/strong><\/p>\n<p><a href=\"http:\/\/wordpress.nibis.de\/semsopos\/files\/KEA_F\u00f6rderaspekt-f\u00fcr-alle-FR.pdf\" target=\"_blank\" rel=\"noopener noreferrer\">FS (alle F\u00f6rderschwerpunkte) F\u00f6rderaspekt <\/a><\/p>\n<p><a href=\"http:\/\/wordpress.nibis.de\/semsopos\/files\/KEA-ESE-Vermittlungs-und-Konfliktgespr\u00e4che.pdf\" target=\"_blank\" rel=\"noopener noreferrer\">ESE Vermittlungs- und Konfliktgespr\u00e4che<\/a><\/p>\n<p><a href=\"http:\/\/wordpress.nibis.de\/semsopos\/files\/ESE_Schulabsentismus.pdf\" target=\"_blank\" rel=\"noopener noreferrer\">ESE Schulabsentismus<\/a><\/p>\n<p><a href=\"\/\/wordpress.nibis.de\/semsopos\/files\/GB_Differenzierung.pdf\" target=\"_blank\" rel=\"noopener noreferrer\">GB 1 Differenzierung<\/a><\/p>\n<p><a href=\"http:\/\/wordpress.nibis.de\/semsopos\/files\/GB_Erweiterter-Lesebegriff.pdf\" target=\"_blank\" rel=\"noopener noreferrer\">GB 2 Erweiterter Lesebegriff<\/a><\/p>\n<p><a href=\"http:\/\/wordpress.nibis.de\/semsopos\/files\/KEA-GB-Heterogenit\u00e4t.pdf\" target=\"_blank\" rel=\"noopener noreferrer\">GB 3 Heterogenit\u00e4t<\/a><\/p>\n<p><a href=\"http:\/\/wordpress.nibis.de\/semsopos\/files\/KEA-FR-LE-Arbeitsauftr\u00e4ge.docx\" target=\"_blank\" rel=\"noopener noreferrer\">LE 1 Arbeitsauftr\u00e4ge<\/a><\/p>\n<p><a href=\"http:\/\/wordpress.nibis.de\/semsopos\/files\/KEA-FR-SR-Lehrersprache.docx\" target=\"_blank\" rel=\"noopener noreferrer\">SR 1 Lehrersprache<\/a><\/p>\n<p><strong>Fachdidaktik:<\/strong><\/p>\n<p><a href=\"http:\/\/wordpress.nibis.de\/semsopos\/files\/KEA-Erdkunde-Infoentnahme-aus-Luft-Satellitenbildern.pdf\" target=\"_blank\" rel=\"noopener noreferrer\">Erdkunde 1 Infoentnahme aus Luft- und Satelitenbildern<\/a><\/p>\n<p><a href=\"http:\/\/wordpress.nibis.de\/semsopos\/files\/KEA_Erdkunde-Exkursion.pdf\" target=\"_blank\" rel=\"noopener noreferrer\">Erdkunde 2 Exkursion<\/a><\/p>\n<p><a href=\"http:\/\/wordpress.nibis.de\/semsopos\/files\/Geschichte-1-Zeitleiste_Nov.-2016.pdf\" target=\"_blank\" rel=\"noopener noreferrer\">Geschichte 1 Zeitleiste<\/a><\/p>\n<p><a href=\"http:\/\/wordpress.nibis.de\/semsopos\/files\/Geschichte-2-krit.-Geschichtsbewusstsein_Nov-2016.pdf\" target=\"_blank\" rel=\"noopener noreferrer\">Geschichte 2 kritisches Geschichtsbewu\u00dftsein<\/a><\/p>\n<p><a href=\"http:\/\/wordpress.nibis.de\/semsopos\/files\/Geschichte-3-Langzeitplanung_Nov-2016.pdf\" target=\"_blank\" rel=\"noopener noreferrer\">Geschichte 3 Langzeitplanung<\/a><\/p>\n<p><a href=\"http:\/\/wordpress.nibis.de\/semsopos\/files\/Mathematik-1-\u00dcben_Nov-2016.pdf\" target=\"_blank\" rel=\"noopener noreferrer\">Mathematik 1 \u00dcben<\/a><\/p>\n<p><a href=\"http:\/\/wordpress.nibis.de\/semsopos\/files\/KEA-Mathematik-2-ArbeitsUndVeranschaulichungsmittel_Nov.-2016.pdf\" target=\"_blank\" rel=\"noopener noreferrer\">Mathematik 2\u00a0 Arbeits- und Veranschaulichungsmittel<\/a><\/p>\n<p><a href=\"http:\/\/wordpress.nibis.de\/semsopos\/files\/KEA-Politik-Langzeitplanung.pdf\" target=\"_blank\" rel=\"noopener noreferrer\">Politik 1 Langzeitplanung<\/a><\/p>\n<p><a href=\"http:\/\/wordpress.nibis.de\/semsopos\/files\/KEA-Politik-Adressatenorientierung.pdf\">Politik 2 Adressantenorientierung<\/a><\/p>\n<p><a href=\"http:\/\/wordpress.nibis.de\/semsopos\/files\/KEA-SU-Experimente.doc\" target=\"_blank\" rel=\"noopener\">Sachunterricht 1 Experimente<\/a><\/p>\n<p><a href=\"http:\/\/wordpress.nibis.de\/semsopos\/files\/KEA-SU-Experimente.docx\" target=\"_blank\" rel=\"noopener\">Sachunterricht 2 Experimente<\/a><\/p>\n<p><a href=\"http:\/\/wordpress.nibis.de\/semsopos\/files\/KEA-SU-Kooperatives-Lernen-1.docx\" target=\"_blank\" rel=\"noopener\">Sachunterricht 3 Kooperatives Lernen<\/a><\/p>\n<p><a href=\"http:\/\/wordpress.nibis.de\/semsopos\/files\/KEA-SU-PolitischeMitverantwortung.docx\" target=\"_blank\" rel=\"noopener\">Sachunterricht 4 Politische Mitverantwortung<\/a><\/p>\n<p><a href=\"http:\/\/wordpress.nibis.de\/semsopos\/files\/KEA-SU-Projekt-Schulgarten.docx\" target=\"_blank\" rel=\"noopener\">Sachunterricht 5 Projekt Schulgarten<\/a><\/p>\n<p><a href=\"http:\/\/wordpress.nibis.de\/semsopos\/files\/KEA-SU-Sexualerziehung-1.docx\" target=\"_blank\" rel=\"noopener\">Sachunterricht 6 Sexulaerziehung<\/a><\/p>\n<p><a href=\"http:\/\/wordpress.nibis.de\/semsopos\/files\/KEA-1-Sport-Inclusiver-Sportunterricht.pdf\" target=\"_blank\" rel=\"noopener noreferrer\">Sport 1 inklusiver Sportunterricht<\/a><\/p>\n<p><a href=\"http:\/\/wordpress.nibis.de\/semsopos\/files\/KEA-2-Sport-Tanzen-koedukativ.pdf\" target=\"_blank\" rel=\"noopener noreferrer\">Sport 2 Tanzen koedukativ<\/a><\/p>\n<p><a href=\"http:\/\/wordpress.nibis.de\/semsopos\/files\/KEA-TE-Sicherer-Umganng-m.-Werkzeugen-...neu_.pdf\" target=\"_blank\" rel=\"noopener noreferrer\">Technik 1 Sicherer Umgang mit Werkzeugen<\/a><\/p>\n<p><a href=\"http:\/\/wordpress.nibis.de\/semsopos\/files\/KEA-TE-Erkundung-neu.pdf\" target=\"_blank\" rel=\"noopener noreferrer\">Technik 2 Erkundungen<\/a><\/p>\n<p><a href=\"http:\/\/wordpress.nibis.de\/semsopos\/files\/KEA-Textil-Sicherer-Umgang-mit-der-N\u00e4hmaschine.pdf\">Textil 1 Umgang mit der N\u00e4hmaschine<\/a><\/p>\n<p><a href=\"http:\/\/wordpress.nibis.de\/semsopos\/files\/Ev-Reli_Gottesdienst.pdf\" target=\"_blank\" rel=\"noopener noreferrer\">ev. Religion 1 Gottesdienst<\/a><\/p>\n<p><a href=\"http:\/\/wordpress.nibis.de\/semsopos\/files\/Ev-Reli_Trauer.pdf\" target=\"_blank\" rel=\"noopener noreferrer\">ev. Religion 2 Trauer<\/a><\/p>\n<div id=\"kpm_content_wrapper\" class=\"notranslate\"><\/div>\n","protected":false},"excerpt":{"rendered":"<p>Was ist eine KEA? &#8222;Die Kompetenzentwicklungsaufgabe (KEA) steht im Mittelpunkt des Konzeptes zur Weiterentwicklung der Seminarlehrpl\u00e4ne. Den KEA kommt im Rahmen der kompetenzorientierten Ausbildung von Lehrerinnen und Lehrern insofern eine gro\u00dfe Bedeutung zu, als sie als zus\u00e4tzliches didaktisch-methodisches Element verbindlich in die Seminararbeit zu integrieren sind. Die KEA bietet dabei eine M\u00f6glichkeit zur selbst\u00e4ndigen und [&hellip;]<\/p>\n","protected":false},"author":1287,"featured_media":0,"parent":0,"menu_order":0,"comment_status":"closed","ping_status":"closed","template":"","meta":{"footnotes":""},"class_list":["post-2022","page","type-page","status-publish","hentry"],"_links":{"self":[{"href":"https:\/\/wordpress.nibis.de\/semsopos\/wp-json\/wp\/v2\/pages\/2022","targetHints":{"allow":["GET"]}}],"collection":[{"href":"https:\/\/wordpress.nibis.de\/semsopos\/wp-json\/wp\/v2\/pages"}],"about":[{"href":"https:\/\/wordpress.nibis.de\/semsopos\/wp-json\/wp\/v2\/types\/page"}],"author":[{"embeddable":true,"href":"https:\/\/wordpress.nibis.de\/semsopos\/wp-json\/wp\/v2\/users\/1287"}],"replies":[{"embeddable":true,"href":"https:\/\/wordpress.nibis.de\/semsopos\/wp-json\/wp\/v2\/comments?post=2022"}],"version-history":[{"count":21,"href":"https:\/\/wordpress.nibis.de\/semsopos\/wp-json\/wp\/v2\/pages\/2022\/revisions"}],"predecessor-version":[{"id":4696,"href":"https:\/\/wordpress.nibis.de\/semsopos\/wp-json\/wp\/v2\/pages\/2022\/revisions\/4696"}],"wp:attachment":[{"href":"https:\/\/wordpress.nibis.de\/semsopos\/wp-json\/wp\/v2\/media?parent=2022"}],"curies":[{"name":"wp","href":"https:\/\/api.w.org\/{rel}","templated":true}]}}