{"id":225,"date":"2013-08-12T16:07:34","date_gmt":"2013-08-12T14:07:34","guid":{"rendered":"http:\/\/wordpress.nibis.de\/semsopos\/?page_id=225"},"modified":"2025-08-13T15:34:35","modified_gmt":"2025-08-13T13:34:35","slug":"impressum","status":"publish","type":"page","link":"https:\/\/wordpress.nibis.de\/semsopos\/impressum\/","title":{"rendered":"Impressum"},"content":{"rendered":"<p><span style=\"font-size: small\"><strong>Land Niedersachsen<\/strong> (Diensteanbieter i. S. d. Telemediengesetzes) vertreten durch:<\/span><\/p>\n<p><span style=\"font-size: small\">Seminarleitung<\/span><\/p>\n<p><strong><span style=\"font-size: small\">Maike Jan\u00dfen, Seminarrektorin<\/span><\/strong><\/p>\n<p><span style=\"font-size: small\">Studienseminar f\u00fcr das Lehramt f\u00fcr Sonderp\u00e4dagogik<\/span><\/p>\n<p><span style=\"font-size: small\">Winkelhausenstr. 18<br \/><\/span><\/p>\n<p><span style=\"font-size: small\">49090 Osnabr\u00fcck<\/span><\/p>\n<p><span style=\"font-size: small\">Telefon Sekretariat: 0541 \/ 770 469 60\u00a0\u00a0\u00a0 <\/span><\/p>\n<p><span style=\"font-size: small\">Fax. 0541 \/ 770 4689 40<br \/><\/span><\/p>\n<h6>E-Mai Seminarrektorin: maike.janssen[at]studienseminar-sonderpaedagogik.de<\/h6>\n<p><span style=\"font-size: small\">Mailanschrift Sekretariat: poststelle.os[at]studienseminar-sonderpaedagogik.de<\/span><\/p>\n\n","protected":false},"excerpt":{"rendered":"<p>Land Niedersachsen (Diensteanbieter i. S. d. Telemediengesetzes) vertreten durch: Seminarleitung Maike Jan\u00dfen, Seminarrektorin Studienseminar f\u00fcr das Lehramt f\u00fcr Sonderp\u00e4dagogik Winkelhausenstr. 18 49090 Osnabr\u00fcck Telefon Sekretariat: 0541 \/ 770 469 60\u00a0\u00a0\u00a0 Fax. 0541 \/ 770 4689 40 E-Mai Seminarrektorin: maike.janssen[at]studienseminar-sonderpaedagogik.de Mailanschrift Sekretariat: poststelle.os[at]studienseminar-sonderpaedagogik.de<\/p>\n","protected":false},"author":177,"featured_media":0,"parent":0,"menu_order":0,"comment_status":"closed","ping_status":"closed","template":"","meta":{"footnotes":""},"class_list":["post-225","page","type-page","status-publish","hentry"],"_links":{"self":[{"href":"https:\/\/wordpress.nibis.de\/semsopos\/wp-json\/wp\/v2\/pages\/225","targetHints":{"allow":["GET"]}}],"collection":[{"href":"https:\/\/wordpress.nibis.de\/semsopos\/wp-json\/wp\/v2\/pages"}],"about":[{"href":"https:\/\/wordpress.nibis.de\/semsopos\/wp-json\/wp\/v2\/types\/page"}],"author":[{"embeddable":true,"href":"https:\/\/wordpress.nibis.de\/semsopos\/wp-json\/wp\/v2\/users\/177"}],"replies":[{"embeddable":true,"href":"https:\/\/wordpress.nibis.de\/semsopos\/wp-json\/wp\/v2\/comments?post=225"}],"version-history":[{"count":31,"href":"https:\/\/wordpress.nibis.de\/semsopos\/wp-json\/wp\/v2\/pages\/225\/revisions"}],"predecessor-version":[{"id":6640,"href":"https:\/\/wordpress.nibis.de\/semsopos\/wp-json\/wp\/v2\/pages\/225\/revisions\/6640"}],"wp:attachment":[{"href":"https:\/\/wordpress.nibis.de\/semsopos\/wp-json\/wp\/v2\/media?parent=225"}],"curies":[{"name":"wp","href":"https:\/\/api.w.org\/{rel}","templated":true}]}}