{"id":2531,"date":"2017-12-12T17:29:55","date_gmt":"2017-12-12T16:29:55","guid":{"rendered":"http:\/\/wordpress.nibis.de\/semsopos\/?page_id=2531"},"modified":"2026-02-07T13:59:57","modified_gmt":"2026-02-07T12:59:57","slug":"inklusive-deutschdidaktik","status":"publish","type":"page","link":"https:\/\/wordpress.nibis.de\/semsopos\/inklusive-deutschdidaktik\/","title":{"rendered":"Inklusive Deutschdidaktik"},"content":{"rendered":"<p>Es besteht die M\u00f6glichkeit, in unserem Studienseminar eine Zusatzqualifikation im Bereich \u201eBasiskompetenzen inklusive Deutschdidaktik\u201c zu erwerben.<\/p>\n<p>Hier finden Sie das <a href=\"https:\/\/wordpress.nibis.de\/semsopos\/files\/0-Konzept_Zusatzqualifikation_September2021_pdf.pdf\"><strong>Ausbildungskonzept<\/strong><\/a> und das <a href=\"https:\/\/wordpress.nibis.de\/semsopos\/files\/Anmeldung-Zusatzqualifikation-inklusive-Deutschdidaktik-1.pdf\"><strong>Anmeldeformular<\/strong><\/a> <strong>&#8222;Basiskompetenzen inklusive Deutschdidaktik&#8220;<\/strong>.<\/p>\n\n\n<p>&nbsp;<\/p>\n<p><strong>Organisatorische Hinweise:<\/strong><\/p>\n<p style=\"padding-left: 40px\"><strong>Bitte beachten Sie:<\/strong> Anmeldeschluss f\u00fcr den neuen ZQ-Durchgang ist der 05<em>. September 2025<\/em>.<\/p>\n<ul>\n<li><strong><span style=\"color: #ff0000\">Standort Osnabr\u00fcck<\/span><\/strong>: Die Zusatzqualifikation Deutsch am Standort Osnabr\u00fcck startet am <strong>06.03.2026.<\/strong> Eine \u00dcbersicht der Termine finden Sie <a href=\"https:\/\/wordpress.nibis.de\/semsopos\/files\/2026_01-Termine-ZQ-Deutsch-OS.pdf\">hier<\/a>.<\/li>\n<\/ul>\n<ul>\n<li><strong><span style=\"color: #ff0000\">Standort Aurich<\/span><\/strong>: Der Durchgang f\u00fcr die Zusatzqualifikation Deutsch am Standort Aurich startete am <strong>12.09.2025<\/strong>. Eine \u00dcbersicht der Termine finden Sie <a href=\"https:\/\/wordpress.nibis.de\/semsopos\/files\/2026_01-Termine-ZQ-Deutsch-AUR.pdf\">hier<\/a>.<\/li>\n<\/ul>\n","protected":false},"excerpt":{"rendered":"<p>Es besteht die M\u00f6glichkeit, in unserem Studienseminar eine Zusatzqualifikation im Bereich \u201eBasiskompetenzen inklusive Deutschdidaktik\u201c zu erwerben. Hier finden Sie das Ausbildungskonzept und das Anmeldeformular &#8222;Basiskompetenzen inklusive Deutschdidaktik&#8220;. &nbsp; Organisatorische Hinweise: Bitte beachten Sie: Anmeldeschluss f\u00fcr den neuen ZQ-Durchgang ist der 05. September 2025. Standort Osnabr\u00fcck: Die Zusatzqualifikation Deutsch am Standort Osnabr\u00fcck startet am 06.03.2026. Eine [&hellip;]<\/p>\n","protected":false},"author":1287,"featured_media":0,"parent":0,"menu_order":0,"comment_status":"closed","ping_status":"closed","template":"","meta":{"footnotes":""},"class_list":["post-2531","page","type-page","status-publish","hentry"],"_links":{"self":[{"href":"https:\/\/wordpress.nibis.de\/semsopos\/wp-json\/wp\/v2\/pages\/2531","targetHints":{"allow":["GET"]}}],"collection":[{"href":"https:\/\/wordpress.nibis.de\/semsopos\/wp-json\/wp\/v2\/pages"}],"about":[{"href":"https:\/\/wordpress.nibis.de\/semsopos\/wp-json\/wp\/v2\/types\/page"}],"author":[{"embeddable":true,"href":"https:\/\/wordpress.nibis.de\/semsopos\/wp-json\/wp\/v2\/users\/1287"}],"replies":[{"embeddable":true,"href":"https:\/\/wordpress.nibis.de\/semsopos\/wp-json\/wp\/v2\/comments?post=2531"}],"version-history":[{"count":84,"href":"https:\/\/wordpress.nibis.de\/semsopos\/wp-json\/wp\/v2\/pages\/2531\/revisions"}],"predecessor-version":[{"id":7156,"href":"https:\/\/wordpress.nibis.de\/semsopos\/wp-json\/wp\/v2\/pages\/2531\/revisions\/7156"}],"wp:attachment":[{"href":"https:\/\/wordpress.nibis.de\/semsopos\/wp-json\/wp\/v2\/media?parent=2531"}],"curies":[{"name":"wp","href":"https:\/\/api.w.org\/{rel}","templated":true}]}}