{"id":2534,"date":"2017-12-12T17:31:49","date_gmt":"2017-12-12T16:31:49","guid":{"rendered":"http:\/\/wordpress.nibis.de\/semsopos\/?page_id=2534"},"modified":"2026-02-07T14:01:37","modified_gmt":"2026-02-07T13:01:37","slug":"inklusive-mathematikdidaktik","status":"publish","type":"page","link":"https:\/\/wordpress.nibis.de\/semsopos\/inklusive-mathematikdidaktik\/","title":{"rendered":"Inklusive Mathematikdidaktik"},"content":{"rendered":"<p>Es besteht die M\u00f6glichkeit, in unserem Studienseminar eine Zusatzqualifikation im Bereich \u201eBasiskompetenzen inklusive Mathematikdidaktik\u201c zu erwerben.<\/p>\n<p>Hier finden Sie das <strong><a href=\"https:\/\/wordpress.nibis.de\/semsopos\/files\/2019.02.01Auskonzept-inkl.-Mathe.pdf\" target=\"_blank\" rel=\"noopener noreferrer\">Ausbildungskonzept<\/a> <\/strong>und das <strong><a href=\"https:\/\/wordpress.nibis.de\/semsopos\/files\/Anmeldung-Zusatzqualifikation-inklusive-Mathematikdidaktik-1.pdf\">Anmeldeformular<\/a> &#8222;Basiskompetenzen inklusive Mathematikdidaktik&#8220;.<\/strong><\/p>\n<p><strong>Organisatorische Hinweise:<\/strong><\/p>\n<p><strong>Bitte beachten Sie:<\/strong> Anmeldeschluss f\u00fcr den neuen ZQ-Durchgang ist der 05<em>. September 2025<\/em>..<\/p>\n<ul>\n<li><strong><span style=\"color: #ff0000\">Standort Osnabr\u00fcck<\/span><\/strong>: Die Zusatzqualifikation Mathematik am Standort Osnabr\u00fcck startet am <strong>06.03.2026<\/strong>. Eine \u00dcbersicht der Termine finden Sie <a href=\"https:\/\/wordpress.nibis.de\/semsopos\/files\/2026_02-Termine-Zusatzqualifikation-Mathematik-OS.pdf\">hier<\/a>.<\/li>\n<\/ul>\n<ul>\n<li><strong><span style=\"color: #ff0000\">Standort Aurich<\/span><\/strong>: Der Durchgang f\u00fcr die Zusatzqualifikation Mathematik am Standort Aurich ist im <strong>September 2025<\/strong> gestartet.. Eine \u00dcbersicht der Termine finden Sie <a href=\"https:\/\/wordpress.nibis.de\/semsopos\/files\/2026_01-Termine-ZQ-Mathe-AUR.pdf\">hier<\/a>.<\/li>\n<\/ul>\n\n\n<p class=\"has-vivid-red-color has-text-color has-medium-font-size\"><\/p>\n\n\n\n<p><\/p>\n\n\n","protected":false},"excerpt":{"rendered":"<p>Es besteht die M\u00f6glichkeit, in unserem Studienseminar eine Zusatzqualifikation im Bereich \u201eBasiskompetenzen inklusive Mathematikdidaktik\u201c zu erwerben. Hier finden Sie das Ausbildungskonzept und das Anmeldeformular &#8222;Basiskompetenzen inklusive Mathematikdidaktik&#8220;. Organisatorische Hinweise: Bitte beachten Sie: Anmeldeschluss f\u00fcr den neuen ZQ-Durchgang ist der 05. September 2025.. Standort Osnabr\u00fcck: Die Zusatzqualifikation Mathematik am Standort Osnabr\u00fcck startet am 06.03.2026. Eine \u00dcbersicht [&hellip;]<\/p>\n","protected":false},"author":1287,"featured_media":0,"parent":0,"menu_order":0,"comment_status":"closed","ping_status":"closed","template":"","meta":{"footnotes":""},"class_list":["post-2534","page","type-page","status-publish","hentry"],"_links":{"self":[{"href":"https:\/\/wordpress.nibis.de\/semsopos\/wp-json\/wp\/v2\/pages\/2534","targetHints":{"allow":["GET"]}}],"collection":[{"href":"https:\/\/wordpress.nibis.de\/semsopos\/wp-json\/wp\/v2\/pages"}],"about":[{"href":"https:\/\/wordpress.nibis.de\/semsopos\/wp-json\/wp\/v2\/types\/page"}],"author":[{"embeddable":true,"href":"https:\/\/wordpress.nibis.de\/semsopos\/wp-json\/wp\/v2\/users\/1287"}],"replies":[{"embeddable":true,"href":"https:\/\/wordpress.nibis.de\/semsopos\/wp-json\/wp\/v2\/comments?post=2534"}],"version-history":[{"count":65,"href":"https:\/\/wordpress.nibis.de\/semsopos\/wp-json\/wp\/v2\/pages\/2534\/revisions"}],"predecessor-version":[{"id":7157,"href":"https:\/\/wordpress.nibis.de\/semsopos\/wp-json\/wp\/v2\/pages\/2534\/revisions\/7157"}],"wp:attachment":[{"href":"https:\/\/wordpress.nibis.de\/semsopos\/wp-json\/wp\/v2\/media?parent=2534"}],"curies":[{"name":"wp","href":"https:\/\/api.w.org\/{rel}","templated":true}]}}