{"id":2945,"date":"2018-08-01T13:20:15","date_gmt":"2018-08-01T11:20:15","guid":{"rendered":"http:\/\/wordpress.nibis.de\/semsopos\/?page_id=2945"},"modified":"2018-08-01T13:50:46","modified_gmt":"2018-08-01T11:50:46","slug":"digitale-medien","status":"publish","type":"page","link":"https:\/\/wordpress.nibis.de\/semsopos\/digitale-medien\/","title":{"rendered":"Digitale Medien"},"content":{"rendered":"<p><strong>Medienkompetenz<br \/>\n<\/strong><\/p>\n<p>externes Modulangebot von:<strong>\u00a0\u00a0\u00a0\u00a0\u00a0\u00a0\u00a0\u00a0\u00a0\u00a0\u00a0\u00a0\u00a0\u00a0\u00a0\u00a0\u00a0\u00a0\u00a0\u00a0\u00a0\u00a0\u00a0\u00a0\u00a0\u00a0\u00a0\u00a0\u00a0\u00a0\u00a0\u00a0\u00a0\u00a0\u00a0\u00a0\u00a0\u00a0\u00a0\u00a0\u00a0\u00a0\u00a0\u00a0\u00a0\u00a0\u00a0\u00a0\u00a0\u00a0\u00a0\u00a0\u00a0\u00a0\u00a0\u00a0\u00a0\u00a0\u00a0\u00a0\u00a0\u00a0\u00a0\u00a0\u00a0\u00a0\u00a0\u00a0\u00a0\u00a0\u00a0\u00a0\u00a0\u00a0\u00a0\u00a0\u00a0\u00a0\u00a0\u00a0\u00a0\u00a0\u00a0\u00a0\u00a0\u00a0\u00a0\u00a0\u00a0\u00a0\u00a0\u00a0\u00a0\u00a0\u00a0\u00a0\u00a0\u00a0\u00a0\u00a0\u00a0\u00a0\u00a0\u00a0\u00a0\u00a0\u00a0\u00a0\u00a0\u00a0\u00a0\u00a0\u00a0\u00a0\u00a0\u00a0\u00a0\u00a0 Herrn de Groot von der Landesmedienanstalt (multimediamobil)<\/strong><\/p>\n<p><strong>Erkl\u00e4rfilme \u2013 Lernen durch erkl\u00e4ren<br \/>\n<\/strong>Erkl\u00e4rfilme sind eine tolle M\u00f6glichkeit ein Thema in vereinfachter und reduzierter aber auch kurzweiliger Form darzustellen. Lernen Sie in dem Modul die Methode kennen und erstellen Sie einen eigenen Erkl\u00e4rfilm mit dem iPad.<\/p>\n","protected":false},"excerpt":{"rendered":"<p>Medienkompetenz externes Modulangebot von:\u00a0\u00a0\u00a0\u00a0\u00a0\u00a0\u00a0\u00a0\u00a0\u00a0\u00a0\u00a0\u00a0\u00a0\u00a0\u00a0\u00a0\u00a0\u00a0\u00a0\u00a0\u00a0\u00a0\u00a0\u00a0\u00a0\u00a0\u00a0\u00a0\u00a0\u00a0\u00a0\u00a0\u00a0\u00a0\u00a0\u00a0\u00a0\u00a0\u00a0\u00a0\u00a0\u00a0\u00a0\u00a0\u00a0\u00a0\u00a0\u00a0\u00a0\u00a0\u00a0\u00a0\u00a0\u00a0\u00a0\u00a0\u00a0\u00a0\u00a0\u00a0\u00a0\u00a0\u00a0\u00a0\u00a0\u00a0\u00a0\u00a0\u00a0\u00a0\u00a0\u00a0\u00a0\u00a0\u00a0\u00a0\u00a0\u00a0\u00a0\u00a0\u00a0\u00a0\u00a0\u00a0\u00a0\u00a0\u00a0\u00a0\u00a0\u00a0\u00a0\u00a0\u00a0\u00a0\u00a0\u00a0\u00a0\u00a0\u00a0\u00a0\u00a0\u00a0\u00a0\u00a0\u00a0\u00a0\u00a0\u00a0\u00a0\u00a0\u00a0\u00a0\u00a0\u00a0\u00a0\u00a0\u00a0 Herrn de Groot von der Landesmedienanstalt (multimediamobil) Erkl\u00e4rfilme \u2013 Lernen durch erkl\u00e4ren Erkl\u00e4rfilme sind eine tolle M\u00f6glichkeit ein Thema in vereinfachter und reduzierter aber auch kurzweiliger Form darzustellen. Lernen Sie in dem Modul die Methode kennen und erstellen Sie einen eigenen Erkl\u00e4rfilm mit dem iPad.<\/p>\n","protected":false},"author":1287,"featured_media":0,"parent":0,"menu_order":0,"comment_status":"closed","ping_status":"closed","template":"","meta":{"footnotes":""},"class_list":["post-2945","page","type-page","status-publish","hentry"],"_links":{"self":[{"href":"https:\/\/wordpress.nibis.de\/semsopos\/wp-json\/wp\/v2\/pages\/2945","targetHints":{"allow":["GET"]}}],"collection":[{"href":"https:\/\/wordpress.nibis.de\/semsopos\/wp-json\/wp\/v2\/pages"}],"about":[{"href":"https:\/\/wordpress.nibis.de\/semsopos\/wp-json\/wp\/v2\/types\/page"}],"author":[{"embeddable":true,"href":"https:\/\/wordpress.nibis.de\/semsopos\/wp-json\/wp\/v2\/users\/1287"}],"replies":[{"embeddable":true,"href":"https:\/\/wordpress.nibis.de\/semsopos\/wp-json\/wp\/v2\/comments?post=2945"}],"version-history":[{"count":7,"href":"https:\/\/wordpress.nibis.de\/semsopos\/wp-json\/wp\/v2\/pages\/2945\/revisions"}],"predecessor-version":[{"id":2956,"href":"https:\/\/wordpress.nibis.de\/semsopos\/wp-json\/wp\/v2\/pages\/2945\/revisions\/2956"}],"wp:attachment":[{"href":"https:\/\/wordpress.nibis.de\/semsopos\/wp-json\/wp\/v2\/media?parent=2945"}],"curies":[{"name":"wp","href":"https:\/\/api.w.org\/{rel}","templated":true}]}}