{"id":301,"date":"2013-10-24T10:17:28","date_gmt":"2013-10-24T08:17:28","guid":{"rendered":"http:\/\/wordpress.nibis.de\/semsopos\/?page_id=301"},"modified":"2025-02-18T15:42:30","modified_gmt":"2025-02-18T14:42:30","slug":"formulare","status":"publish","type":"page","link":"https:\/\/wordpress.nibis.de\/semsopos\/formulare\/","title":{"rendered":"Formulare LiVD"},"content":{"rendered":"<p><strong>Hier finden Sie einige wichtige Formulare, Antr\u00e4ge, Vordrucke, Infobl\u00e4tter o.\u00c4., die Ihren Vorbereitungsdienst pr\u00e4gen und begleiten werden:<\/strong><\/p>\n<p>An dieser Stelle sind lediglich einige Formulare aufgef\u00fchrt, die Sie im Laufe der Ausbildung nutzen werden. Viele weitere &#8211; und speziellere &#8211;\u00a0 Informationen, Antr\u00e4ge und Formulare finden Sie\u00a0 hier auf der Seite des <strong><a href=\"https:\/\/www.nlbv.niedersachsen.de\/bezuege_versorgung\/besoldung\/alle_antraege_und_infoblaetter\/alle-antraege-und-informationsblaetter-68452.html\" target=\"_blank\" rel=\"noopener noreferrer\">NIBIS<\/a><\/strong> (Nieders\u00e4chsischer Bildungsserver).<\/p>\n<p><strong>Nachweise, Belege und Vorlagen:<\/strong><\/p>\n<p>Sie m\u00fcssen regelm\u00e4\u00dfig Ihren <strong>unterrichtlichen Einsatz<\/strong> (eigenverantwortlicher und betreuter Unterricht) dokumentieren. Daf\u00fcr gibt es ein <a href=\"http:\/\/wordpress.nibis.de\/semsopos\/files\/03-Stundenplan-mit-Zusatzquali-2-2018.docx\" target=\"_blank\" rel=\"noopener noreferrer\">Stundenplanformular<\/a>. Da es sich um ein Word-Dokument handelt, k\u00f6nnen Sie die Tabelle auch digital ausf\u00fcllen und ausdrucken.<\/p>\n<p>Weiterhin m\u00fcssen Sie dokumentieren, dass Sie an einem <a href=\"http:\/\/wordpress.nibis.de\/semsopos\/files\/TeilnahmeF\u00f6rderbedarf.doc\" target=\"_blank\" rel=\"noopener noreferrer\">Verfahren zur Feststellung eines Bedarfs an sonderp\u00e4dagogischer Unterst\u00fctzung (BasU)<\/a> in der Schule mitgewirkt haben. Auch dazu gibt es ein Formular, das Sie dann von der Schulleitung unterschreiben lassen.<\/p>\n<p><strong>REISEKOSTEN<\/strong><\/p>\n<p>Sie erhalten <strong>Reisekosten<\/strong> &#8230;<\/p>\n<p><strong>a) &#8230; f\u00fcr die Fahrten zu den Seminarsitzungen<\/strong><\/p>\n<p>Dazu ben\u00f6tigen Sie das auf ISerV im LiVd-Ordner hinterlegte Reisekostenformular sowie das ebenfalls dort hinterlegte\u00a0 Fahrtenbuch, in dem Sie die einzelnen Fahrten dokumentieren. Hinweis: Sie Teilnahme an den Seminarveranstaltungen muss nur bei Veranstaltungen von anderen Studienseminaren (z. B. L\u00fcneburg, GHR Studienseminare) und bei Zusatzqualifikationen von den Fachseminarleiterinnen und Fachseminarleitern per Unterschrift best\u00e4tigt werden<\/p>\n<p><strong>b) &#8230; f\u00fcr Fahrten zu anderen Orten im Rahmen der Ausbildung<\/strong><\/p>\n<p>Im Rahmen der Ausbildung fahren Sie durchaus auch gelegentlich zu anderen Orten z.B. zu kollegialen Unterrichtsbesuchen an anderen Schulen. F\u00fcr diese Gelegenheiten m\u00fcssen Sie <strong>14 Tage im voraus<\/strong> einen vollst\u00e4ndig ausgef\u00fcllten (2 Seiten) Dienstreiseantrag stellen. Das ist relativ neu (2017). Hier finden Sie den <a href=\"http:\/\/wordpress.nibis.de\/semsopos\/files\/2017-8-Antrag-Dienstreisegenehmigung.pdf\" target=\"_blank\" rel=\"noopener noreferrer\">Antrag auf Genehmigung einer Dienstreise<\/a>.<\/p>\n<p>Das RLSB (Regionales Landesamt f\u00fcr Schule und Bildung) hat auf ihrer Seite im Netz einen <a href=\"https:\/\/www.landesschulbehoerde-niedersachsen.de\/themen\/schulorganisation\/dienstreisen\/gueltig-ab-01-02.2017\/leitfaden-reisekosten-im-vorbereitungsdienst-1\" target=\"_blank\" rel=\"noopener noreferrer\"><strong>Leitfaden Reisekosten<\/strong><\/a> ver\u00f6ffentlicht. Dort k\u00f6nnen Sie alles noch einmal genau nachlesen.<\/p>\n<p><strong>NEBENT\u00c4TIGKEIT<\/strong><\/p>\n<p>Falls Sie noch einer <strong>weiteren<\/strong> <strong>T\u00e4tigkeit nachgehen, mit der Sie Geld verdienen<\/strong>, m\u00fcssen Sie eine Genehmigung von der Seminarleitung einholen! Kriterium: Die Nebent\u00e4tigkeit darf die Ausbildung nicht beeintr\u00e4chtigen. Dies ist das passende Antrags-Formular: <a href=\"https:\/\/wordpress.nibis.de\/semsopos\/files\/158-Nebent\u00e4tigkeit.pdf\" target=\"_blank\" rel=\"noopener noreferrer\">Anzeige einer Nebent\u00e4tigkeit<\/a><\/p>\n<p><strong>BEIHILFE<\/strong><\/p>\n<p>Das Nieders\u00e4chsische Landesamt f\u00fcr Bez\u00fcge und Versorgung informiert auf seiner Webseite u. a. ausf\u00fchrlich \u00fcber die Antragsstellung aus dem Bereich Beihilfe. Insbesondere sei auf das dort zu findende Informationsblatt f\u00fcr neueingestellte Beamtinnen und Beamte verwiesen.<\/p>\n<p><a href=\"http:\/\/www.nlbv.niedersachsen.de\">www.nlbv.niedersachsen.de<\/a><\/p>\n<p><strong>BEFREIUNG VON EINER SEMINARVERANSTALTUNG<br \/>\n<\/strong><\/p>\n<p>Wenn Sie <strong>an einem Seminartag verhindert<\/strong> sind, ben\u00f6tigen Sie dieses Formular. Die Anzahl der Freistellungstage sind begrenzt. Hier sind insbesondere die Teilnahme an schulischen Veranstaltungen gemeint (Klassenfahrt \/ Schulfest \/ SchilF\/ Verfahren FsU &#8230;) <a href=\"https:\/\/wordpress.nibis.de\/semsopos\/files\/2019-08-AntragFreistellungSeminarveranstaltung.doc\" target=\"_blank\" rel=\"noopener noreferrer\">Antrag auf Befreiung von einer Seminarveranstaltung<\/a> f\u00fcr sonstige dienstliche T\u00e4tigkeiten<\/p>\n<p><strong>SONDERURLAUB<\/strong><\/p>\n<p>Lehrkr\u00e4fte arbeiten oder sie haben Ferien! W\u00e4hrend der Schulzeit gibt es eigentlich keinen Urlaub. F\u00fcr ganz bestimmte Anl\u00e4sse und fest beschriebene Situationen gibt es die M\u00f6glichkeit, Sonderurlaub zu beantragen. Dies gilt insbesondere dann, wenn z. B. Ihr Kind krank ist, wenn Sie heiraten, wenn Sie Vater geworden sind (die M\u00fctter sind dann eh nicht da!), ein nahes Familienmitglied gestorben ist, wenn Sie an gewerkschaftlich oder kirchlichen Veranstaltung teilnehmen m\u00f6chten (&#8230;).\u00a0 Dann ben\u00f6tigen Sie dieses Formular: <a href=\"http:\/\/wordpress.nibis.de\/semsopos\/files\/Antrag-Genehmigung-Sonderurlaub.pdf\" target=\"_blank\" rel=\"noopener noreferrer\">Antrag &#8211; Genehmigung Sonderurlaub <\/a>. Exakte und sehr konkrete Regelungen bez\u00fcglich der Gew\u00e4hrung von Sonderurlaub finden Sie in der <a href=\"http:\/\/www.schure.de\/2041101\/68,surlvo.htm\">Nieders\u00e4chsischen Sonderurlaubsverordnung<\/a> . Wenn Sie Sonderurlaub f\u00fcr die Betreuung ihres kranken Kindes beantragen, ben\u00f6tigen Sie folgende Anlage: <a href=\"https:\/\/wordpress.nibis.de\/semsopos\/files\/Anlage-Sonderurlaub-krankes-Kind.pdf\" target=\"_blank\" rel=\"noopener noreferrer\">SONDERURLAUB -erkranktes Kind<\/a><\/p>\n<p><strong>TEILZEIT<\/strong><\/p>\n<p>Die Ausbildung im Referendariat kann auch in Teilzeit absoviert werden. Dies hat Auswirkungen auf die H\u00f6he der Anw\u00e4rter\/innenbez\u00fcge und ggf. auch auf die Dauer der Ausbildung. Es gibt unterschiedliche Modelle der Reduzierung. Detaillierte Informationen \u00fcber die verschiedenen M\u00f6glichkeiten und deren Auswirkungen bekommen Sie von der Leitung des Studienseminars. Den Antrag auf Teilzeitbesch\u00e4ftigung finden Sie im LiVd-Ordner auf IServ.<\/p>\n<p>Au\u00dferdem finden Sie hier ein <a href=\"https:\/\/wordpress.nibis.de\/semsopos\/files\/155-Teilzeit-Merkblatt.pdf\" target=\"_blank\" rel=\"noopener noreferrer\">Merkblatt zum Thema Teilzeitbesch\u00e4ftigung.<\/a><\/p>\n<p><strong>ENTLASSUNG AUS DEM VORBEREITUNGSDIENST<br \/>\n<\/strong><\/p>\n<p>Wenn Sie den Vorbereitungsdienst nicht fortsetzen m\u00f6chen, finden Sie hier den entsprechenden Antrag:\u00a0 <a href=\"https:\/\/wordpress.nibis.de\/semsopos\/files\/2021-02-Antrag-Entlassung-Juni-2017-neu-2021.docx\" target=\"_blank\" rel=\"noopener noreferrer\">Entlassung aus dem Vorbereitungsdienst<\/a><\/p>\n<div id=\"kpm_content_wrapper\" class=\"notranslate\"><\/div>\n","protected":false},"excerpt":{"rendered":"<p>Hier finden Sie einige wichtige Formulare, Antr\u00e4ge, Vordrucke, Infobl\u00e4tter o.\u00c4., die Ihren Vorbereitungsdienst pr\u00e4gen und begleiten werden: An dieser Stelle sind lediglich einige Formulare aufgef\u00fchrt, die Sie im Laufe der Ausbildung nutzen werden. Viele weitere &#8211; und speziellere &#8211;\u00a0 Informationen, Antr\u00e4ge und Formulare finden Sie\u00a0 hier auf der Seite des NIBIS (Nieders\u00e4chsischer Bildungsserver). Nachweise, Belege [&hellip;]<\/p>\n","protected":false},"author":177,"featured_media":0,"parent":0,"menu_order":0,"comment_status":"closed","ping_status":"closed","template":"","meta":{"footnotes":""},"class_list":["post-301","page","type-page","status-publish","hentry"],"_links":{"self":[{"href":"https:\/\/wordpress.nibis.de\/semsopos\/wp-json\/wp\/v2\/pages\/301","targetHints":{"allow":["GET"]}}],"collection":[{"href":"https:\/\/wordpress.nibis.de\/semsopos\/wp-json\/wp\/v2\/pages"}],"about":[{"href":"https:\/\/wordpress.nibis.de\/semsopos\/wp-json\/wp\/v2\/types\/page"}],"author":[{"embeddable":true,"href":"https:\/\/wordpress.nibis.de\/semsopos\/wp-json\/wp\/v2\/users\/177"}],"replies":[{"embeddable":true,"href":"https:\/\/wordpress.nibis.de\/semsopos\/wp-json\/wp\/v2\/comments?post=301"}],"version-history":[{"count":97,"href":"https:\/\/wordpress.nibis.de\/semsopos\/wp-json\/wp\/v2\/pages\/301\/revisions"}],"predecessor-version":[{"id":6466,"href":"https:\/\/wordpress.nibis.de\/semsopos\/wp-json\/wp\/v2\/pages\/301\/revisions\/6466"}],"wp:attachment":[{"href":"https:\/\/wordpress.nibis.de\/semsopos\/wp-json\/wp\/v2\/media?parent=301"}],"curies":[{"name":"wp","href":"https:\/\/api.w.org\/{rel}","templated":true}]}}