{"id":3072,"date":"2018-12-29T16:56:20","date_gmt":"2018-12-29T15:56:20","guid":{"rendered":"http:\/\/wordpress.nibis.de\/semsopos\/?page_id=3072"},"modified":"2018-12-29T17:19:07","modified_gmt":"2018-12-29T16:19:07","slug":"foerderschwerpunkte","status":"publish","type":"page","link":"https:\/\/wordpress.nibis.de\/semsopos\/foerderschwerpunkte\/","title":{"rendered":"F\u00f6rderschwerpunkte"},"content":{"rendered":"<p>In Niedersachsen werden Sie in den Studienseminaren f\u00fcr das Lehramt f\u00fcr Sonderp\u00e4dagogik in zwei sonderp\u00e4dagogischen F\u00f6rderschwerpunkten ausgebildet. Am Ende des ersten Ausbildungshalbjahres entscheiden Sie sich, mit welchem F\u00f6rderschwerpunkt Sie in die Pr\u00fcfung gehen werden. Diese Entscheidung gilt dann f\u00fcr beide Pr\u00fcfungsstunden, auch wenn die weitere Pr\u00fcfungsstunde unter dem Schwerpunkt der Fachdidaktik bewertet wird. Die Ausbildung erfolgt jedoch\u00a0 durchg\u00e4ngig in beiden F\u00f6rderschwerpunkten \u00fcber 18 Monate.<\/p>\n<p>Inhaltlich bereiten die F\u00f6rderschwerpunkseminare auf die Arbeit mit Sch\u00fclerinnen und Sch\u00fclern vor, die aufgrund ganz individueller und spezifischer Beeintr\u00e4chtigungen, den Lernprozessen der allgemeinen Schule nicht ohne Unterst\u00fctzung folgen k\u00f6nnen. Schwerpunkte sind die Aspekte &#8218;inklusiver&#8216; Unterricht, Diagnostik, F\u00f6rderung und Pr\u00e4vention auf dem Hintergrund der jeweiligen F\u00f6rderschwerpunkte. Auch die Zusammenarbeit mit au\u00dferschulischen, begleitenden Einrichtungen (Polizei \/ Jugendamt \/ Beratungsstellen &#8230;) ist Thema in diesen Seminaren.<\/p>\n<p>In Unserem Studienseminar werden folgende F\u00f6rderschwerpunkte angeboten:<\/p>\n<ul>\n<li><strong>Emotionale und Soziale Entwicklung <a href=\"https:\/\/wordpress.nibis.de\/semsopos\/padagogik-bei-beeintrachtigungen-des-verhaltens\/\" target=\"_blank\" rel=\"noopener\">(ESE)<\/a><\/strong><\/li>\n<li><strong>Geistige Entwickung <a href=\"https:\/\/wordpress.nibis.de\/semsopos\/paedagogik-bei-beeintraechtigungen-der-geistigen-entwicklung-2\/\" target=\"_blank\" rel=\"noopener\">(GB)<\/a><\/strong><\/li>\n<li><strong>H\u00f6ren <a href=\"https:\/\/wordpress.nibis.de\/semsopos\/paedagogik-bei-beeintraechtigungen-des-hoerens\/\" target=\"_blank\" rel=\"noopener\">(HR)<\/a> in Kooperation mit dem STS L\u00fcneburg<\/strong><\/li>\n<li><strong>K\u00f6rperlich MotorischeEntwicklung <a href=\"https:\/\/wordpress.nibis.de\/semsopos\/paedagogik-bei-beeintraechtigungen-der-koerperlichen-und-motorischen-entwicklung\/\" target=\"_blank\" rel=\"noopener\">(KME)<\/a><\/strong><\/li>\n<li><strong>Lernen <a href=\"https:\/\/wordpress.nibis.de\/semsopos\/padagogik-bei-beeintrachtigungen-des-schulischen-lernens\/\" target=\"_blank\" rel=\"noopener\">(LE)<\/a><\/strong><\/li>\n<li><strong>Sprache <a href=\"https:\/\/wordpress.nibis.de\/semsopos\/paedagogik-bei-beeintraechtigungen-der-sprache-und-des-sprechens\/\" target=\"_blank\" rel=\"noopener\">(SR)<\/a><\/strong><\/li>\n<\/ul>\n","protected":false},"excerpt":{"rendered":"<p>In Niedersachsen werden Sie in den Studienseminaren f\u00fcr das Lehramt f\u00fcr Sonderp\u00e4dagogik in zwei sonderp\u00e4dagogischen F\u00f6rderschwerpunkten ausgebildet. Am Ende des ersten Ausbildungshalbjahres entscheiden Sie sich, mit welchem F\u00f6rderschwerpunkt Sie in die Pr\u00fcfung gehen werden. Diese Entscheidung gilt dann f\u00fcr beide Pr\u00fcfungsstunden, auch wenn die weitere Pr\u00fcfungsstunde unter dem Schwerpunkt der Fachdidaktik bewertet wird. Die Ausbildung [&hellip;]<\/p>\n","protected":false},"author":1287,"featured_media":0,"parent":0,"menu_order":0,"comment_status":"closed","ping_status":"closed","template":"","meta":{"footnotes":""},"class_list":["post-3072","page","type-page","status-publish","hentry"],"_links":{"self":[{"href":"https:\/\/wordpress.nibis.de\/semsopos\/wp-json\/wp\/v2\/pages\/3072","targetHints":{"allow":["GET"]}}],"collection":[{"href":"https:\/\/wordpress.nibis.de\/semsopos\/wp-json\/wp\/v2\/pages"}],"about":[{"href":"https:\/\/wordpress.nibis.de\/semsopos\/wp-json\/wp\/v2\/types\/page"}],"author":[{"embeddable":true,"href":"https:\/\/wordpress.nibis.de\/semsopos\/wp-json\/wp\/v2\/users\/1287"}],"replies":[{"embeddable":true,"href":"https:\/\/wordpress.nibis.de\/semsopos\/wp-json\/wp\/v2\/comments?post=3072"}],"version-history":[{"count":5,"href":"https:\/\/wordpress.nibis.de\/semsopos\/wp-json\/wp\/v2\/pages\/3072\/revisions"}],"predecessor-version":[{"id":3079,"href":"https:\/\/wordpress.nibis.de\/semsopos\/wp-json\/wp\/v2\/pages\/3072\/revisions\/3079"}],"wp:attachment":[{"href":"https:\/\/wordpress.nibis.de\/semsopos\/wp-json\/wp\/v2\/media?parent=3072"}],"curies":[{"name":"wp","href":"https:\/\/api.w.org\/{rel}","templated":true}]}}