{"id":310,"date":"2013-10-24T10:29:50","date_gmt":"2013-10-24T08:29:50","guid":{"rendered":"http:\/\/wordpress.nibis.de\/semsopos\/?page_id=310"},"modified":"2022-08-15T11:14:08","modified_gmt":"2022-08-15T09:14:08","slug":"schriftliche-arbeit","status":"publish","type":"page","link":"https:\/\/wordpress.nibis.de\/semsopos\/schriftliche-arbeit\/","title":{"rendered":"Schriftliche Arbeit"},"content":{"rendered":"\n<p class=\"has-large-font-size\"><strong><span style=\"color:#cf2e2e\" class=\"tadv-color\">Achtung: Ab Einstellung August 2022 entf\u00e4llt die schriftliche Arbeit <\/span><\/strong><\/p>\n\n\n\n<p>Hier finden Sie Informationen zur <strong>Schriftlichen Arbeit<\/strong> gem\u00e4\u00df \u00a79 APVO. Diese umfassen Aussagen zur kompetenzorientierten Anbindung an die APVO, zur inhaltlichen und formalen Struktur, zu m\u00f6glichen Themen und zur Bewertung (bitte anklicken): <a href=\"https:\/\/wordpress.nibis.de\/semsopos\/files\/2021-09-07-Konzept_Schriftliche-Arbeit_Stand_07.09.2021.pdf\" target=\"_blank\" rel=\"noopener\"><strong>Schriftliche Arbeit &#8211; Konzept und Bewertungskriterien<\/strong><\/a> (Stand Sept. 2021)<\/p>\n\n\n\n<p>Da es keine Zeitvorgabe gibt, in der die Arbeit geschrieben werden muss (au\u00dfer dem Abgabetermin am Ende des 12. Ausbildungsmonats), k\u00f6nnen Sie direkt zu Beginn der Ausbildung mit \u00dcberlegungen zu einer&nbsp; geeigneten Thematik beginnen.<\/p>\n\n\n\n<p>Eine Hilfe f\u00fcr die Suche nach einem geeigneten Themea und einer Begleitung durch einen FSL finden Sie hier: <a href=\"https:\/\/wordpress.nibis.de\/semsopos\/files\/EXPOS\u00c9-schriftl.-Arbeit.docx\" target=\"_blank\" rel=\"noopener noreferrer\"><strong>EXPOS\u00c9 schriftliche Arbeit<\/strong><\/a><strong>.<\/strong> Mit diesem <strong>ausgef\u00fcllten Papier<\/strong> wenden Sie sich an einen FSL, um die Formulierung eines Themas besprechen.<\/p>\n\n\n\n<p>Die rechtlichen Grundlagen zur Schriftlichen Arbeit in der APVO finden Sie hier (bitte anklicken): <a href=\"http:\/\/wordpress.nibis.de\/semsopos\/files\/APVO-Rechtliche-Grundlagen-zur-Erstellung-der-schriftlichen-Arbeit.doc\"><strong>APVO Rechtliche Grundlagen zur Erstellung der schriftlichen Arbeit<\/strong><\/a><\/p>\n\n\n\n<p>Hier finden Sie eine <a href=\"https:\/\/wordpress.nibis.de\/semsopos\/files\/2021-Deckblatt-Schriftl.-Arbeit-.docx\" target=\"_blank\" rel=\"noopener\"><strong>Vorlage f\u00fcr das Deckblatt<\/strong><\/a> Ihrer schriftlichen Arbeit. <strong><span style=\"color: #ff0000\">Wichtig ist hier auch die unterschriebene <\/span><a href=\"https:\/\/wordpress.nibis.de\/semsopos\/files\/Eigenst\u00e4ndigkeitserkl\u00e4rung-1.docx\" target=\"_blank\" rel=\"noopener noreferrer\">Eigenst\u00e4ndigkeitserkl\u00e4rung <\/a><span style=\"color: #ff0000\">am Ende der Arbeit<\/span>.<\/strong><\/p>\n\n\n\n<h2 class=\"wp-block-heading\" id=\"kpm_content_wrapper\"><span style=\"color: #000000\"><strong>Abgabemodalit\u00e4ten:<\/strong><\/span><\/h2>\n\n\n\n<div>\n<div><span style=\"color: #ff0000\"><strong>Am Abgabetag<\/strong><\/span> schicken Sie die Arbeit als <span style=\"color: #ff0000\"><strong>PDF-Datei<\/strong><\/span> an das entsprechende Sekretariat (Osnabr\u00fcck bzw. Aurich).<\/div>\n<div>Zus\u00e4tzlich schicken Sie <span style=\"color: #ff0000\"><strong>zwei ausgedruckte Exemplare<\/strong> <\/span>an das Studienseminar in Osnabr\u00fcck bzw. Aurich. Hier ist das <span style=\"color: #ff0000\"><strong>Datum des Poststempels<\/strong> <\/span>ausschlaggebend.<\/div>\n<\/div>\n\n\n","protected":false},"excerpt":{"rendered":"<p>Achtung: Ab Einstellung August 2022 entf\u00e4llt die schriftliche Arbeit Hier finden Sie Informationen zur Schriftlichen Arbeit gem\u00e4\u00df \u00a79 APVO. Diese umfassen Aussagen zur kompetenzorientierten Anbindung an die APVO, zur inhaltlichen und formalen Struktur, zu m\u00f6glichen Themen und zur Bewertung (bitte anklicken): Schriftliche Arbeit &#8211; Konzept und Bewertungskriterien (Stand Sept. 2021) Da es keine Zeitvorgabe gibt, [&hellip;]<\/p>\n","protected":false},"author":177,"featured_media":0,"parent":0,"menu_order":0,"comment_status":"closed","ping_status":"closed","template":"","meta":{"footnotes":""},"class_list":["post-310","page","type-page","status-publish","hentry"],"_links":{"self":[{"href":"https:\/\/wordpress.nibis.de\/semsopos\/wp-json\/wp\/v2\/pages\/310","targetHints":{"allow":["GET"]}}],"collection":[{"href":"https:\/\/wordpress.nibis.de\/semsopos\/wp-json\/wp\/v2\/pages"}],"about":[{"href":"https:\/\/wordpress.nibis.de\/semsopos\/wp-json\/wp\/v2\/types\/page"}],"author":[{"embeddable":true,"href":"https:\/\/wordpress.nibis.de\/semsopos\/wp-json\/wp\/v2\/users\/177"}],"replies":[{"embeddable":true,"href":"https:\/\/wordpress.nibis.de\/semsopos\/wp-json\/wp\/v2\/comments?post=310"}],"version-history":[{"count":33,"href":"https:\/\/wordpress.nibis.de\/semsopos\/wp-json\/wp\/v2\/pages\/310\/revisions"}],"predecessor-version":[{"id":5028,"href":"https:\/\/wordpress.nibis.de\/semsopos\/wp-json\/wp\/v2\/pages\/310\/revisions\/5028"}],"wp:attachment":[{"href":"https:\/\/wordpress.nibis.de\/semsopos\/wp-json\/wp\/v2\/media?parent=310"}],"curies":[{"name":"wp","href":"https:\/\/api.w.org\/{rel}","templated":true}]}}