{"id":312,"date":"2013-10-24T10:30:27","date_gmt":"2013-10-24T08:30:27","guid":{"rendered":"http:\/\/wordpress.nibis.de\/semsopos\/?page_id=312"},"modified":"2025-02-18T15:49:16","modified_gmt":"2025-02-18T14:49:16","slug":"arbeitshilfen-unterrichtsentwuerfe","status":"publish","type":"page","link":"https:\/\/wordpress.nibis.de\/semsopos\/arbeitshilfen-unterrichtsentwuerfe\/","title":{"rendered":"Unterrichtsbesuche"},"content":{"rendered":"<p style=\"text-align: left\">Hier finden Sie die Vorlage zur Erstellung des <a href=\"https:\/\/wordpress.nibis.de\/semsopos\/files\/2021-11-Deckblatt-aUB-und-gUB-mit-LOGO.docx\" target=\"_blank\" rel=\"noopener\"><strong>Deckblattes<\/strong><\/a> f\u00fcr einen\u00a0 allgemeinen Unterrichtsbesuch (aUB) oder einen gemeinsamen Unterrichtsbesuch (gUB)\u00a0 gem\u00e4\u00df \u00a7 7.8 APVO.<\/p>\n<p style=\"text-align: left\">Sie werden im Laufe der Ausbildung mindestens <strong>15 mal<\/strong> in Ihrem Unterricht von den Fachseminarleiter\/innen (FSL) besucht. Einer der allgemeinen Unterrichtsbesuche ist von Ihnen verpflichtend als <strong>kollegialer Unterrichtsbesuch (kUb)<\/strong> durchzuf\u00fchren. Ebenso ist die `beratende Teilnahme\u00b4 an mindestens einem kollegialen Unterrichtsbesuch (kUb) f\u00fcr Sie verbindlich. Die Unterrichtsbesuche werden auf dem <strong><a href=\"https:\/\/wordpress.nibis.de\/semsopos\/files\/Nachweis-ueber-Unterrichtsbesuche_April_2024.pdf\">Nachweis \u00fcber Unterrichtsbesuche<\/a><\/strong> dokumentiert. Die gemeinsamen Unterrichtsbesuche (gUb) gem\u00e4\u00df \u00a77.8 APVO sind hierin enthalten.<\/p>\n<p>F\u00fcr die Unterrichtsbesuche erstellen Sie jeweils einen <strong>Unterrichtsentwurf,<\/strong> den Sie im Vorfeld an die Fachseminarleitungen verschicken. Hier finden Sie diesbez\u00fcgliche Informationen. <a href=\"http:\/\/wordpress.nibis.de\/semsopos\/2368-2\/\"><strong>Informationen zum Versenden der Unterrichtsentw\u00fcrfe\u00a0<\/strong><\/a><\/p>\n<p style=\"text-align: left\">Jede\/r FSL kommt <strong>5 x<\/strong> zu Ihnen in den Unterricht. Da Sie in mindestens 4 F\u00e4chern ausgebildet werden (PS \/ FSP 1 \/ FSP 2 \/ FD &#8211;<em> ggf eine weitere FD<\/em>), ergibt sich die M\u00f6glichkeit\/Notwendigkeit von &#8222;Kombibesuchen&#8220; &#8211; also zwei FSL kommen an einem Termin.<\/p>\n<p>Die Pr\u00fcfungsordnung unterscheidet zwischen<strong> allgemeinen Unterrichtsbesuchen (aUb)<\/strong> und <strong>gemeinsamen Unterrichtsbesuchen (gUb)<\/strong>. In der Wertigkeit \/ Beurteilung \/ Bedeutung gibt es keinen Unterschied auch wenn der gUb &#8222;gef\u00fchlt&#8220;\u00a0 eine gr\u00f6\u00dfere Bedeutung hat. Das liegt aber nur an dem gr\u00f6\u00dferen Umfang der Vorbereitung.<\/p>\n<p><strong>Zu allgemeinen Unterrichtsbesuchen (aUb)<\/strong> kommen\u00a0 die FSL in der Regel alleine. Sie k\u00f6nnen auch zwei FSL zusammen einladen. Das ist dann aber trotzdem ein allgemeiner\u00a0 Unterrichtsbesuch.<\/p>\n<p><strong>Bei gemeinsamen Unterrichtsbesuchen (gUb)<\/strong> kommt ihre PS-Leitung mit jeweils einem Ihrer weiteren Fachseminarleitungen. Das hei\u00dft, nach der neuen Pr\u00fcfungsordnung ab August 2017 machen Sie <strong>drei gUbs<\/strong> (PS+FD \/ PS+FSP1 \/ PS+FSP 2). Die Unterrichtsentw\u00fcrfe f\u00fcr die gUBs sind umfangreicher und entsprechen den Pr\u00fcfungsentw\u00fcrfen. Sie sind sozusagen ein \u00dcbungsfeld f\u00fcr die Pr\u00fcfung. Die Vorbereitungen f\u00fcr die gUBs enthalten weitere verschriftete Analysen, die beim aUB (als Verschriftung) nicht n\u00f6tig sind. <strong>Wichtig:<\/strong> Am Ende ihres gUb-Entwurfs m\u00fcssen Sie die folgende <strong><a href=\"https:\/\/wordpress.nibis.de\/semsopos\/files\/gUB_Eigenstaendigkeitserklaerung.pdf\">Eigenst\u00e4ndigkeitserkl\u00e4rung<\/a><\/strong> im Wortlaut anf\u00fcgen und unterschreiben.<\/p>\n<p>Hier gibt es <a href=\"http:\/\/wordpress.nibis.de\/semsopos\/aub-und-gub\/\" target=\"_blank\" rel=\"noopener noreferrer\"><strong>eine Gegen\u00fcberstellung<\/strong><\/a> der <strong>Entw\u00fcrfe f\u00fcr allgemeine und gemeinsame Unterrichtsbesuche<\/strong>. Bei einem gUB wird au\u00dferdem ein Protokoll \u00fcber die Besprechung geschrieben, welches Sie im Anschluss als Kopie erhalten. Hier werden St\u00e4rken und Optimierungsaspekte des Unterrichts schriftlich festgehalten.<\/p>\n<p>Bei <strong>kollegialen Unterrichtsbesuchen (kUb)<\/strong> haben Sie in besonderer Weise u. a. die M\u00f6glichkeit ihre beratenden und personalen Kompetenzen in Orientierung an die APVO-Lehr zu f\u00f6rdern. Sie laden zu einem kUb eine Fachseminarleitung (FD oder FSP) oder eine P\u00e4dagogische Seminarleitung (PS) sowie zwei Mitanw\u00e4rter*innen aus dem gleichen Einstellungsjahrgang ein. Die Durchf\u00fchrung sowie die beratende Teilnahme erfolgt sp\u00e4testens bis zum Ende des 2. Ausbildungshalbjahres.<\/p>\n<p><strong>Reflexionsgespr\u00e4ch:<br \/><\/strong><\/p>\n<p>Das Studienseminar stellt eine entwicklungsorientierte Beratung in den Mittelpunkt der Unterrichtsnachbesprechungen. Die Leitgedanken dieses Ansatzes sind in einer <a href=\"https:\/\/wordpress.nibis.de\/semsopos\/files\/Praeambel-und-Leitfaden-Entwicklungshorizont-ueberarbeitet.pdf\" target=\"_blank\" rel=\"noopener\"><strong>Pr\u00e4ambel<\/strong><\/a>\u00a0 zusammengefasst. F\u00fcr die LiVd wird seit <strong>Januar 2022<\/strong> diese Dokumentation der Besprechung, die als <a href=\"https:\/\/wordpress.nibis.de\/semsopos\/files\/Entwicklungshorizont_blanko_ausfuellbar-1.pdf\" target=\"_blank\" rel=\"noopener\"><strong>&#8222;Entwicklungshorizont&#8220;<\/strong><\/a> betitelt ist, umgesetzt und dokumentiert. <\/p>\n<p>\u00a0<\/p>\n\n","protected":false},"excerpt":{"rendered":"<p>Hier finden Sie die Vorlage zur Erstellung des Deckblattes f\u00fcr einen\u00a0 allgemeinen Unterrichtsbesuch (aUB) oder einen gemeinsamen Unterrichtsbesuch (gUB)\u00a0 gem\u00e4\u00df \u00a7 7.8 APVO. Sie werden im Laufe der Ausbildung mindestens 15 mal in Ihrem Unterricht von den Fachseminarleiter\/innen (FSL) besucht. Einer der allgemeinen Unterrichtsbesuche ist von Ihnen verpflichtend als kollegialer Unterrichtsbesuch (kUb) durchzuf\u00fchren. Ebenso ist [&hellip;]<\/p>\n","protected":false},"author":177,"featured_media":0,"parent":0,"menu_order":0,"comment_status":"closed","ping_status":"closed","template":"","meta":{"footnotes":""},"class_list":["post-312","page","type-page","status-publish","hentry"],"_links":{"self":[{"href":"https:\/\/wordpress.nibis.de\/semsopos\/wp-json\/wp\/v2\/pages\/312","targetHints":{"allow":["GET"]}}],"collection":[{"href":"https:\/\/wordpress.nibis.de\/semsopos\/wp-json\/wp\/v2\/pages"}],"about":[{"href":"https:\/\/wordpress.nibis.de\/semsopos\/wp-json\/wp\/v2\/types\/page"}],"author":[{"embeddable":true,"href":"https:\/\/wordpress.nibis.de\/semsopos\/wp-json\/wp\/v2\/users\/177"}],"replies":[{"embeddable":true,"href":"https:\/\/wordpress.nibis.de\/semsopos\/wp-json\/wp\/v2\/comments?post=312"}],"version-history":[{"count":71,"href":"https:\/\/wordpress.nibis.de\/semsopos\/wp-json\/wp\/v2\/pages\/312\/revisions"}],"predecessor-version":[{"id":6467,"href":"https:\/\/wordpress.nibis.de\/semsopos\/wp-json\/wp\/v2\/pages\/312\/revisions\/6467"}],"wp:attachment":[{"href":"https:\/\/wordpress.nibis.de\/semsopos\/wp-json\/wp\/v2\/media?parent=312"}],"curies":[{"name":"wp","href":"https:\/\/api.w.org\/{rel}","templated":true}]}}