{"id":328,"date":"2013-10-24T10:48:59","date_gmt":"2013-10-24T08:48:59","guid":{"rendered":"http:\/\/wordpress.nibis.de\/semsopos\/?page_id=328"},"modified":"2023-08-14T16:50:10","modified_gmt":"2023-08-14T14:50:10","slug":"apvo","status":"publish","type":"page","link":"https:\/\/wordpress.nibis.de\/semsopos\/apvo\/","title":{"rendered":"APVO"},"content":{"rendered":"<p>Die rechtliche Grundlage f\u00fcr die Ausbildung im Studienseminar bildet die Verordnung \u00fcber die Ausbildung und Pr\u00fcfung von Lehrkr\u00e4ften im Vorbereitungsdienst (APVO-Lehr). Die erg\u00e4nzenden Bestimmungen regeln verbindlich und konkret einzelne Aspekte und Details zur Durchf\u00fchrung der Ausbildung inklusive der Staatspr\u00fcfungen.<\/p>\n<p>Die jeweils aktuelle Fassung der APVO sowie der Durchf\u00fchrungsbestimmungen finden Sie unter nachfolgendem Link:<\/p>\n<p><strong><a href=\"https:\/\/voris.wolterskluwer-online.de\/browse\/document\/cite\/6f1f1a17-3145-3ae9-a7f3-bae9dbf263ab\" target=\"_blank\" rel=\"noopener\">APVO-Lehr Niedersachsen (aktuelle Fassung)<\/a><\/strong>\u00a0<\/p>\n<p><strong><a href=\"https:\/\/voris.wolterskluwer-online.de\/browse\/document\/511ad874-9c07-3cee-a2f6-86bed30c186d\" target=\"_blank\" rel=\"noopener\">Durchf\u00fchrungsbestimmungen zur APVO-Lehr (aktuelle Fassung)<\/a> <\/strong><\/p>\n<p><strong><a href=\"https:\/\/wordpress.nibis.de\/semsopos\/files\/20220801_Erlass_Aenderung-Ausbildung_Vorgriffsregelung.pdf\">Vorgriffsregelung vom 1.8.2022 zur \u00c4nderung der APVO-Lehr<\/a><\/strong><\/p>\n<div id=\"kpm_content_wrapper\" class=\"notranslate\">\u00a0<\/div>\n\n","protected":false},"excerpt":{"rendered":"<p>Die rechtliche Grundlage f\u00fcr die Ausbildung im Studienseminar bildet die Verordnung \u00fcber die Ausbildung und Pr\u00fcfung von Lehrkr\u00e4ften im Vorbereitungsdienst (APVO-Lehr). Die erg\u00e4nzenden Bestimmungen regeln verbindlich und konkret einzelne Aspekte und Details zur Durchf\u00fchrung der Ausbildung inklusive der Staatspr\u00fcfungen. Die jeweils aktuelle Fassung der APVO sowie der Durchf\u00fchrungsbestimmungen finden Sie unter nachfolgendem Link: APVO-Lehr Niedersachsen [&hellip;]<\/p>\n","protected":false},"author":177,"featured_media":0,"parent":0,"menu_order":0,"comment_status":"closed","ping_status":"closed","template":"","meta":{"footnotes":""},"class_list":["post-328","page","type-page","status-publish","hentry"],"_links":{"self":[{"href":"https:\/\/wordpress.nibis.de\/semsopos\/wp-json\/wp\/v2\/pages\/328","targetHints":{"allow":["GET"]}}],"collection":[{"href":"https:\/\/wordpress.nibis.de\/semsopos\/wp-json\/wp\/v2\/pages"}],"about":[{"href":"https:\/\/wordpress.nibis.de\/semsopos\/wp-json\/wp\/v2\/types\/page"}],"author":[{"embeddable":true,"href":"https:\/\/wordpress.nibis.de\/semsopos\/wp-json\/wp\/v2\/users\/177"}],"replies":[{"embeddable":true,"href":"https:\/\/wordpress.nibis.de\/semsopos\/wp-json\/wp\/v2\/comments?post=328"}],"version-history":[{"count":21,"href":"https:\/\/wordpress.nibis.de\/semsopos\/wp-json\/wp\/v2\/pages\/328\/revisions"}],"predecessor-version":[{"id":5660,"href":"https:\/\/wordpress.nibis.de\/semsopos\/wp-json\/wp\/v2\/pages\/328\/revisions\/5660"}],"wp:attachment":[{"href":"https:\/\/wordpress.nibis.de\/semsopos\/wp-json\/wp\/v2\/media?parent=328"}],"curies":[{"name":"wp","href":"https:\/\/api.w.org\/{rel}","templated":true}]}}