{"id":3541,"date":"2019-07-15T10:57:00","date_gmt":"2019-07-15T08:57:00","guid":{"rendered":"https:\/\/wordpress.nibis.de\/semsopos\/?page_id=3541"},"modified":"2025-02-05T06:34:08","modified_gmt":"2025-02-05T05:34:08","slug":"termine-und-info","status":"publish","type":"page","link":"https:\/\/wordpress.nibis.de\/semsopos\/termine-und-info\/","title":{"rendered":"Termine und Info"},"content":{"rendered":"\n<ul class=\"wp-block-list\"><li>Interessierte LIVD haben 4 Wochen Zeit, um sich f\u00fcr eine Zusatzqualifikation anzumelden. Antragsformulare finden Sie bei den jeweiligen Beschreibungen der verschiedenen Zuatzqualifikationen.<\/li><li>Die Zusatzqualifikationen beginnen in jedem Halbjahr fr\u00fchestens sechs Wochen nach Ausbildungsbeginn.<\/li><li>Die Zusatzqualifikationen f\u00fcr <strong>inklusive Mathematikdidaktik und inklusive Deutschdeutschdidaktik<\/strong> starten am Standort <strong>Osnabr\u00fcck jeweils im Februar<\/strong> und am Standort <strong>Aurich jeweils im August<\/strong>. Diese Zusatzqualifikationen laufen \u00fcber <strong>zwei Schulhalbjahre<\/strong>. Alle anderen Zusatzqualifikationen laufen jeweils \u00fcber <strong>ein Halbjahr<\/strong>. <\/li><li>Die Termine und Anmeldemodalit\u00e4ten entnehmen Sie bitte den jeweiligen Beschreibungen.<\/li><li>Die LIVD beider Standorte k\u00f6nnen an allen angeboteten Zusatzqualifikationen &#8211; unabh\u00e4ngig vom Ausbildungsstandort &#8211; teilnehmen.<\/li><li>Die weiteren <strong>Termine<\/strong> entnehmen Sie bitte der jeweiligen Beschreibung der entsprechenden Zusatzqualifikation. <\/li><\/ul>\n\n\n","protected":false},"excerpt":{"rendered":"<p>Interessierte LIVD haben 4 Wochen Zeit, um sich f\u00fcr eine Zusatzqualifikation anzumelden. Antragsformulare finden Sie bei den jeweiligen Beschreibungen der verschiedenen Zuatzqualifikationen. Die Zusatzqualifikationen beginnen in jedem Halbjahr fr\u00fchestens sechs Wochen nach Ausbildungsbeginn. Die Zusatzqualifikationen f\u00fcr inklusive Mathematikdidaktik und inklusive Deutschdeutschdidaktik starten am Standort Osnabr\u00fcck jeweils im Februar und am Standort Aurich jeweils im August. [&hellip;]<\/p>\n","protected":false},"author":1287,"featured_media":0,"parent":0,"menu_order":0,"comment_status":"closed","ping_status":"closed","template":"","meta":{"footnotes":""},"class_list":["post-3541","page","type-page","status-publish","hentry"],"_links":{"self":[{"href":"https:\/\/wordpress.nibis.de\/semsopos\/wp-json\/wp\/v2\/pages\/3541","targetHints":{"allow":["GET"]}}],"collection":[{"href":"https:\/\/wordpress.nibis.de\/semsopos\/wp-json\/wp\/v2\/pages"}],"about":[{"href":"https:\/\/wordpress.nibis.de\/semsopos\/wp-json\/wp\/v2\/types\/page"}],"author":[{"embeddable":true,"href":"https:\/\/wordpress.nibis.de\/semsopos\/wp-json\/wp\/v2\/users\/1287"}],"replies":[{"embeddable":true,"href":"https:\/\/wordpress.nibis.de\/semsopos\/wp-json\/wp\/v2\/comments?post=3541"}],"version-history":[{"count":26,"href":"https:\/\/wordpress.nibis.de\/semsopos\/wp-json\/wp\/v2\/pages\/3541\/revisions"}],"predecessor-version":[{"id":6450,"href":"https:\/\/wordpress.nibis.de\/semsopos\/wp-json\/wp\/v2\/pages\/3541\/revisions\/6450"}],"wp:attachment":[{"href":"https:\/\/wordpress.nibis.de\/semsopos\/wp-json\/wp\/v2\/media?parent=3541"}],"curies":[{"name":"wp","href":"https:\/\/api.w.org\/{rel}","templated":true}]}}