{"id":365,"date":"2013-11-14T13:56:58","date_gmt":"2013-11-14T12:56:58","guid":{"rendered":"http:\/\/wordpress.nibis.de\/semsopos\/?page_id=365"},"modified":"2025-01-27T18:02:32","modified_gmt":"2025-01-27T17:02:32","slug":"sachunterricht-2","status":"publish","type":"page","link":"https:\/\/wordpress.nibis.de\/semsopos\/sachunterricht-2\/","title":{"rendered":"Sachunterricht"},"content":{"rendered":"\n<p class=\"has-text-align-center\" style=\"font-size:22px\"><em>\u201eMit dem Kind von der Sache aus, die f\u00fcr das Kind die Sache ist.\u201c<\/em><\/p>\n\n\n\n<p class=\"has-text-align-right\">M. Wagenschein (1896-1988)<\/p>\n\n\n\n<p class=\"has-text-align-center\" style=\"font-size:22px\">                                                \u2026 also Lernmotivation durch Lebensweltbezug?&nbsp;<\/p>\n\n\n\n<figure class=\"wp-block-image size-full\"><img loading=\"lazy\" decoding=\"async\" width=\"800\" height=\"533\" src=\"https:\/\/wordpress.nibis.de\/semsopos\/files\/Bild-Hompepage.jpg\" alt=\"\" class=\"wp-image-6347\" srcset=\"https:\/\/wordpress.nibis.de\/semsopos\/files\/Bild-Hompepage.jpg 800w, https:\/\/wordpress.nibis.de\/semsopos\/files\/Bild-Hompepage-768x512.jpg 768w, https:\/\/wordpress.nibis.de\/semsopos\/files\/Bild-Hompepage-75x50.jpg 75w\" sizes=\"auto, (max-width: 800px) 100vw, 800px\" \/><\/figure>\n\n\n\n<p style=\"font-size:12px\"><strong>Quellenhinweis<\/strong>: Das Bild wurde mit dem Worksheet Crafter erstellt &#8211; www.worksheetcrafter.com.<\/p>\n\n\n\n<p><\/p>\n\n\n\n<p><\/p>\n\n\n\n<p style=\"font-size:19px\">Liebe (zuk\u00fcnftige) LIVD,<\/p>\n\n\n\n<p>in der zweiten Phase Ihrer Lehramtsausbildung stehen Sie vor der neuen Herausforderung, Ihr bereits erworbenes f\u00f6rderp\u00e4dagogisches und fachdidaktisches Wissen und K\u00f6nnen <em>praxisbezogen<\/em> zu erweitern, aufzubereiten und so einzusetzen, dass die Ihnen anvertrauten Lerngruppen die vielf\u00e4ltigen und komplexen Lerninhalte im Fach Sachunterricht verstehen, anwenden und f\u00fcr ihren (Schul-) Alltag nutzbar machen k\u00f6nnen.<\/p>\n\n\n\n<p>In Ihrer fachdidaktischen Ausbildung lernen Sie in Bezug zur APVO-Lehr, einen an den curricularen Vorgaben (<a rel=\"noreferrer noopener\" href=\"https:\/\/cuvo.nibis.de\/cuvo.php?p=search&amp;k0_0=Schulform&amp;v0_0=F%C3%B6rderschule-Geistige+Entwicklung&amp;\" target=\"_blank\">KC GE<\/a>, <a rel=\"noreferrer noopener\" href=\"https:\/\/cuvo.nibis.de\/index.php?p=search&amp;PHPSESSID=0196b2a6bcd155e06b30875fefeaa0af&amp;k0_0=Fach&amp;v0_0=Sachunterricht&amp;\" target=\"_blank\">KC SU<\/a>, <a rel=\"noreferrer noopener\" href=\"https:\/\/gdsu.de\/sites\/default\/files\/upload\/pr_gdsu_2002.pdf\" target=\"_blank\">GDSU<\/a>) und didaktischen Erkenntnissen orientierten Sachunterricht zu planen und zu gestalten. Dabei gilt es, neben dem Aufdecken von Pr\u00e4konzepten und dem Erfassen individueller Lernvoraussetzungen Ihrer Sch\u00fclerinnen und Sch\u00fcler auch <em>\u201efachdidaktische Prinzipien\u201c<\/em> zu ber\u00fccksichtigen, um verkn\u00fcpfend mit einer fundierten Auswahl an <em>\u201evielperspektivischen Denk-, Arbeits- und Handlungsweisen\u201c<\/em> ein Lernarrangement zu schaffen, in dem ein sch\u00fclerorientiertes, fachlich ansprechendes und motivierendes Lernen gelingen kann.<\/p>\n\n\n\n<p>Mit Fokus auf die jeweiligen F\u00f6rderschwerpunkte und inklusiven Unterrichtssettings, unterst\u00fctzen wir Sie beratend auf dem Weg Ihrer Professionalisierung als F\u00f6rderschullehrkraft in der Fachdidaktik Sachunterricht. Dies geschieht neben insgesamt f\u00fcnf entwicklungsbezogenen Beratungsbesuchen (<a href=\"https:\/\/wordpress.nibis.de\/semsopos\/files\/Praeambel-und-Leitfaden-Entwicklungshorizont-ueberarbeitet.pdf\">Pr\u00e4amble<\/a>) etwa alle vier Wochen in unseren Fachdidaktikseminaren (<a href=\"https:\/\/wordpress.nibis.de\/semsopos\/organisationsplan-osnabrueck\/\">Orgaplan<\/a>). Darin erhalten Sie Gelegenheit, in einem offenen Erfahrungs- und Meinungsaustausch aktuelle Unterrichtsthemen und Methoden zu er\u00f6rtern und vorzustellen, sowie inhaltliche W\u00fcnsche zu \u00e4u\u00dfern. Neben theoretischen Grundlagen liegt das wesentliche Augenmerk auf praktischen Bez\u00fcgen und Aspekten. Durch das Erlernen und Erproben vielf\u00e4ltiger handlungs- und sch\u00fclerorientierter Herangehensweisen im Sachunterricht, &nbsp;d\u00fcrfen sie <em>schrittweise<\/em> in Ihre neue Aufgabe hineinwachsen. &nbsp;<\/p>\n\n\n\n<p><strong>Wir freuen uns auf Sie in einem der jeweiligen Fachseminare Sachunterricht!<\/strong><\/p>\n\n\n\n<p>Mit freundlichen Gr\u00fc\u00dfen,<\/p>\n\n\n\n<div class=\"wp-block-columns are-vertically-aligned-top is-layout-flex wp-container-core-columns-is-layout-abceabcf wp-block-columns-is-layout-flex\">\n<div class=\"wp-block-column is-vertically-aligned-top is-layout-flow wp-block-column-is-layout-flow\">\n<p><span style=\"color: #008000\"><strong>Standort Osnabr\u00fcck<\/strong><\/span><\/p>\n<p><strong>Uwe Diersmann<\/strong><\/p>\n<\/div>\n\n\n\n<div class=\"wp-block-column is-vertically-aligned-top is-layout-flow wp-block-column-is-layout-flow\">\n<p><span style=\"color: #008000\"><strong>Standort Aurich<\/strong><\/span><\/p>\n<p><strong>Kirsten Kuhlmann<br><\/strong><\/p>\n<\/div>\n<\/div>\n\n\n\n<p>Hier finden Sie Beispiele f\u00fcr eine <a rel=\"noopener noreferrer\" href=\"http:\/\/wordpress.nibis.de\/semsopos\/kea\/\" target=\"_blank\">KEA<\/a> im Sachunterricht.<\/p>\n\n\n\n<p>Hier finden Sie Hinweise \/ Tipps f\u00fcr eine <a href=\"https:\/\/wordpress.nibis.de\/semsopos\/files\/Einfuehrende-Grundlagenliteratur-1.docx\">einf\u00fchrende Grundlagenliteratur<\/a>. <\/p>\n\n\n","protected":false},"excerpt":{"rendered":"<p>\u201eMit dem Kind von der Sache aus, die f\u00fcr das Kind die Sache ist.\u201c M. Wagenschein (1896-1988) \u2026 also Lernmotivation durch Lebensweltbezug?&nbsp; Quellenhinweis: Das Bild wurde mit dem Worksheet Crafter erstellt &#8211; www.worksheetcrafter.com. Liebe (zuk\u00fcnftige) LIVD, in der zweiten Phase Ihrer Lehramtsausbildung stehen Sie vor der neuen Herausforderung, Ihr bereits erworbenes f\u00f6rderp\u00e4dagogisches und fachdidaktisches Wissen [&hellip;]<\/p>\n","protected":false},"author":177,"featured_media":0,"parent":0,"menu_order":0,"comment_status":"closed","ping_status":"closed","template":"","meta":{"footnotes":""},"class_list":["post-365","page","type-page","status-publish","hentry"],"_links":{"self":[{"href":"https:\/\/wordpress.nibis.de\/semsopos\/wp-json\/wp\/v2\/pages\/365","targetHints":{"allow":["GET"]}}],"collection":[{"href":"https:\/\/wordpress.nibis.de\/semsopos\/wp-json\/wp\/v2\/pages"}],"about":[{"href":"https:\/\/wordpress.nibis.de\/semsopos\/wp-json\/wp\/v2\/types\/page"}],"author":[{"embeddable":true,"href":"https:\/\/wordpress.nibis.de\/semsopos\/wp-json\/wp\/v2\/users\/177"}],"replies":[{"embeddable":true,"href":"https:\/\/wordpress.nibis.de\/semsopos\/wp-json\/wp\/v2\/comments?post=365"}],"version-history":[{"count":50,"href":"https:\/\/wordpress.nibis.de\/semsopos\/wp-json\/wp\/v2\/pages\/365\/revisions"}],"predecessor-version":[{"id":6423,"href":"https:\/\/wordpress.nibis.de\/semsopos\/wp-json\/wp\/v2\/pages\/365\/revisions\/6423"}],"wp:attachment":[{"href":"https:\/\/wordpress.nibis.de\/semsopos\/wp-json\/wp\/v2\/media?parent=365"}],"curies":[{"name":"wp","href":"https:\/\/api.w.org\/{rel}","templated":true}]}}