{"id":369,"date":"2013-11-14T13:58:03","date_gmt":"2013-11-14T12:58:03","guid":{"rendered":"http:\/\/wordpress.nibis.de\/semsopos\/?page_id=369"},"modified":"2022-03-08T09:32:11","modified_gmt":"2022-03-08T08:32:11","slug":"musik","status":"publish","type":"page","link":"https:\/\/wordpress.nibis.de\/semsopos\/musik\/","title":{"rendered":"Musik"},"content":{"rendered":"\n<blockquote class=\"wp-block-quote is-layout-flow wp-block-quote-is-layout-flow\"><p>&#8222;Ohne Musik w\u00e4re das Leben ein Irrtum&#8220;  <\/p><cite>Friedrich Wilhelm Nietzsche<\/cite><\/blockquote>\n\n\n<p><\/p>\n<p>Die Lehrkr\u00e4fte im Vorbereitungsdienst f\u00fcr das Fach Musik werden an beiden Seminarstandorten (Osnabr\u00fcck und Aurich)&nbsp; betreut durch<\/p>\n<p><strong>Johannes Decker<\/strong><\/p>\n<p>Studienseminar Osnabr\u00fcck f\u00fcr das Lehramt f\u00fcr Sonderp\u00e4dagogik \u2013 Standort Aurich<\/p>\n<p><strong>Leits\u00e4tze:<\/strong><\/p>\n<ul>\n<li><span style=\"color: #000000\">Musikalische Aktivit\u00e4t ist eine allt\u00e4gliche Ausdrucks- und Lernform des Menschen.<\/span><\/li>\n<li><span style=\"color: #000000\">Musikalische Aktivit\u00e4t findet immer dann statt, wenn Menschen sich Ger\u00e4uschen, Kl\u00e4ngen, T\u00f6nen, Rhythmen und Bewegungen aller Art in einer gestalterischen Absicht zuwenden.<\/span><\/li>\n<li><span style=\"color: #000000\">Der Lernende mit seinen individuellen musikalischen Entwicklungs- und Bildungsprozessen steht im Mittelpunkt der p\u00e4dagogischen Arbeit. <\/span><\/li>\n<li><span style=\"color: #000000\">P\u00e4dagogen treten mit dem Lernenden in einen Dialog. Sie begleiten und unterst\u00fctzen ihn in der Entwicklung eigener gestalterischer Kr\u00e4fte innerhalb seines musikalischen Bildungsweges.<\/span><\/li>\n<\/ul>\n\n\n<blockquote class=\"wp-block-quote is-layout-flow wp-block-quote-is-layout-flow\"><p>Die Musik l\u00f6st alle R\u00e4stel des Daseins.<\/p><cite>Leo N. Tolstoi<br><br><\/cite><\/blockquote>\n\n\n\n<p><strong><a href=\"https:\/\/wordpress.nibis.de\/semsopos\/files\/Seminarcurriculum-Musik_17.08.2021.pdf\">Seminarlehrplan<\/a><\/strong><\/p>\n\n\n\n<p><a href=\"https:\/\/wordpress.nibis.de\/semsopos\/files\/Literatur-Fachdidaktik-Musik-14.01.19.pdf\" target=\"_blank\" rel=\"noreferrer noopener\"><strong>Literatur<\/strong><\/a><\/p>\n\n\n\n<p><\/p>\n\n\n","protected":false},"excerpt":{"rendered":"<p>&#8222;Ohne Musik w\u00e4re das Leben ein Irrtum&#8220; Friedrich Wilhelm Nietzsche Die Lehrkr\u00e4fte im Vorbereitungsdienst f\u00fcr das Fach Musik werden an beiden Seminarstandorten (Osnabr\u00fcck und Aurich)&nbsp; betreut durch Johannes Decker Studienseminar Osnabr\u00fcck f\u00fcr das Lehramt f\u00fcr Sonderp\u00e4dagogik \u2013 Standort Aurich Leits\u00e4tze: Musikalische Aktivit\u00e4t ist eine allt\u00e4gliche Ausdrucks- und Lernform des Menschen. Musikalische Aktivit\u00e4t findet immer dann [&hellip;]<\/p>\n","protected":false},"author":177,"featured_media":0,"parent":0,"menu_order":0,"comment_status":"closed","ping_status":"closed","template":"","meta":{"footnotes":""},"class_list":["post-369","page","type-page","status-publish","hentry"],"_links":{"self":[{"href":"https:\/\/wordpress.nibis.de\/semsopos\/wp-json\/wp\/v2\/pages\/369","targetHints":{"allow":["GET"]}}],"collection":[{"href":"https:\/\/wordpress.nibis.de\/semsopos\/wp-json\/wp\/v2\/pages"}],"about":[{"href":"https:\/\/wordpress.nibis.de\/semsopos\/wp-json\/wp\/v2\/types\/page"}],"author":[{"embeddable":true,"href":"https:\/\/wordpress.nibis.de\/semsopos\/wp-json\/wp\/v2\/users\/177"}],"replies":[{"embeddable":true,"href":"https:\/\/wordpress.nibis.de\/semsopos\/wp-json\/wp\/v2\/comments?post=369"}],"version-history":[{"count":36,"href":"https:\/\/wordpress.nibis.de\/semsopos\/wp-json\/wp\/v2\/pages\/369\/revisions"}],"predecessor-version":[{"id":4800,"href":"https:\/\/wordpress.nibis.de\/semsopos\/wp-json\/wp\/v2\/pages\/369\/revisions\/4800"}],"wp:attachment":[{"href":"https:\/\/wordpress.nibis.de\/semsopos\/wp-json\/wp\/v2\/media?parent=369"}],"curies":[{"name":"wp","href":"https:\/\/api.w.org\/{rel}","templated":true}]}}