{"id":373,"date":"2013-11-14T13:58:34","date_gmt":"2013-11-14T12:58:34","guid":{"rendered":"http:\/\/wordpress.nibis.de\/semsopos\/?page_id=373"},"modified":"2025-07-25T14:41:32","modified_gmt":"2025-07-25T12:41:32","slug":"textiles-gestalten","status":"publish","type":"page","link":"https:\/\/wordpress.nibis.de\/semsopos\/textiles-gestalten\/","title":{"rendered":"Textiles Gestalten"},"content":{"rendered":"<p>\u00dcbergeordnete Prinzipien der Ausbildung:<\/p>\n<ul>\n<li>Entwicklung von Sachkompetenz des Auszubildenden und Entwicklung seiner Lehrerpers\u00f6nlichkeit durch Praxisorientierung und praktisches Handeln;<\/li>\n<li>Hohe Eigenverantwortung der Anw\u00e4rter bei der Auswahl individueller Lernschwerpunkte;<\/li>\n<li>Aktive Mitarbeit im Fachseminar, z.B. durch Mitgestaltung von Seminarinhalten;<\/li>\n<li>Weiterentwicklung eigener Kenntnisse im Bereich des Textilpraktischen.<\/li>\n<\/ul>\n<p><strong>Hinweise zum Inhaltlichen gibt es hier: <\/strong><\/p>\n<ul>\n<li><a href=\"https:\/\/wordpress.nibis.de\/semsopos\/files\/00-Lehrplan-Textiles-Gestalten-06-2018_pdf-1.pdf\" target=\"_blank\" rel=\"noopener noreferrer\"><strong>Seminarcurriculum Textiles Gestalten<\/strong><\/a><\/li>\n<li><a href=\"https:\/\/wordpress.nibis.de\/semsopos\/files\/2020-01-Themen-Textiles-Gestalten.docx\" target=\"_blank\" rel=\"noopener noreferrer\"><strong>M\u00f6gliche Seminarthemen und Literaturvorschl\u00e4ge<\/strong><\/a><\/li>\n<\/ul>\n<p>Die Termine f\u00fcr die Seminarveranstaltungen an den Standorten Aurich und Osnabr\u00fcck k\u00f6nnen Sie dem <a href=\"http:\/\/wordpress.nibis.de\/semsopos\/organisationsplan-osnabrueck\/\" target=\"_blank\" rel=\"noopener noreferrer\"><strong>Organisationsplan<\/strong><\/a> entnehmen.<\/p>\n","protected":false},"excerpt":{"rendered":"<p>\u00dcbergeordnete Prinzipien der Ausbildung: Entwicklung von Sachkompetenz des Auszubildenden und Entwicklung seiner Lehrerpers\u00f6nlichkeit durch Praxisorientierung und praktisches Handeln; Hohe Eigenverantwortung der Anw\u00e4rter bei der Auswahl individueller Lernschwerpunkte; Aktive Mitarbeit im Fachseminar, z.B. durch Mitgestaltung von Seminarinhalten; Weiterentwicklung eigener Kenntnisse im Bereich des Textilpraktischen. Hinweise zum Inhaltlichen gibt es hier: Seminarcurriculum Textiles Gestalten M\u00f6gliche Seminarthemen und [&hellip;]<\/p>\n","protected":false},"author":177,"featured_media":0,"parent":0,"menu_order":0,"comment_status":"closed","ping_status":"closed","template":"","meta":{"footnotes":""},"class_list":["post-373","page","type-page","status-publish","hentry"],"_links":{"self":[{"href":"https:\/\/wordpress.nibis.de\/semsopos\/wp-json\/wp\/v2\/pages\/373","targetHints":{"allow":["GET"]}}],"collection":[{"href":"https:\/\/wordpress.nibis.de\/semsopos\/wp-json\/wp\/v2\/pages"}],"about":[{"href":"https:\/\/wordpress.nibis.de\/semsopos\/wp-json\/wp\/v2\/types\/page"}],"author":[{"embeddable":true,"href":"https:\/\/wordpress.nibis.de\/semsopos\/wp-json\/wp\/v2\/users\/177"}],"replies":[{"embeddable":true,"href":"https:\/\/wordpress.nibis.de\/semsopos\/wp-json\/wp\/v2\/comments?post=373"}],"version-history":[{"count":12,"href":"https:\/\/wordpress.nibis.de\/semsopos\/wp-json\/wp\/v2\/pages\/373\/revisions"}],"predecessor-version":[{"id":6614,"href":"https:\/\/wordpress.nibis.de\/semsopos\/wp-json\/wp\/v2\/pages\/373\/revisions\/6614"}],"wp:attachment":[{"href":"https:\/\/wordpress.nibis.de\/semsopos\/wp-json\/wp\/v2\/media?parent=373"}],"curies":[{"name":"wp","href":"https:\/\/api.w.org\/{rel}","templated":true}]}}