{"id":43,"date":"2013-06-19T15:29:17","date_gmt":"2013-06-19T13:29:17","guid":{"rendered":"http:\/\/wordpress.nibis.de\/semsopos\/?page_id=43"},"modified":"2026-02-20T08:07:29","modified_gmt":"2026-02-20T07:07:29","slug":"mathematik","status":"publish","type":"page","link":"https:\/\/wordpress.nibis.de\/semsopos\/mathematik\/","title":{"rendered":"Mathematik"},"content":{"rendered":"<table style=\"width: 592px;height: 732px\" border=\"1\" cellspacing=\"0\" cellpadding=\"0\">\n<tbody>\n<tr>\n<td valign=\"top\" width=\"293\"><span style=\"font-size: medium\">\u201eAufgabe des Lehrers ist es &#8230;, herausfordernde Anl\u00e4sse zu finden und anzubieten, ergiebige Arbeitsmittel und produktive \u00dcbungsformen bereitzustellen und vor allem eine Kommunikation aufzubauen und zu erhalten, die f\u00fcr alle Lernenden f\u00f6rderlich ist.\u201c<\/span>\n<p align=\"right\"><i>(WITTMANN &amp; M\u00fcller, Ziele und Leitideen\u00a0 des Projekts mathe 2000, o.J.., S.1)<\/i><\/p>\n<p align=\"right\"><a href=\"http:\/\/wordpress.nibis.de\/semsopos\/files\/Rechenschieber.jpg\"><img loading=\"lazy\" decoding=\"async\" class=\"alignnone wp-image-655\" src=\"http:\/\/wordpress.nibis.de\/semsopos\/files\/Rechenschieber.jpg\" alt=\"Rechenschieber\" width=\"252\" height=\"169\" srcset=\"https:\/\/wordpress.nibis.de\/semsopos\/files\/Rechenschieber.jpg 3872w, https:\/\/wordpress.nibis.de\/semsopos\/files\/Rechenschieber-300x200.jpg 300w, https:\/\/wordpress.nibis.de\/semsopos\/files\/Rechenschieber-640x428.jpg 640w\" sizes=\"auto, (max-width: 252px) 100vw, 252px\" \/><\/a><i><br \/><\/i><\/p>\n<p><i>\u00a0<\/i><\/p>\n<\/td>\n<td valign=\"top\" width=\"189\"><a href=\"http:\/\/wordpress.nibis.de\/semsopos\/files\/Lieblingszahl.png\"><img loading=\"lazy\" decoding=\"async\" class=\"alignnone wp-image-654\" src=\"http:\/\/wordpress.nibis.de\/semsopos\/files\/Lieblingszahl.png\" alt=\"Lieblingszahl\" width=\"160\" height=\"217\" \/><\/a><i>Timo, 7 Jahre, gestaltete diese Seite zu seiner Lieblingszahl f\u00fcr das 100 \u2013 Buch seiner Klasse am Beginn des 2. Schuljahres<\/i><\/td>\n<td valign=\"top\" width=\"319\">\u201e&#8230; F\u00f6rderung im Mathematikunterricht ist nicht in erster Linie vom Einsatz bestimmter F\u00f6rderprogramme oder Methoden abh\u00e4ngig, sondern es geht um einen guten und zeitgem\u00e4\u00dfen Mathematikunterricht; der u.a. die Voraussetzungen der Lernenden einbezieht, das Lernen auf eigenen Wegen erm\u00f6glicht, lernprozessorientiert ist, Zahlenr\u00e4ume ganzheitlich anbietet, produktive \u00dcbungen sowie Veranschaulichungen und Arbeitsmittel zur Verf\u00fcgung stellt und eine lernbegleitende Unterst\u00fctzung durch die Lehrpersonen anbietet.\u201c\n<p align=\"right\"><i>\u00a0(SCHERER \/ OPITZ, F\u00f6rdern im Mathematikunterricht der Primarstufe, Heidelberg 2010, S. 401f)<br \/><\/i><\/p>\n<\/td>\n<\/tr>\n<\/tbody>\n<\/table>\n<p><strong>Fachseminarleiterin \/ Fachseminarleiter:<\/strong><\/p>\n<p><strong>Thomas Lammers<\/strong>, Standort Osnabr\u00fcck<\/p>\n<p><strong>Ute van H\u00fclsen<\/strong>, Standort Aurich<\/p>\n<p><strong>Seminarveranstaltungen:<\/strong><\/p>\n<ul>\n<li>Tagungsort<b> <\/b>Studienseminar Osnabr\u00fcck oder Aurich, besondere Veranstaltungen an den Ausbildungsschulen<\/li>\n<li>Seminar\u00fcbergreifende Modulveranstaltungen<\/li>\n<\/ul>\n<p><strong>Seminarthemen:<\/strong><\/p>\n<p><a href=\"http:\/\/wordpress.nibis.de\/semsopos\/files\/FS-Mathematik-Seminarthemen.doc\">FS Mathematik Seminarthemen<\/a><\/p>\n<p>Hier geht es zum <strong><a href=\"http:\/\/wordpress.nibis.de\/semsopos\/files\/Seminar-Curriculum-Mathe.pdf\">SEMINAR-LEHRPLAN Mathematik<\/a><\/strong>.<\/p>\n<p><strong>Literatur und LInks:<\/strong><\/p>\n<p><a href=\"http:\/\/wordpress.nibis.de\/semsopos\/files\/FS-Mathematik-Literatur-Links.docx\">FS Mathematik Literatur Links<\/a><\/p>\n<div id=\"kpm_content_wrapper\" class=\"notranslate\">\u00a0<\/div>\n\n\n<p><\/p>\n","protected":false},"excerpt":{"rendered":"<p>\u201eAufgabe des Lehrers ist es &#8230;, herausfordernde Anl\u00e4sse zu finden und anzubieten, ergiebige Arbeitsmittel und produktive \u00dcbungsformen bereitzustellen und vor allem eine Kommunikation aufzubauen und zu erhalten, die f\u00fcr alle Lernenden f\u00f6rderlich ist.\u201c (WITTMANN &amp; M\u00fcller, Ziele und Leitideen\u00a0 des Projekts mathe 2000, o.J.., S.1) \u00a0 Timo, 7 Jahre, gestaltete diese Seite zu seiner Lieblingszahl [&hellip;]<\/p>\n","protected":false},"author":177,"featured_media":0,"parent":0,"menu_order":0,"comment_status":"closed","ping_status":"closed","template":"","meta":{"footnotes":""},"class_list":["post-43","page","type-page","status-publish","hentry"],"_links":{"self":[{"href":"https:\/\/wordpress.nibis.de\/semsopos\/wp-json\/wp\/v2\/pages\/43","targetHints":{"allow":["GET"]}}],"collection":[{"href":"https:\/\/wordpress.nibis.de\/semsopos\/wp-json\/wp\/v2\/pages"}],"about":[{"href":"https:\/\/wordpress.nibis.de\/semsopos\/wp-json\/wp\/v2\/types\/page"}],"author":[{"embeddable":true,"href":"https:\/\/wordpress.nibis.de\/semsopos\/wp-json\/wp\/v2\/users\/177"}],"replies":[{"embeddable":true,"href":"https:\/\/wordpress.nibis.de\/semsopos\/wp-json\/wp\/v2\/comments?post=43"}],"version-history":[{"count":32,"href":"https:\/\/wordpress.nibis.de\/semsopos\/wp-json\/wp\/v2\/pages\/43\/revisions"}],"predecessor-version":[{"id":7183,"href":"https:\/\/wordpress.nibis.de\/semsopos\/wp-json\/wp\/v2\/pages\/43\/revisions\/7183"}],"wp:attachment":[{"href":"https:\/\/wordpress.nibis.de\/semsopos\/wp-json\/wp\/v2\/media?parent=43"}],"curies":[{"name":"wp","href":"https:\/\/api.w.org\/{rel}","templated":true}]}}