{"id":51,"date":"2013-06-19T15:30:53","date_gmt":"2013-06-19T13:30:53","guid":{"rendered":"http:\/\/wordpress.nibis.de\/semsopos\/?page_id=51"},"modified":"2020-09-07T14:35:32","modified_gmt":"2020-09-07T12:35:32","slug":"awt","status":"publish","type":"page","link":"https:\/\/wordpress.nibis.de\/semsopos\/awt\/","title":{"rendered":"Technik"},"content":{"rendered":"<p>Fachseminarleiterin: <strong>Marie Rabenstein<\/strong> (Standort OS+AUR)<\/p>\n<p>Hier finden Sie das <a href=\"https:\/\/wordpress.nibis.de\/semsopos\/files\/Seminarcurriculum-AWT.pdf\" target=\"_blank\" rel=\"noopener noreferrer\">Seminarcurriculum f\u00fcr das Fach Technik<\/a>.<\/p>\n<p>Die Termine f\u00fcr die Seminarveranstaltungen in den Standorten Aurich und Osnabr\u00fcck k\u00f6nnen Sie dem <strong><a href=\"http:\/\/wordpress.nibis.de\/semsopos\/organisationsplan-osnabrueck\/\" target=\"_blank\" rel=\"noopener noreferrer\">Organisationsplan<\/a><\/strong> entnehmen.<\/p>\n<p>Hier finden Sie eine <a href=\"http:\/\/wordpress.nibis.de\/semsopos\/files\/Literaturliste-Technikseminar-2018.docx\" target=\"_blank\" rel=\"noopener noreferrer\"><strong>Literaturliste\u00a0<\/strong><\/a>f\u00fcr das Fach Technik.<\/p>\n","protected":false},"excerpt":{"rendered":"<p>Fachseminarleiterin: Marie Rabenstein (Standort OS+AUR) Hier finden Sie das Seminarcurriculum f\u00fcr das Fach Technik. Die Termine f\u00fcr die Seminarveranstaltungen in den Standorten Aurich und Osnabr\u00fcck k\u00f6nnen Sie dem Organisationsplan entnehmen. Hier finden Sie eine Literaturliste\u00a0f\u00fcr das Fach Technik.<\/p>\n","protected":false},"author":177,"featured_media":0,"parent":0,"menu_order":0,"comment_status":"closed","ping_status":"closed","template":"","meta":{"footnotes":""},"class_list":["post-51","page","type-page","status-publish","hentry"],"_links":{"self":[{"href":"https:\/\/wordpress.nibis.de\/semsopos\/wp-json\/wp\/v2\/pages\/51","targetHints":{"allow":["GET"]}}],"collection":[{"href":"https:\/\/wordpress.nibis.de\/semsopos\/wp-json\/wp\/v2\/pages"}],"about":[{"href":"https:\/\/wordpress.nibis.de\/semsopos\/wp-json\/wp\/v2\/types\/page"}],"author":[{"embeddable":true,"href":"https:\/\/wordpress.nibis.de\/semsopos\/wp-json\/wp\/v2\/users\/177"}],"replies":[{"embeddable":true,"href":"https:\/\/wordpress.nibis.de\/semsopos\/wp-json\/wp\/v2\/comments?post=51"}],"version-history":[{"count":17,"href":"https:\/\/wordpress.nibis.de\/semsopos\/wp-json\/wp\/v2\/pages\/51\/revisions"}],"predecessor-version":[{"id":4116,"href":"https:\/\/wordpress.nibis.de\/semsopos\/wp-json\/wp\/v2\/pages\/51\/revisions\/4116"}],"wp:attachment":[{"href":"https:\/\/wordpress.nibis.de\/semsopos\/wp-json\/wp\/v2\/media?parent=51"}],"curies":[{"name":"wp","href":"https:\/\/api.w.org\/{rel}","templated":true}]}}