{"id":60,"date":"2013-06-19T15:34:45","date_gmt":"2013-06-19T13:34:45","guid":{"rendered":"http:\/\/wordpress.nibis.de\/semsopos\/?page_id=60"},"modified":"2023-11-10T15:24:23","modified_gmt":"2023-11-10T14:24:23","slug":"padagogik-bei-beeintrachtigungen-des-verhaltens","status":"publish","type":"page","link":"https:\/\/wordpress.nibis.de\/semsopos\/padagogik-bei-beeintrachtigungen-des-verhaltens\/","title":{"rendered":"P\u00e4dagogik bei Beeintr\u00e4chtigungen der emotionalen und sozialen Entwicklung"},"content":{"rendered":"<p><strong>Fachseminar im F\u00f6rderschwerpunkt Emotionale und soziale Entwicklung<\/strong><\/p>\n<p><strong>\u00a0<\/strong>Die Fachseminarleiter*innen im F\u00f6rderschwerpunkt Emotionale und soziale Entwicklung sind:<\/p>\n<ul>\n<li><strong>Johanna Dietze<\/strong>, Standort Osnabr\u00fcck<\/li>\n<li><strong>Antje Hildebrandt<\/strong>, Standort Osnabr\u00fcck<\/li>\n<li><strong>Heidi Nitsch<\/strong>, Standort Aurich<\/li>\n<li><strong>K\u00e4the Teusner<\/strong>, Standort Aurich<\/li>\n<li><strong>Antke Wilts<\/strong>, Standort Osnabr\u00fcck<\/li>\n<\/ul>\n<p>Auf dieser Seite m\u00f6chten wir Ihnen einen ersten Einblick in die Seminarinhalte und -gestaltung f\u00fcr das Fachseminar Emotionale und soziale Entwicklung am Studienseminar Osnabr\u00fcck und Aurich f\u00fcr das Lehramt f\u00fcr Sonderp\u00e4dagogik geben. F\u00fcr die Weiterbildungsma\u00dfnahme f\u00fcr Lehrkr\u00e4fte, die an F\u00f6rderschulen oder in der sonderp\u00e4dagogischen Grundversorgung t\u00e4tig sind, aber nicht \u00fcber das Lehramt f\u00fcr Sonderp\u00e4dagogik verf\u00fcgen, erhalten Sie <a href=\"http:\/\/wordpress.nibis.de\/semsopos\/weiterbildung-lbq\/\"><strong>hier<\/strong><\/a>\u00a0weitere Informationen.<\/p>\n<p>In unseren Fachseminaren arbeiten wir <strong><u>etwa alle vier Wochen<\/u><\/strong> (siehe <a href=\"http:\/\/wordpress.nibis.de\/semsopos\/organisationsplan-osnabrueck\/\" target=\"_blank\" rel=\"noopener noreferrer\"><strong>ORGAPLAN<\/strong><\/a>) gemeinsam mit Ihnen an\u00a0diesen Themen im F\u00f6rderschwerpunkt Emotionale und soziale Entwicklung: <a href=\"https:\/\/wordpress.nibis.de\/semsopos\/files\/Seminarcurriculum-ESE-_-2018-1.pdf\" target=\"_blank\" rel=\"noopener noreferrer\"><strong>(Seminarcurriculum ES)<\/strong><\/a>. Die Inhalte sind abgestimmt auf den Kompetenzkatalog der\u00a0<a href=\"http:\/\/wordpress.nibis.de\/semsopos\/apvo\/\"><strong>APVO-Lehr<\/strong><\/a>\u00a0und werden dar\u00fcber hinaus unter Ber\u00fccksichtigung Ihrer Bedarfe ausgew\u00e4hlt.<\/p>\n<p>Wir vermitteln theoriegeleitet M\u00f6glichkeiten der Diagnostik und F\u00f6rderung im Unterricht von Sch\u00fclerinnen und Sch\u00fclern mit dem F\u00f6rderschwerpunkt Emotionale und soziale Entwicklung sowie der Beratung von allen am F\u00f6rderprozess Beteiligten.<\/p>\n<p>Unser Hauptaugenmerk liegt dabei auf der praktischen Umsetzung, z.B.<\/p>\n<ul>\n<li>der Ermittlung des emotionalen und sozialen Entwicklungsstandes und der diesbez\u00fcglich begr\u00fcndeten Auswahl der Lerninhalte und Methoden,<\/li>\n<li>der Ber\u00fccksichtigung von \u201eSt\u00f6rungsbildern\u201c bei der Planung und Durchf\u00fchrung des Unterrichts,<\/li>\n<li>der Kenntnis, Erprobung und Reflexion von Ma\u00dfnahmen zur Pr\u00e4vention, Antizipation und Intervention von Unterrichtsst\u00f6rungen,<\/li>\n<li>der Erprobung und Reflexion ausgew\u00e4hlter Gespr\u00e4chs- und Beratungstechniken, u.v.m.<\/li>\n<\/ul>\n<p>Dar\u00fcber hinaus gibt es die M\u00f6glichkeit, Einblicke in die Zusammenarbeit mit au\u00dferschulischen Partnern zu gewinnen.<\/p>\n<p>Es eignen sich grunds\u00e4tzlich alle Unterrichtsf\u00e4cher f\u00fcr die F\u00f6rderung: eine begr\u00fcndete Auswahl von Entwicklungszielen wird mit Lerninhalten sinnvoll verkn\u00fcpft. Dies ist in allen Schulformen m\u00f6glich.<\/p>\n<p>In den f\u00fcnf Beratungsbesuchen entwickeln Sie mit unserer Unterst\u00fctzung und auf Grundlage Ihres Unterrichts bzw. Ihres F\u00f6rder- und Beratungsangebots Ideen zur Weiterarbeit bezogen auf Ihre individuelle schulische Situation in F\u00f6rderschule\/F\u00f6rderzentrum und\/oder allgemeiner Schule.<\/p>\n<p>Wir freuen uns auf Sie!<\/p>\n<div id=\"kpm_content_wrapper\" class=\"notranslate\"><\/div>\n","protected":false},"excerpt":{"rendered":"<p>Fachseminar im F\u00f6rderschwerpunkt Emotionale und soziale Entwicklung \u00a0Die Fachseminarleiter*innen im F\u00f6rderschwerpunkt Emotionale und soziale Entwicklung sind: Johanna Dietze, Standort Osnabr\u00fcck Antje Hildebrandt, Standort Osnabr\u00fcck Heidi Nitsch, Standort Aurich K\u00e4the Teusner, Standort Aurich Antke Wilts, Standort Osnabr\u00fcck Auf dieser Seite m\u00f6chten wir Ihnen einen ersten Einblick in die Seminarinhalte und -gestaltung f\u00fcr das Fachseminar Emotionale und [&hellip;]<\/p>\n","protected":false},"author":177,"featured_media":0,"parent":0,"menu_order":0,"comment_status":"closed","ping_status":"closed","template":"","meta":{"footnotes":""},"class_list":["post-60","page","type-page","status-publish","hentry"],"_links":{"self":[{"href":"https:\/\/wordpress.nibis.de\/semsopos\/wp-json\/wp\/v2\/pages\/60","targetHints":{"allow":["GET"]}}],"collection":[{"href":"https:\/\/wordpress.nibis.de\/semsopos\/wp-json\/wp\/v2\/pages"}],"about":[{"href":"https:\/\/wordpress.nibis.de\/semsopos\/wp-json\/wp\/v2\/types\/page"}],"author":[{"embeddable":true,"href":"https:\/\/wordpress.nibis.de\/semsopos\/wp-json\/wp\/v2\/users\/177"}],"replies":[{"embeddable":true,"href":"https:\/\/wordpress.nibis.de\/semsopos\/wp-json\/wp\/v2\/comments?post=60"}],"version-history":[{"count":30,"href":"https:\/\/wordpress.nibis.de\/semsopos\/wp-json\/wp\/v2\/pages\/60\/revisions"}],"predecessor-version":[{"id":5757,"href":"https:\/\/wordpress.nibis.de\/semsopos\/wp-json\/wp\/v2\/pages\/60\/revisions\/5757"}],"wp:attachment":[{"href":"https:\/\/wordpress.nibis.de\/semsopos\/wp-json\/wp\/v2\/media?parent=60"}],"curies":[{"name":"wp","href":"https:\/\/api.w.org\/{rel}","templated":true}]}}