{"id":6010,"date":"2024-06-10T21:39:40","date_gmt":"2024-06-10T19:39:40","guid":{"rendered":"https:\/\/wordpress.nibis.de\/semsopos\/?page_id=6010"},"modified":"2024-10-02T14:33:19","modified_gmt":"2024-10-02T12:33:19","slug":"lbq","status":"publish","type":"page","link":"https:\/\/wordpress.nibis.de\/semsopos\/lbq\/","title":{"rendered":"LBQ"},"content":{"rendered":"\n<p>Seit dem 30.09.2024 ist an unserem Seminar eine berufsbegleitende Qualifizierung f\u00fcr Lehrkr\u00e4fte, die bereits in der sonderp\u00e4dagogischen F\u00f6rderung t\u00e4tig sind und nicht \u00fcber die Lehrbef\u00e4higung f\u00fcr das Lehramt f\u00fcr Sonderp\u00e4dagogik verf\u00fcgen, gestartet. Informationen zur Qualifizierungsma\u00dfnahme und zum Bewerbungsverfahren sind dem <a href=\"https:\/\/www.mk.niedersachsen.de\/startseite\/service\/schulverwaltungsblatt\/schulverwaltungsblatt_amtlicher_teil\/schulverwaltungsblatt-amtlicher-teil-6525.html\">SVBL 06\/2024<\/a> zu entnehmen (Bezug: Erlass des MK vom 14.03.2014 \u2013 35-84 112\/211).<\/p>\n<p>\u00a0<strong>Organisatorische Hinweise<\/strong><\/p>\n<ul>\n<li>18 Monate Qualifizierung im Studienseminar (1. Phase)<\/li>\n<li>jeweils montags von 10:00 bis 16:00 Uhr (Standort Osnabr\u00fcck)<\/li>\n<li>Erbringung von Leistungsnachweisen im Basismodul und in den Aufbaumodulen<\/li>\n<\/ul>\n<p><strong>Inhaltliche Gestaltung des Basismoduls<br \/><\/strong><\/p>\n<p>Der Schwerpunkt im Basismodul liegt zun\u00e4chst in der Thematisierung grundlegender sonderp\u00e4dagogischer Themenbereiche und Handlungsfelder:<\/p>\n<ul>\n<li>Aufgabenfelder der Sonderp\u00e4dagogik<\/li>\n<li>Fo(e)rderung im Schulalltag<\/li>\n<li>Geschichte der Sonderp\u00e4dagogik<\/li>\n<li>Sonderp\u00e4dagogisches Basisverst\u00e4ndnis \/ Menschenbildannahmen<\/li>\n<li>Unterricht aus sonderp\u00e4dagogischer Perspektive<\/li>\n<li>Gespr\u00e4chsf\u00fchrung und Beratung<\/li>\n<li>Rechtliche Grundlagen zur Feststellung eines BasU<\/li>\n<li>F\u00f6rderschwerpunkte<\/li>\n<li>Sonderp\u00e4dagogische Aspekte im Mathematik- und Deutschunterricht<\/li>\n<li>Ringhospitation<\/li>\n<\/ul>\n<p><strong>Inhaltliche Gestaltung der Aufbaumodule<br \/><\/strong><\/p>\n<p>Der Schwerpunkt in den Aufbaumodulen liegt in der Bearbeitung von f\u00f6rderschwerpunktsspezifischen und -\u00fcbergreifenden Themen.<\/p>\n<p>\u00a0<\/p>\n<p>\u00a0<\/p>\n","protected":false},"excerpt":{"rendered":"<p>Seit dem 30.09.2024 ist an unserem Seminar eine berufsbegleitende Qualifizierung f\u00fcr Lehrkr\u00e4fte, die bereits in der sonderp\u00e4dagogischen F\u00f6rderung t\u00e4tig sind und nicht \u00fcber die Lehrbef\u00e4higung f\u00fcr das Lehramt f\u00fcr Sonderp\u00e4dagogik verf\u00fcgen, gestartet. Informationen zur Qualifizierungsma\u00dfnahme und zum Bewerbungsverfahren sind dem SVBL 06\/2024 zu entnehmen (Bezug: Erlass des MK vom 14.03.2014 \u2013 35-84 112\/211). \u00a0Organisatorische Hinweise [&hellip;]<\/p>\n","protected":false},"author":9194068,"featured_media":0,"parent":0,"menu_order":0,"comment_status":"closed","ping_status":"closed","template":"","meta":{"footnotes":""},"class_list":["post-6010","page","type-page","status-publish","hentry"],"_links":{"self":[{"href":"https:\/\/wordpress.nibis.de\/semsopos\/wp-json\/wp\/v2\/pages\/6010","targetHints":{"allow":["GET"]}}],"collection":[{"href":"https:\/\/wordpress.nibis.de\/semsopos\/wp-json\/wp\/v2\/pages"}],"about":[{"href":"https:\/\/wordpress.nibis.de\/semsopos\/wp-json\/wp\/v2\/types\/page"}],"author":[{"embeddable":true,"href":"https:\/\/wordpress.nibis.de\/semsopos\/wp-json\/wp\/v2\/users\/9194068"}],"replies":[{"embeddable":true,"href":"https:\/\/wordpress.nibis.de\/semsopos\/wp-json\/wp\/v2\/comments?post=6010"}],"version-history":[{"count":18,"href":"https:\/\/wordpress.nibis.de\/semsopos\/wp-json\/wp\/v2\/pages\/6010\/revisions"}],"predecessor-version":[{"id":6295,"href":"https:\/\/wordpress.nibis.de\/semsopos\/wp-json\/wp\/v2\/pages\/6010\/revisions\/6295"}],"wp:attachment":[{"href":"https:\/\/wordpress.nibis.de\/semsopos\/wp-json\/wp\/v2\/media?parent=6010"}],"curies":[{"name":"wp","href":"https:\/\/api.w.org\/{rel}","templated":true}]}}