{"id":675,"date":"2013-12-15T22:19:43","date_gmt":"2013-12-15T21:19:43","guid":{"rendered":"http:\/\/wordpress.nibis.de\/semsopos\/?page_id=675"},"modified":"2020-09-28T10:08:02","modified_gmt":"2020-09-28T08:08:02","slug":"paedagogische-seminare","status":"publish","type":"page","link":"https:\/\/wordpress.nibis.de\/semsopos\/paedagogische-seminare\/","title":{"rendered":"P\u00e4dagogische Seminare"},"content":{"rendered":"<p>Die Leiterinnen und Leiter der P\u00e4dagogischen Seminare sind:<\/p>\n\n<table id=\"tablepress-4\" class=\"tablepress tablepress-id-4\">\n<thead>\n<tr class=\"row-1\">\n\t<th class=\"column-1\">PS-Leiter*innen Standort Osnabr\u00fcck<\/th><th class=\"column-2\">PS-Leiter*innen Standort Aurich<\/th>\n<\/tr>\n<\/thead>\n<tbody class=\"row-striping row-hover\">\n<tr class=\"row-2\">\n\t<td class=\"column-1\">Stephan Blume<\/td><td class=\"column-2\">Christian Drechsel<\/td>\n<\/tr>\n<tr class=\"row-3\">\n\t<td class=\"column-1\">Johannes Decker<\/td><td class=\"column-2\">Daniel Jacob<\/td>\n<\/tr>\n<tr class=\"row-4\">\n\t<td class=\"column-1\">Maike Jan\u00dfen<\/td><td class=\"column-2\">Dr. Ralf Martenstein<\/td>\n<\/tr>\n<tr class=\"row-5\">\n\t<td class=\"column-1\">Dieter Schnetg\u00f6ke<\/td><td class=\"column-2\"><\/td>\n<\/tr>\n<tr class=\"row-6\">\n\t<td class=\"column-1\">Dirk Thormann<\/td><td class=\"column-2\"><\/td>\n<\/tr>\n<tr class=\"row-7\">\n\t<td class=\"column-1\">Doris Vietmeier<\/td><td class=\"column-2\"><\/td>\n<\/tr>\n<tr class=\"row-8\">\n\t<td class=\"column-1\">Susanne We\u00dfelmann<\/td><td class=\"column-2\"><\/td>\n<\/tr>\n<tr class=\"row-9\">\n\t<td class=\"column-1\">Nicola Willenbrink<\/td><td class=\"column-2\"><\/td>\n<\/tr>\n<\/tbody>\n<\/table>\n<!-- #tablepress-4 from cache -->\n<p>Die Leiterinnen und Leiter der P\u00e4dagogischen Seminare (PS) koordinieren die Ausbildung der Lehrerinnen und Lehrer im Vorbereitungsdienst (LIVD).<\/p>\n<p>Neben der Durchf\u00fchrung von p\u00e4dagogischen Seminarveranstaltungen und der Beratung bei <a title=\"Unterrichtsentwurf\" href=\"http:\/\/wordpress.nibis.de\/semsopos\/arbeitshilfen-unterrichtsentwuerfe\/\">Unterrichtsbesuchen<\/a> k\u00fcmmern sie sich um die formalen Zusammenh\u00e4nge der Ausbildung gem\u00e4\u00df <a title=\"APVO\" href=\"http:\/\/wordpress.nibis.de\/semsopos\/apvo\/\">APVO<\/a>.<\/p>\n<p>Sie halten den Kontakt zu den Ausbildungsschulen und sind bei Bedarf Ansprechpartner f\u00fcr die LIVD sowie deren Ausbilder in Seminar und Schule.<\/p>\n<p>Die inhaltliche Seminarplanung k\u00f6nnen Sie dem <a href=\"https:\/\/wordpress.nibis.de\/semsopos\/files\/PS-Curriculum-Stand-10.03.2020-Th\u00fcle-2020.pdf\" target=\"_blank\" rel=\"noopener noreferrer\">PS-Seminarcurriculum<\/a> entnehmen.<\/p>\n<div id=\"kpm_content_wrapper\" class=\"notranslate\"><\/div>\n","protected":false},"excerpt":{"rendered":"<p>Die Leiterinnen und Leiter der P\u00e4dagogischen Seminare sind: Die Leiterinnen und Leiter der P\u00e4dagogischen Seminare (PS) koordinieren die Ausbildung der Lehrerinnen und Lehrer im Vorbereitungsdienst (LIVD). Neben der Durchf\u00fchrung von p\u00e4dagogischen Seminarveranstaltungen und der Beratung bei Unterrichtsbesuchen k\u00fcmmern sie sich um die formalen Zusammenh\u00e4nge der Ausbildung gem\u00e4\u00df APVO. Sie halten den Kontakt zu den Ausbildungsschulen [&hellip;]<\/p>\n","protected":false},"author":177,"featured_media":0,"parent":0,"menu_order":0,"comment_status":"closed","ping_status":"closed","template":"","meta":{"footnotes":""},"class_list":["post-675","page","type-page","status-publish","hentry"],"_links":{"self":[{"href":"https:\/\/wordpress.nibis.de\/semsopos\/wp-json\/wp\/v2\/pages\/675","targetHints":{"allow":["GET"]}}],"collection":[{"href":"https:\/\/wordpress.nibis.de\/semsopos\/wp-json\/wp\/v2\/pages"}],"about":[{"href":"https:\/\/wordpress.nibis.de\/semsopos\/wp-json\/wp\/v2\/types\/page"}],"author":[{"embeddable":true,"href":"https:\/\/wordpress.nibis.de\/semsopos\/wp-json\/wp\/v2\/users\/177"}],"replies":[{"embeddable":true,"href":"https:\/\/wordpress.nibis.de\/semsopos\/wp-json\/wp\/v2\/comments?post=675"}],"version-history":[{"count":33,"href":"https:\/\/wordpress.nibis.de\/semsopos\/wp-json\/wp\/v2\/pages\/675\/revisions"}],"predecessor-version":[{"id":4179,"href":"https:\/\/wordpress.nibis.de\/semsopos\/wp-json\/wp\/v2\/pages\/675\/revisions\/4179"}],"wp:attachment":[{"href":"https:\/\/wordpress.nibis.de\/semsopos\/wp-json\/wp\/v2\/media?parent=675"}],"curies":[{"name":"wp","href":"https:\/\/api.w.org\/{rel}","templated":true}]}}