{"id":7021,"date":"2026-01-15T14:52:05","date_gmt":"2026-01-15T13:52:05","guid":{"rendered":"https:\/\/wordpress.nibis.de\/semsopos\/?page_id=7021"},"modified":"2026-01-15T15:32:13","modified_gmt":"2026-01-15T14:32:13","slug":"bewerbungsfristen","status":"publish","type":"page","link":"https:\/\/wordpress.nibis.de\/semsopos\/bewerbungsfristen\/","title":{"rendered":"Bewerbungsfristen"},"content":{"rendered":"\n<div class=\"wp-block-media-text is-stacked-on-mobile is-vertically-aligned-center\" style=\"grid-template-columns:35% auto\"><figure class=\"wp-block-media-text__media\"><img loading=\"lazy\" decoding=\"async\" width=\"728\" height=\"600\" src=\"https:\/\/wordpress.nibis.de\/semsopos\/files\/PIC-Bild.jpg\" alt=\"\" class=\"wp-image-7027 size-full\" srcset=\"https:\/\/wordpress.nibis.de\/semsopos\/files\/PIC-Bild.jpg 728w, https:\/\/wordpress.nibis.de\/semsopos\/files\/PIC-Bild-100x82.jpg 100w\" sizes=\"auto, (max-width: 728px) 100vw, 728px\" \/><\/figure><div class=\"wp-block-media-text__content\">\n<p>Interessierte Bewerber*innen f\u00fcr das Einstellungsverfahren in den Vorbereitungsdienst f\u00fcr das Lehramt f\u00fcr Sonderp\u00e4dagogik zum <span style=\"color: #ff0000\"><strong>27.01.2027<\/strong><\/span> beachten bitte den folgenden Hinweis:<\/p>\n<ul>\n<li>Der Bewerbungszeitraum bzw. die Anmeldefrist l\u00e4uft vom <strong>20.07.2026<\/strong> <strong>bis zum 27.08.2026.<\/strong><\/li>\n<li>Die Bewerbung ist beim zust\u00e4ndigen RLSB in Braunschweig zu stellen.<\/li>\n<\/ul>\n<\/div><\/div>\n\n\n","protected":false},"excerpt":{"rendered":"","protected":false},"author":9194068,"featured_media":0,"parent":0,"menu_order":0,"comment_status":"closed","ping_status":"closed","template":"","meta":{"footnotes":""},"class_list":["post-7021","page","type-page","status-publish","hentry"],"_links":{"self":[{"href":"https:\/\/wordpress.nibis.de\/semsopos\/wp-json\/wp\/v2\/pages\/7021","targetHints":{"allow":["GET"]}}],"collection":[{"href":"https:\/\/wordpress.nibis.de\/semsopos\/wp-json\/wp\/v2\/pages"}],"about":[{"href":"https:\/\/wordpress.nibis.de\/semsopos\/wp-json\/wp\/v2\/types\/page"}],"author":[{"embeddable":true,"href":"https:\/\/wordpress.nibis.de\/semsopos\/wp-json\/wp\/v2\/users\/9194068"}],"replies":[{"embeddable":true,"href":"https:\/\/wordpress.nibis.de\/semsopos\/wp-json\/wp\/v2\/comments?post=7021"}],"version-history":[{"count":7,"href":"https:\/\/wordpress.nibis.de\/semsopos\/wp-json\/wp\/v2\/pages\/7021\/revisions"}],"predecessor-version":[{"id":7035,"href":"https:\/\/wordpress.nibis.de\/semsopos\/wp-json\/wp\/v2\/pages\/7021\/revisions\/7035"}],"wp:attachment":[{"href":"https:\/\/wordpress.nibis.de\/semsopos\/wp-json\/wp\/v2\/media?parent=7021"}],"curies":[{"name":"wp","href":"https:\/\/api.w.org\/{rel}","templated":true}]}}