{"id":726,"date":"2013-12-18T09:54:41","date_gmt":"2013-12-18T08:54:41","guid":{"rendered":"http:\/\/wordpress.nibis.de\/semsopos\/?page_id=726"},"modified":"2024-02-28T16:31:50","modified_gmt":"2024-02-28T15:31:50","slug":"pr-fsl","status":"publish","type":"page","link":"https:\/\/wordpress.nibis.de\/semsopos\/pr-fsl\/","title":{"rendered":"Personalrat des Studienseminars Osnabr\u00fcck f\u00fcr das Lehramt f\u00fcr Sonderp\u00e4dagogik"},"content":{"rendered":"\n<p><strong>Mitglieder<\/strong>:<\/p>\n\n\n\n<ul class=\"wp-block-list\"><li>Siegfried van Kampen<\/li><li>Heidi Nitsch (AUR)<\/li><li>Sigrid Janssen (AUR)<\/li><\/ul>\n\n\n\n<p><strong>Weitere Mitglieder:<\/strong><\/p>\n\n\n\n<ul class=\"wp-block-list\"><li>Ina Folkers<\/li><li>Andrea Thamm<\/li><\/ul>\n\n\n\n<p><strong>Kontakt:<\/strong><br>Studienseminar Lehramt f\u00fcr Sonderp\u00e4dagogik<br>Winkelhausenstr. 18<br>49090 Osnabr\u00fcck<br>0541\/770469 60<br><a href=\"&#109;&#97;&#x69;l&#116;&#x6f;&#x3a;p&#101;&#x72;&#x73;o&#110;&#x61;&#x6c;r&#97;&#x74;&#x2e;f&#115;&#x6c;&#x40;s&#116;&#x75;d&#105;&#101;&#x6e;s&#101;&#x6d;&#x69;n&#97;&#x72;&#x2d;s&#111;&#x6e;&#x64;e&#114;&#x70;&#x61;e&#100;&#x61;&#x67;&#111;&#103;&#x69;k&#46;&#x64;&#x65;\">p&#101;&#114;&#x73;&#x6f;&#x6e;&#x61;l&#114;&#97;&#116;&#x2e;&#x66;&#x73;l&#64;&#115;&#116;&#x75;&#x64;&#x69;en&#115;&#101;&#x6d;&#x69;&#x6e;ar&#45;&#115;&#x6f;&#x6e;&#x64;er&#112;&#97;&#x65;&#x64;&#x61;go&#103;&#105;&#x6b;&#x2e;&#x64;&#x65;<\/a><\/p>\n\n\n\n<p class=\"has-black-color has-text-color has-medium-font-size\"><strong>Dar\u00fcber hinaus:<\/strong><\/p>\n\n\n\n<p><strong>Bezirkspersonalrat (BPR) am Regionalen Landesamt f\u00fcr Schule und Bildung (RLSB):<\/strong><\/p>\n\n\n\n<p>Vorsitzende: Griet-Heike Lankamp<\/p>\n\n\n\n<p><strong>Mail:<\/strong> <a href=\"&#x6d;&#x61;&#x69;&#x6c;&#x74;&#x6f;&#x3a;&#x47;&#x72;&#x69;&#x65;&#x74;&#x2d;&#x48;&#x65;&#x69;&#x6b;&#x65;&#x2e;&#x4c;&#x61;&#x6e;&#x6b;&#x61;&#x6d;&#x70;&#x40;&#x72;&#x6c;&#x73;&#x62;&#x2d;&#x6f;&#x73;&#x2e;&#x6e;&#x69;&#x65;&#x64;&#x65;&#x72;&#x73;&#x61;&#x63;&#x68;&#x73;&#x65;&#x6e;&#x2e;&#x64;&#x65;\">&#x47;&#x72;&#x69;&#x65;&#x74;&#x2d;&#72;&#101;&#105;&#107;e&#46;La&#x6e;&#x6b;&#x61;&#x6d;&#x70;&#x40;&#114;&#108;&#115;&#98;&#45;os&#46;&#x6e;&#x69;&#x65;&#x64;&#x65;&#x72;&#115;&#97;&#99;&#104;&#115;en&#46;&#x64;&#x65;<\/a><\/p>\n\n\n\n<ol class=\"wp-block-list\"><li>Stellvertretrerin: Petra Schulz<\/li><li>Vertreter: Dr. Christof Bauers<\/li><\/ol>\n\n\n\n<p>Alle Telefonisch erreichbar unter <strong>0541-77046-316<\/strong><\/p>\n\n\n\n<p><\/p>\n\n\n\n\n\n<div class=\"wp-block-group\"><div class=\"wp-block-group__inner-container is-layout-flow wp-block-group-is-layout-flow\"><\/div><\/div>\n\n\n","protected":false},"excerpt":{"rendered":"<p>Mitglieder: Siegfried van Kampen Heidi Nitsch (AUR) Sigrid Janssen (AUR) Weitere Mitglieder: Ina Folkers Andrea Thamm Kontakt:Studienseminar Lehramt f\u00fcr Sonderp\u00e4dagogikWinkelhausenstr. 1849090 Osnabr\u00fcck0541\/770469 60&#112;&#x65;r&#x73;&#x6f;&#110;&#x61;l&#x72;&#x61;&#116;&#x2e;f&#x73;&#x6c;&#64;&#x73;t&#x75;&#x64;&#105;&#x65;n&#x73;&#x65;&#109;&#x69;n&#x61;&#x72;&#45;&#x73;o&#x6e;&#x64;&#101;&#x72;p&#x61;&#x65;&#100;&#x61;g&#x6f;&#x67;&#105;&#x6b;&#46;&#x64;&#x65; Dar\u00fcber hinaus: Bezirkspersonalrat (BPR) am Regionalen Landesamt f\u00fcr Schule und Bildung (RLSB): Vorsitzende: Griet-Heike Lankamp Mail: &#x47;&#x72;&#x69;&#x65;&#x74;&#x2d;&#x48;&#x65;&#x69;&#x6b;&#x65;&#x2e;&#x4c;&#x61;&#x6e;&#x6b;&#x61;&#x6d;&#x70;&#x40;&#x72;&#x6c;&#x73;&#x62;&#x2d;&#x6f;&#x73;&#x2e;&#x6e;&#x69;&#x65;&#x64;&#x65;&#x72;&#x73;&#x61;&#x63;&#x68;&#x73;&#x65;&#x6e;&#x2e;&#x64;&#x65; Stellvertretrerin: Petra Schulz Vertreter: Dr. Christof Bauers Alle Telefonisch erreichbar unter 0541-77046-316<\/p>\n","protected":false},"author":1287,"featured_media":0,"parent":0,"menu_order":0,"comment_status":"closed","ping_status":"closed","template":"","meta":{"footnotes":""},"class_list":["post-726","page","type-page","status-publish","hentry"],"_links":{"self":[{"href":"https:\/\/wordpress.nibis.de\/semsopos\/wp-json\/wp\/v2\/pages\/726","targetHints":{"allow":["GET"]}}],"collection":[{"href":"https:\/\/wordpress.nibis.de\/semsopos\/wp-json\/wp\/v2\/pages"}],"about":[{"href":"https:\/\/wordpress.nibis.de\/semsopos\/wp-json\/wp\/v2\/types\/page"}],"author":[{"embeddable":true,"href":"https:\/\/wordpress.nibis.de\/semsopos\/wp-json\/wp\/v2\/users\/1287"}],"replies":[{"embeddable":true,"href":"https:\/\/wordpress.nibis.de\/semsopos\/wp-json\/wp\/v2\/comments?post=726"}],"version-history":[{"count":28,"href":"https:\/\/wordpress.nibis.de\/semsopos\/wp-json\/wp\/v2\/pages\/726\/revisions"}],"predecessor-version":[{"id":5919,"href":"https:\/\/wordpress.nibis.de\/semsopos\/wp-json\/wp\/v2\/pages\/726\/revisions\/5919"}],"wp:attachment":[{"href":"https:\/\/wordpress.nibis.de\/semsopos\/wp-json\/wp\/v2\/media?parent=726"}],"curies":[{"name":"wp","href":"https:\/\/api.w.org\/{rel}","templated":true}]}}