{"id":776,"date":"2014-01-13T19:54:07","date_gmt":"2014-01-13T18:54:07","guid":{"rendered":"http:\/\/wordpress.nibis.de\/semsopos\/?page_id=776"},"modified":"2023-04-19T17:04:59","modified_gmt":"2023-04-19T15:04:59","slug":"paedagogik-bei-beeintraechtigungen-der-geistigen-entwicklung-2","status":"publish","type":"page","link":"https:\/\/wordpress.nibis.de\/semsopos\/paedagogik-bei-beeintraechtigungen-der-geistigen-entwicklung-2\/","title":{"rendered":"P\u00e4dagogik bei Beeintr\u00e4chtigungen der geistigen Entwicklung"},"content":{"rendered":"<h1><strong>F\u00f6rderschwerpunkt &#8222;Geistige Entwicklung&#8220;<br \/><\/strong><\/h1>\n<p>Im Studienseminar Osnabr\u00fcck \/ Aurich f\u00fcr Sonderp\u00e4dagogik werden derzeit f\u00fcnf Fachrichtungsseminare im F\u00f6rderschwerpunkt Geistige Entwicklung angeboten.<\/p>\n<p>Die FachseminarleiterInnen im F\u00f6rderschwerpunkt Geistige Entwicklung sind:<\/p>\n<ul>\n<li>Nina Fernkorn, Standort Aurich<\/li>\n<li>Eva Matth\u00e9, Standort Osnabr\u00fcck<\/li>\n<li>Andrea Thamm, Standort Osnabr\u00fcck<\/li>\n<li>Susanne Thielemeyer, Standort Aurich<\/li>\n<li>Sandra Folkens, Standort Osnabr\u00fcck<\/li>\n<\/ul>\n<p>Durch die halbj\u00e4hrlichen Einstellungstermine (1. Februar \/ 1. August) und die 1,5 Jahre dauernde zweite Ausbildungsphase sind in jedem Seminar normalerweise drei Durchg\u00e4nge vertreten. Dieses hat ein paar potentielle Nachteile zur Folge, aber auch eine Reihe von Vorteilen. So gibt es immer jemanden, der erfahrener ist und einem deshalb bei vielen Fragen und Problemen neben den Ausbildern neue Impulse und Ideen liefern kann. Zudem ist auch immer jemand da, der sich noch nicht im anstrengenden Pr\u00fcfungsdurchgang befindet und deshalb m\u00f6glicherweise \u00fcber Kapazit\u00e4ten zur Hilfe und zum emotionalen Ausgleich verf\u00fcgt.<\/p>\n<p>Wir sehen unsere Hauptaufgabe in der bestm\u00f6glichen Beratung in fachrichtungsspezifischen Fragen bzgl. des F\u00f6rderschwerpunkts Geistige Entwicklung.<\/p>\n<p>Wichtig ist uns neben der inhaltlichen Arbeit (siehe <a href=\"https:\/\/wordpress.nibis.de\/semsopos\/files\/2019-11-Seminarlehrplan-GB-2018.docx\" target=\"_blank\" rel=\"noopener noreferrer\">Seminarcurriculum GB<\/a>), die eine Vernetzung von zentralen theoretischen Themen und der schulischen Praxis beinhaltet, der offene Umgang und intensive Austausch mit uns als Fachseminarleiterinnen und -leitern und den LIVDs untereinander. Wir freuen uns, neben der Beratung bei unterrichts- bzw. schulischen Problemen, \u00fcber einen kooperativen und konstruktiven fachlichen Austausch und Ihre aktive Mitarbeit im Seminar.<\/p>\n<p>Die Termine f\u00fcr unsere Seminare finden jeweils vormittags oder nachmittags (je nach Zuordnung zum F\u00f6rderschwerpunkt Geistige Entwicklung) an einem Mittwoch (OS) und Dienstag (AUR) statt (siehe<a href=\"http:\/\/wordpress.nibis.de\/semsopos\/organisationsplan-osnabrueck\/\" target=\"_blank\" rel=\"noopener noreferrer\"><strong> Orgaplan<\/strong><\/a>). Aufgrund des gro\u00dfen Einzugsgebietes Weser- Ems, welches sich von Nordhorn, \u00fcber den Bereich Emsland und Ostfriesland, Friesland, Oldenburg, Delmenhorst und Osnabr\u00fcck erstreckt, ist uns wichtig, dass wir in den Seminaren und \u00fcber E-Mail &#8211; Kontakt im Austausch bleiben.<\/p>\n<p>Neben den Seminarveranstaltungen ist mit f\u00fcnf Unterrichtsbesuchen zu rechnen. Davon sind vier so genannte Beratungsbesuche und ein gro\u00dfer Unterrichtsbesuch, der gemeinsam mit den jeweiligen Leitungen der P\u00e4dagogischen Seminare stattfindet. Im F\u00f6rderschwerpunkt Geistige Entwicklung ist in den Unterrichtsplanungen der Bereich der <strong>Personalen Bildung<\/strong> (siehe Kerncurriculum) zu bedenken. Eine \u00dcbersicht \u00fcber die m\u00f6gliche Einordnung dieser Aspekte im Unterrichtsentwurf finden Sie <a href=\"https:\/\/wordpress.nibis.de\/semsopos\/files\/Vorgaben-AUB-und-GUB-mit-Einbindung-PB-im-FSP-GE.docx\" target=\"_blank\" rel=\"noopener\"><strong>HIER<\/strong><\/a>.<\/p>\n<p>Grundlage f\u00fcr die Arbeit im F\u00f6rderschwerpunkt Geistige Entwicklung sind\u00a0 die Curricula f\u00fcr P\u00c4DAGOGIK BEI BEEINTR\u00c4CHTIGUNGEN DER GEISTIGEN ENTWICKLUNG (<a href=\"https:\/\/wordpress.nibis.de\/semsopos\/kerncurricula\/\"><strong>KC Primarbereich 1-4 \/ KC Sekundarstufe I \/<\/strong> <strong>KC Sekundarstufe II<\/strong><\/a>) und die <a href=\"http:\/\/wordpress.nibis.de\/semsopos\/apvo\/\" target=\"_blank\" rel=\"noopener noreferrer\"><strong>APVO<\/strong><\/a>.\u00a0 In die Seminararbeit flie\u00dfen dar\u00fcber hinaus die Inhalte schuleigener Lehrpl\u00e4ne ein als auch die f\u00fcr die einzelnen Themen grundlegende und weiterf\u00fchrende Literatur (<a href=\"http:\/\/wordpress.nibis.de\/semsopos\/files\/GE-5_Fachliteratur-1.docx\" target=\"_blank\" rel=\"noopener noreferrer\"><strong>Fachliteratur<\/strong><\/a>).<\/p>\n<p>Des Weiteren sammeln wir n\u00fctzliche praktische Materialien und <a href=\"http:\/\/wordpress.nibis.de\/semsopos\/files\/GE-5_Fachliteratur-1.docx\" target=\"_blank\" rel=\"noopener noreferrer\"><strong>Links<\/strong><\/a> f\u00fcr die praktische Arbeit.<\/p>\n\n","protected":false},"excerpt":{"rendered":"<p>F\u00f6rderschwerpunkt &#8222;Geistige Entwicklung&#8220; Im Studienseminar Osnabr\u00fcck \/ Aurich f\u00fcr Sonderp\u00e4dagogik werden derzeit f\u00fcnf Fachrichtungsseminare im F\u00f6rderschwerpunkt Geistige Entwicklung angeboten. Die FachseminarleiterInnen im F\u00f6rderschwerpunkt Geistige Entwicklung sind: Nina Fernkorn, Standort Aurich Eva Matth\u00e9, Standort Osnabr\u00fcck Andrea Thamm, Standort Osnabr\u00fcck Susanne Thielemeyer, Standort Aurich Sandra Folkens, Standort Osnabr\u00fcck Durch die halbj\u00e4hrlichen Einstellungstermine (1. Februar \/ 1. August) [&hellip;]<\/p>\n","protected":false},"author":177,"featured_media":0,"parent":0,"menu_order":0,"comment_status":"closed","ping_status":"closed","template":"","meta":{"footnotes":""},"class_list":["post-776","page","type-page","status-publish","hentry"],"_links":{"self":[{"href":"https:\/\/wordpress.nibis.de\/semsopos\/wp-json\/wp\/v2\/pages\/776","targetHints":{"allow":["GET"]}}],"collection":[{"href":"https:\/\/wordpress.nibis.de\/semsopos\/wp-json\/wp\/v2\/pages"}],"about":[{"href":"https:\/\/wordpress.nibis.de\/semsopos\/wp-json\/wp\/v2\/types\/page"}],"author":[{"embeddable":true,"href":"https:\/\/wordpress.nibis.de\/semsopos\/wp-json\/wp\/v2\/users\/177"}],"replies":[{"embeddable":true,"href":"https:\/\/wordpress.nibis.de\/semsopos\/wp-json\/wp\/v2\/comments?post=776"}],"version-history":[{"count":40,"href":"https:\/\/wordpress.nibis.de\/semsopos\/wp-json\/wp\/v2\/pages\/776\/revisions"}],"predecessor-version":[{"id":5502,"href":"https:\/\/wordpress.nibis.de\/semsopos\/wp-json\/wp\/v2\/pages\/776\/revisions\/5502"}],"wp:attachment":[{"href":"https:\/\/wordpress.nibis.de\/semsopos\/wp-json\/wp\/v2\/media?parent=776"}],"curies":[{"name":"wp","href":"https:\/\/api.w.org\/{rel}","templated":true}]}}