{"id":919,"date":"2014-02-12T11:42:16","date_gmt":"2014-02-12T10:42:16","guid":{"rendered":"http:\/\/wordpress.nibis.de\/semsopos\/?page_id=919"},"modified":"2014-02-12T12:09:27","modified_gmt":"2014-02-12T11:09:27","slug":"basiskompetenzen-mathematik","status":"publish","type":"page","link":"https:\/\/wordpress.nibis.de\/semsopos\/basiskompetenzen-mathematik\/","title":{"rendered":"Basiskompetenzen Mathematik"},"content":{"rendered":"<p style=\"text-align: justify\"><strong><span style=\"text-decoration: underline\">Kurzbeschreibung der Modulinhalte<\/span><\/strong><\/p>\n<p style=\"text-align: justify\">Dieses Modul richtet sich vorwiegend an LiVD, die Mathematik nicht als Unterrichtsfach studiert haben oder darin ausgebildet werden.<\/p>\n<p style=\"text-align: justify\">Folgende inhaltliche Schwerpunkte werden angesprochen:<\/p>\n<ul style=\"text-align: justify\">\n<li>Vorl\u00e4uferf\u00e4higkeiten mathematischen Lernens<\/li>\n<li>Pr\u00e4numerische Kompetenzstufung und Zahlbegriffsentwicklung<\/li>\n<li>Erstrechnen<\/li>\n<li>Risikofaktoren des Kompetenzaufbaus<\/li>\n<li>Stolpersteine und Rechenschwierigkeiten \/ Rechenschw\u00e4che<\/li>\n<\/ul>\n<p style=\"text-align: justify\">Umgang mit Sch\u00fclerinnen und Sch\u00fclern in inklusiven Arbeitsfeldern, die im Bereich des mathematischen Kompetenzaufbaus auffallen &#8211; Diagnostische Aspekte und F\u00f6rderung.<\/p>\n","protected":false},"excerpt":{"rendered":"<p>Kurzbeschreibung der Modulinhalte Dieses Modul richtet sich vorwiegend an LiVD, die Mathematik nicht als Unterrichtsfach studiert haben oder darin ausgebildet werden. Folgende inhaltliche Schwerpunkte werden angesprochen: Vorl\u00e4uferf\u00e4higkeiten mathematischen Lernens Pr\u00e4numerische Kompetenzstufung und Zahlbegriffsentwicklung Erstrechnen Risikofaktoren des Kompetenzaufbaus Stolpersteine und Rechenschwierigkeiten \/ Rechenschw\u00e4che Umgang mit Sch\u00fclerinnen und Sch\u00fclern in inklusiven Arbeitsfeldern, die im Bereich des mathematischen [&hellip;]<\/p>\n","protected":false},"author":177,"featured_media":0,"parent":0,"menu_order":0,"comment_status":"closed","ping_status":"closed","template":"","meta":{"footnotes":""},"class_list":["post-919","page","type-page","status-publish","hentry"],"_links":{"self":[{"href":"https:\/\/wordpress.nibis.de\/semsopos\/wp-json\/wp\/v2\/pages\/919","targetHints":{"allow":["GET"]}}],"collection":[{"href":"https:\/\/wordpress.nibis.de\/semsopos\/wp-json\/wp\/v2\/pages"}],"about":[{"href":"https:\/\/wordpress.nibis.de\/semsopos\/wp-json\/wp\/v2\/types\/page"}],"author":[{"embeddable":true,"href":"https:\/\/wordpress.nibis.de\/semsopos\/wp-json\/wp\/v2\/users\/177"}],"replies":[{"embeddable":true,"href":"https:\/\/wordpress.nibis.de\/semsopos\/wp-json\/wp\/v2\/comments?post=919"}],"version-history":[{"count":3,"href":"https:\/\/wordpress.nibis.de\/semsopos\/wp-json\/wp\/v2\/pages\/919\/revisions"}],"predecessor-version":[{"id":943,"href":"https:\/\/wordpress.nibis.de\/semsopos\/wp-json\/wp\/v2\/pages\/919\/revisions\/943"}],"wp:attachment":[{"href":"https:\/\/wordpress.nibis.de\/semsopos\/wp-json\/wp\/v2\/media?parent=919"}],"curies":[{"name":"wp","href":"https:\/\/api.w.org\/{rel}","templated":true}]}}