{"id":950,"date":"2014-02-12T12:15:02","date_gmt":"2014-02-12T11:15:02","guid":{"rendered":"http:\/\/wordpress.nibis.de\/semsopos\/?page_id=950"},"modified":"2020-09-07T14:22:25","modified_gmt":"2020-09-07T12:22:25","slug":"paedagogik-bei-beeintraechtigungen-des-hoerens","status":"publish","type":"page","link":"https:\/\/wordpress.nibis.de\/semsopos\/paedagogik-bei-beeintraechtigungen-des-hoerens\/","title":{"rendered":"P\u00e4dagogik bei Beeintr\u00e4chtigungen des H\u00f6rens"},"content":{"rendered":"<p>Die Ausbildung in der Fachrichtung H\u00f6ren erfolgt in Kooperation mit dem Studienseminar Lehramt f\u00fcr Sonderp\u00e4dagogik\u00a0 in L\u00fcneburg.<\/p>\n<p>FSL <strong>Kirsten J\u00f6rck<\/strong> (Studienseminar Lehramt Sonderp\u00e4dagogik in L\u00fcneburg)<\/p>\n<p>Hier finden Sie die <a href=\"https:\/\/wordpress.nibis.de\/semsopos\/files\/FSP-H\u00f6ren-Themenbereichen-entsprechend-den-Kompetenzbereichen-der-APVO.pdf\" target=\"_blank\" rel=\"noopener noreferrer\">Themenschwerpunkte<\/a> f\u00fcr das Fachseminar H\u00f6ren.<\/p>\n\n\n<p><\/p>\n","protected":false},"excerpt":{"rendered":"<p>Die Ausbildung in der Fachrichtung H\u00f6ren erfolgt in Kooperation mit dem Studienseminar Lehramt f\u00fcr Sonderp\u00e4dagogik\u00a0 in L\u00fcneburg. FSL Kirsten J\u00f6rck (Studienseminar Lehramt Sonderp\u00e4dagogik in L\u00fcneburg) Hier finden Sie die Themenschwerpunkte f\u00fcr das Fachseminar H\u00f6ren.<\/p>\n","protected":false},"author":177,"featured_media":0,"parent":0,"menu_order":0,"comment_status":"closed","ping_status":"closed","template":"","meta":{"footnotes":""},"class_list":["post-950","page","type-page","status-publish","hentry"],"_links":{"self":[{"href":"https:\/\/wordpress.nibis.de\/semsopos\/wp-json\/wp\/v2\/pages\/950","targetHints":{"allow":["GET"]}}],"collection":[{"href":"https:\/\/wordpress.nibis.de\/semsopos\/wp-json\/wp\/v2\/pages"}],"about":[{"href":"https:\/\/wordpress.nibis.de\/semsopos\/wp-json\/wp\/v2\/types\/page"}],"author":[{"embeddable":true,"href":"https:\/\/wordpress.nibis.de\/semsopos\/wp-json\/wp\/v2\/users\/177"}],"replies":[{"embeddable":true,"href":"https:\/\/wordpress.nibis.de\/semsopos\/wp-json\/wp\/v2\/comments?post=950"}],"version-history":[{"count":7,"href":"https:\/\/wordpress.nibis.de\/semsopos\/wp-json\/wp\/v2\/pages\/950\/revisions"}],"predecessor-version":[{"id":4110,"href":"https:\/\/wordpress.nibis.de\/semsopos\/wp-json\/wp\/v2\/pages\/950\/revisions\/4110"}],"wp:attachment":[{"href":"https:\/\/wordpress.nibis.de\/semsopos\/wp-json\/wp\/v2\/media?parent=950"}],"curies":[{"name":"wp","href":"https:\/\/api.w.org\/{rel}","templated":true}]}}